{"id":11686,"date":"2020-03-25T10:12:45","date_gmt":"2020-03-25T14:12:45","guid":{"rendered":"https:\/\/www.cfn-nce.ca\/?page_id=11686"},"modified":"2020-03-25T10:54:24","modified_gmt":"2020-03-25T14:54:24","slug":"conseil-et-comites","status":"publish","type":"page","link":"https:\/\/www.cfn-nce.ca\/fr\/about-us\/conseil-et-comites\/","title":{"rendered":"Conseil et comit\u00e9s"},"content":{"rendered":"<div class=\"wpb-content-wrapper\"><p>[vc_row][vc_column][vc_column_text]<strong>NOTRE STRUCTURE<\/strong><\/p>\n<p>Le R\u00e9seau canadien des soins aux personnes fragilis\u00e9es est un organisme sans but lucratif r\u00e9gi par la <em>Loi canadienne sur les organisations \u00e0 but non lucratif<\/em> (L.C. 2009, ch. 23).<\/p>\n<p>Faisant partie du programme des R\u00e9seaux de centres d\u2019excellence (RCE) du Canada, le R\u00e9seau est dirig\u00e9 par un conseil d\u2019administration \u00e9lu par les membres de l\u2019organisme qui est tenu d\u2019agir conform\u00e9ment aux r\u00e8glements de l\u2019organisme ainsi qu\u2019aux dispositions de l\u2019entente de financement et du guide du programme des RCE. Repr\u00e9sentant les int\u00e9r\u00eats et pr\u00e9occupations des secteurs public, priv\u00e9 et universitaire, les membres du conseil poss\u00e8dent des comp\u00e9tences vari\u00e9es et les aptitudes n\u00e9cessaires pour bien diriger l\u2019organisme.<\/p>\n<p>Pour orienter, g\u00e9rer et surveiller ses recherches et ses divers programmes, le conseil d\u2019administration du R\u00e9seau compte sur son <strong>Comit\u00e9 de gestion de la recherche<\/strong> et ses autres comit\u00e9s consultatifs. La composition des comit\u00e9s refl\u00e8te la nature multisectorielle et multidisciplinaire des programmes et travaux de recherche du R\u00e9seau.[\/vc_column_text][vc_separator color=\u00a0\u00bbwhite\u00a0\u00bb][\/vc_column][\/vc_row][vc_row][vc_column][vc_column_text]<strong>CLIQUEZ SUR LES LIENS CI-DESSOUS POUR EN SAVOIR DAVANTAGE SUR LE CONSEIL ET LES COMIT\u00c9S CONSULTATIFS<\/strong>[\/vc_column_text][\/vc_column][\/vc_row]<\/p>\n<ul>\n<li><a href=\"https:\/\/www.cfn-nce.ca\/fr\/about-us\/conseil-et-comites\/conseil-dadministration\/\"><u>Conseil d\u2019administration<\/u><\/a><\/li>\n<li><a href=\"https:\/\/www.cfn-nce.ca\/fr\/about-us\/conseil-et-comites\/comites-consultatifs-du-reseau\/comite-de-gestion-de-la-recherche\/\"><u>Comit\u00e9 de gestion de la recherche<\/u><\/a><\/li>\n<li><a href=\"https:\/\/www.cfn-nce.ca\/fr\/about-us\/conseil-et-comites\/comites-consultatifs-du-reseau\/comite-dexamen-scientifique\/\"><u>Comit\u00e9 d\u2019examen scientifique<\/u><\/a><\/li>\n<li><a href=\"https:\/\/www.cfn-nce.ca\/fr\/about-us\/conseil-et-comites\/comites-consultatifs-du-reseau\/comite-de-leducation-et-de-la-formation\/\"><u>Comit\u00e9 de l\u2019\u00e9ducation et de la formation<\/u><\/a><\/li>\n<li><a href=\"https:\/\/www.cfn-nce.ca\/fr\/about-us\/conseil-et-comites\/comites-consultatifs-du-reseau\/comite-dapplication-des-connaissances\/\"><u>Comit\u00e9 d\u2019application des connaissances<\/u><\/a><\/li>\n<li><a href=\"https:\/\/www.cfn-nce.ca\/fr\/about-us\/conseil-et-comites\/comites-consultatifs-du-reseau\/comite-de-la-participation-des-citoyens\/\"><u>Comit\u00e9 de la participation des citoyens <\/u><\/a><\/li>\n<li><a href=\"https:\/\/www.cfn-nce.ca\/fr\/about-us\/conseil-et-comites\/comites-consultatifs-du-reseau\/comite-consultatif-scientifique-international\/\"><u>Comit\u00e9 consultatif scientifique international <\/u><\/a><\/li>\n<\/ul>\n<\/div>","protected":false},"excerpt":{"rendered":"<p>[vc_row][vc_column][vc_column_text]NOTRE STRUCTURE Le R\u00e9seau canadien des soins aux personnes fragilis\u00e9es est un organisme sans but lucratif r\u00e9gi par la Loi canadienne sur les organisations \u00e0 but non lucratif (L.C. 2009, ch. 23). Faisant partie du programme des R\u00e9seaux de centres d\u2019excellence (RCE) du Canada, le R\u00e9seau est dirig\u00e9 par un conseil d\u2019administration \u00e9lu par les&#8230;<\/p>\n","protected":false},"author":95,"featured_media":0,"parent":1248,"menu_order":26,"comment_status":"closed","ping_status":"open","template":"","meta":{"_acf_changed":false,"footnotes":""},"acf":[],"_links":{"self":[{"href":"https:\/\/www.cfn-nce.ca\/fr\/wp-json\/wp\/v2\/pages\/11686"}],"collection":[{"href":"https:\/\/www.cfn-nce.ca\/fr\/wp-json\/wp\/v2\/pages"}],"about":[{"href":"https:\/\/www.cfn-nce.ca\/fr\/wp-json\/wp\/v2\/types\/page"}],"author":[{"embeddable":true,"href":"https:\/\/www.cfn-nce.ca\/fr\/wp-json\/wp\/v2\/users\/95"}],"replies":[{"embeddable":true,"href":"https:\/\/www.cfn-nce.ca\/fr\/wp-json\/wp\/v2\/comments?post=11686"}],"version-history":[{"count":5,"href":"https:\/\/www.cfn-nce.ca\/fr\/wp-json\/wp\/v2\/pages\/11686\/revisions"}],"predecessor-version":[{"id":11708,"href":"https:\/\/www.cfn-nce.ca\/fr\/wp-json\/wp\/v2\/pages\/11686\/revisions\/11708"}],"up":[{"embeddable":true,"href":"https:\/\/www.cfn-nce.ca\/fr\/wp-json\/wp\/v2\/pages\/1248"}],"wp:attachment":[{"href":"https:\/\/www.cfn-nce.ca\/fr\/wp-json\/wp\/v2\/media?parent=11686"}],"curies":[{"name":"wp","href":"https:\/\/api.w.org\/{rel}","templated":true}]}}