{"id":11689,"date":"2020-03-25T10:51:07","date_gmt":"2020-03-25T14:51:07","guid":{"rendered":"https:\/\/www.cfn-nce.ca\/?page_id=11689"},"modified":"2020-03-25T10:56:31","modified_gmt":"2020-03-25T14:56:31","slug":"conseil-dadministration","status":"publish","type":"page","link":"https:\/\/www.cfn-nce.ca\/fr\/about-us\/conseil-et-comites\/conseil-dadministration\/","title":{"rendered":"Conseil d\u2019Administration"},"content":{"rendered":"<p>Le conseil d\u2019administration est responsable de la gouvernance du R\u00e9seau; il s\u2019agit d\u2019un groupe de travail dynamique qui fournit leadership et vision strat\u00e9gique \u00e0 l\u2019organisme. Repr\u00e9sentant les int\u00e9r\u00eats et pr\u00e9occupations des secteurs public, priv\u00e9 et universitaire, les membres du conseil poss\u00e8dent des comp\u00e9tences vari\u00e9es et les aptitudes n\u00e9cessaires pour bien diriger l\u2019organisme.<\/p>\n<p>Les membres peuvent aussi si\u00e9ger \u00e0 l\u2019un des trois comit\u00e9s consultatifs qui rel\u00e8vent du Conseil\u00a0:<\/p>\n<p>Le Comit\u00e9 ex\u00e9cutif offre aux administrateurs ses conseils en mati\u00e8re de gestion, en plus d\u2019\u00eatre responsable de superviser g\u00e9n\u00e9ralement l\u2019organisme et de fournir une orientation au personnel entre les r\u00e9unions du conseil. Les membres sont\u00a0: <u>Russell Williams<\/u> (pr\u00e9sident), <u>Brian Gray, Tom Noseworthy, John Muscedere et Carol Barrie.<\/u><\/p>\n<p>Le Comit\u00e9 de la v\u00e9rification et des finances fournit ses conseils en mati\u00e8re de gestion financi\u00e8re et de v\u00e9rification, \u00e9tant responsable de la saine gestion financi\u00e8re de l\u2019organisme ainsi que de la reddition de comptes vis-\u00e0-vis du conseil. Les membres sont\u00a0: <u>Deborah Thorlakson<\/u> (pr\u00e9sidente), <u>David Finnbogason, John Muscedere et Carol Barrie.<\/u><\/p>\n<p>Le Comit\u00e9 des candidatures offre ses conseils aux administrateurs en ce qui concerne les besoins en recrutement et la d\u00e9marche de nomination au conseil, et recommande des candidats. Les membres sont\u00a0: <u>Deborah Thorlakson<\/u> (pr\u00e9sidente), <u>Fred Horne, Joyce Resin, John Muscedere et Carol Barrie.<\/u><\/p>\n","protected":false},"excerpt":{"rendered":"<p>Le conseil d\u2019administration est responsable de la gouvernance du R\u00e9seau; il s\u2019agit d\u2019un groupe de travail dynamique qui fournit leadership et vision strat\u00e9gique \u00e0 l\u2019organisme. Repr\u00e9sentant les int\u00e9r\u00eats et pr\u00e9occupations des secteurs public, priv\u00e9 et universitaire, les membres du conseil poss\u00e8dent des comp\u00e9tences vari\u00e9es et les aptitudes n\u00e9cessaires pour bien diriger l\u2019organisme. Les membres peuvent&#8230;<\/p>\n","protected":false},"author":95,"featured_media":0,"parent":11686,"menu_order":26,"comment_status":"closed","ping_status":"open","template":"","meta":{"_acf_changed":false,"footnotes":""},"acf":[],"_links":{"self":[{"href":"https:\/\/www.cfn-nce.ca\/fr\/wp-json\/wp\/v2\/pages\/11689"}],"collection":[{"href":"https:\/\/www.cfn-nce.ca\/fr\/wp-json\/wp\/v2\/pages"}],"about":[{"href":"https:\/\/www.cfn-nce.ca\/fr\/wp-json\/wp\/v2\/types\/page"}],"author":[{"embeddable":true,"href":"https:\/\/www.cfn-nce.ca\/fr\/wp-json\/wp\/v2\/users\/95"}],"replies":[{"embeddable":true,"href":"https:\/\/www.cfn-nce.ca\/fr\/wp-json\/wp\/v2\/comments?post=11689"}],"version-history":[{"count":1,"href":"https:\/\/www.cfn-nce.ca\/fr\/wp-json\/wp\/v2\/pages\/11689\/revisions"}],"predecessor-version":[{"id":11690,"href":"https:\/\/www.cfn-nce.ca\/fr\/wp-json\/wp\/v2\/pages\/11689\/revisions\/11690"}],"up":[{"embeddable":true,"href":"https:\/\/www.cfn-nce.ca\/fr\/wp-json\/wp\/v2\/pages\/11686"}],"wp:attachment":[{"href":"https:\/\/www.cfn-nce.ca\/fr\/wp-json\/wp\/v2\/media?parent=11689"}],"curies":[{"name":"wp","href":"https:\/\/api.w.org\/{rel}","templated":true}]}}