{"id":11695,"date":"2020-03-25T10:46:47","date_gmt":"2020-03-25T14:46:47","guid":{"rendered":"https:\/\/www.cfn-nce.ca\/?page_id=11695"},"modified":"2020-03-25T10:59:23","modified_gmt":"2020-03-25T14:59:23","slug":"comite-de-gestion-de-la-recherche","status":"publish","type":"page","link":"https:\/\/www.cfn-nce.ca\/fr\/about-us\/conseil-et-comites\/comites-consultatifs-du-reseau\/comite-de-gestion-de-la-recherche\/","title":{"rendered":"Comit\u00e9 de gestion de la recherche"},"content":{"rendered":"<p><u>Comit\u00e9 de gestion de la recherche<\/u><\/p>\n<p>Pour orienter, g\u00e9rer et surveiller ses recherches et ses divers programmes, le conseil d\u2019administration compte sur les conseils du Comit\u00e9 de gestion de la recherche. Le Comit\u00e9 est pr\u00e9sid\u00e9 par le directeur scientifique (<u>John Muscedere<\/u>), lequel rel\u00e8ve du conseil d\u2019administration. La composition du Comit\u00e9 refl\u00e8te la nature multisectorielle et multidisciplinaire de la recherche r\u00e9alis\u00e9e au R\u00e9seau; les directeurs des quatre volets de recherche y si\u00e8gent, en plus des pr\u00e9sidents des comit\u00e9s responsables de l\u2019examen scientifique, de l\u2019application des connaissances, et de l\u2019\u00e9ducation et de la formation.<\/p>\n","protected":false},"excerpt":{"rendered":"<p>Comit\u00e9 de gestion de la recherche Pour orienter, g\u00e9rer et surveiller ses recherches et ses divers programmes, le conseil d\u2019administration compte sur les conseils du Comit\u00e9 de gestion de la recherche. Le Comit\u00e9 est pr\u00e9sid\u00e9 par le directeur scientifique (John Muscedere), lequel rel\u00e8ve du conseil d\u2019administration. La composition du Comit\u00e9 refl\u00e8te la nature multisectorielle et&#8230;<\/p>\n","protected":false},"author":95,"featured_media":0,"parent":11688,"menu_order":6,"comment_status":"closed","ping_status":"closed","template":"","meta":{"_acf_changed":false,"footnotes":""},"acf":[],"_links":{"self":[{"href":"https:\/\/www.cfn-nce.ca\/fr\/wp-json\/wp\/v2\/pages\/11695"}],"collection":[{"href":"https:\/\/www.cfn-nce.ca\/fr\/wp-json\/wp\/v2\/pages"}],"about":[{"href":"https:\/\/www.cfn-nce.ca\/fr\/wp-json\/wp\/v2\/types\/page"}],"author":[{"embeddable":true,"href":"https:\/\/www.cfn-nce.ca\/fr\/wp-json\/wp\/v2\/users\/95"}],"replies":[{"embeddable":true,"href":"https:\/\/www.cfn-nce.ca\/fr\/wp-json\/wp\/v2\/comments?post=11695"}],"version-history":[{"count":2,"href":"https:\/\/www.cfn-nce.ca\/fr\/wp-json\/wp\/v2\/pages\/11695\/revisions"}],"predecessor-version":[{"id":11711,"href":"https:\/\/www.cfn-nce.ca\/fr\/wp-json\/wp\/v2\/pages\/11695\/revisions\/11711"}],"up":[{"embeddable":true,"href":"https:\/\/www.cfn-nce.ca\/fr\/wp-json\/wp\/v2\/pages\/11688"}],"wp:attachment":[{"href":"https:\/\/www.cfn-nce.ca\/fr\/wp-json\/wp\/v2\/media?parent=11695"}],"curies":[{"name":"wp","href":"https:\/\/api.w.org\/{rel}","templated":true}]}}