{"id":11696,"date":"2020-03-25T10:46:50","date_gmt":"2020-03-25T14:46:50","guid":{"rendered":"https:\/\/www.cfn-nce.ca\/?page_id=11696"},"modified":"2020-03-25T11:01:45","modified_gmt":"2020-03-25T15:01:45","slug":"comite-dexamen-scientifique","status":"publish","type":"page","link":"https:\/\/www.cfn-nce.ca\/fr\/about-us\/conseil-et-comites\/comites-consultatifs-du-reseau\/comite-dexamen-scientifique\/","title":{"rendered":"Comit\u00e9 d\u2019examen scientifique"},"content":{"rendered":"<p><u>Comit\u00e9 d\u2019examen scientifique<\/u><\/p>\n<p>Le Comit\u00e9 de gestion de la recherche compte sur son Comit\u00e9 d\u2019examen scientifique pour le conseiller en mati\u00e8re de d\u00e9marche d\u2019examen scientifique, pour r\u00e9aliser l\u2019\u00e9tude des propositions de recherche et pour lui offrir de la r\u00e9troaction sur les propositions.<\/p>\n<p>Le pr\u00e9sident est redevable, au nom du Comit\u00e9 d\u2019examen scientifique, au Comit\u00e9 de gestion de la recherche, auquel il si\u00e8ge \u00e9galement.<\/p>\n<p>La composition du Comit\u00e9 refl\u00e8te sa nature multisectorielle et multidisciplinaire, ses membres poss\u00e9dant de l\u2019expertise en m\u00e9thodologies tant qualitatives que quantitatives.<\/p>\n","protected":false},"excerpt":{"rendered":"<p>Comit\u00e9 d\u2019examen scientifique Le Comit\u00e9 de gestion de la recherche compte sur son Comit\u00e9 d\u2019examen scientifique pour le conseiller en mati\u00e8re de d\u00e9marche d\u2019examen scientifique, pour r\u00e9aliser l\u2019\u00e9tude des propositions de recherche et pour lui offrir de la r\u00e9troaction sur les propositions. Le pr\u00e9sident est redevable, au nom du Comit\u00e9 d\u2019examen scientifique, au Comit\u00e9 de&#8230;<\/p>\n","protected":false},"author":95,"featured_media":0,"parent":11688,"menu_order":11,"comment_status":"closed","ping_status":"closed","template":"","meta":{"_acf_changed":false,"footnotes":""},"acf":[],"_links":{"self":[{"href":"https:\/\/www.cfn-nce.ca\/fr\/wp-json\/wp\/v2\/pages\/11696"}],"collection":[{"href":"https:\/\/www.cfn-nce.ca\/fr\/wp-json\/wp\/v2\/pages"}],"about":[{"href":"https:\/\/www.cfn-nce.ca\/fr\/wp-json\/wp\/v2\/types\/page"}],"author":[{"embeddable":true,"href":"https:\/\/www.cfn-nce.ca\/fr\/wp-json\/wp\/v2\/users\/95"}],"replies":[{"embeddable":true,"href":"https:\/\/www.cfn-nce.ca\/fr\/wp-json\/wp\/v2\/comments?post=11696"}],"version-history":[{"count":2,"href":"https:\/\/www.cfn-nce.ca\/fr\/wp-json\/wp\/v2\/pages\/11696\/revisions"}],"predecessor-version":[{"id":11713,"href":"https:\/\/www.cfn-nce.ca\/fr\/wp-json\/wp\/v2\/pages\/11696\/revisions\/11713"}],"up":[{"embeddable":true,"href":"https:\/\/www.cfn-nce.ca\/fr\/wp-json\/wp\/v2\/pages\/11688"}],"wp:attachment":[{"href":"https:\/\/www.cfn-nce.ca\/fr\/wp-json\/wp\/v2\/media?parent=11696"}],"curies":[{"name":"wp","href":"https:\/\/api.w.org\/{rel}","templated":true}]}}