{"id":11697,"date":"2020-03-25T10:46:54","date_gmt":"2020-03-25T14:46:54","guid":{"rendered":"https:\/\/www.cfn-nce.ca\/?page_id=11697"},"modified":"2020-03-25T11:01:52","modified_gmt":"2020-03-25T15:01:52","slug":"comite-de-leducation-et-de-la-formation","status":"publish","type":"page","link":"https:\/\/www.cfn-nce.ca\/fr\/about-us\/conseil-et-comites\/comites-consultatifs-du-reseau\/comite-de-leducation-et-de-la-formation\/","title":{"rendered":"Comit\u00e9 de l\u2019\u00e9ducation et de la formation"},"content":{"rendered":"<p><u>Comit\u00e9 de l\u2019\u00e9ducation et de la formation<\/u><\/p>\n<p>Relevant du conseil d\u2019administration par le truchement du directeur scientifique, le Comit\u00e9 de l\u2019\u00e9ducation et de la formation offre ses conseils en ce qui concerne l\u2019\u00e9laboration et la mise en \u0153uvre d\u2019une strat\u00e9gie de recrutement et de formation de personnel hautement qualifi\u00e9 (PHQ). Le pr\u00e9sident du Comit\u00e9 si\u00e8ge \u00e9galement au Comit\u00e9 de gestion de la recherche.<\/p>\n","protected":false},"excerpt":{"rendered":"<p>Comit\u00e9 de l\u2019\u00e9ducation et de la formation Relevant du conseil d\u2019administration par le truchement du directeur scientifique, le Comit\u00e9 de l\u2019\u00e9ducation et de la formation offre ses conseils en ce qui concerne l\u2019\u00e9laboration et la mise en \u0153uvre d\u2019une strat\u00e9gie de recrutement et de formation de personnel hautement qualifi\u00e9 (PHQ). Le pr\u00e9sident du Comit\u00e9 si\u00e8ge&#8230;<\/p>\n","protected":false},"author":95,"featured_media":0,"parent":11688,"menu_order":12,"comment_status":"closed","ping_status":"closed","template":"","meta":{"_acf_changed":false,"footnotes":""},"acf":[],"_links":{"self":[{"href":"https:\/\/www.cfn-nce.ca\/fr\/wp-json\/wp\/v2\/pages\/11697"}],"collection":[{"href":"https:\/\/www.cfn-nce.ca\/fr\/wp-json\/wp\/v2\/pages"}],"about":[{"href":"https:\/\/www.cfn-nce.ca\/fr\/wp-json\/wp\/v2\/types\/page"}],"author":[{"embeddable":true,"href":"https:\/\/www.cfn-nce.ca\/fr\/wp-json\/wp\/v2\/users\/95"}],"replies":[{"embeddable":true,"href":"https:\/\/www.cfn-nce.ca\/fr\/wp-json\/wp\/v2\/comments?post=11697"}],"version-history":[{"count":2,"href":"https:\/\/www.cfn-nce.ca\/fr\/wp-json\/wp\/v2\/pages\/11697\/revisions"}],"predecessor-version":[{"id":11714,"href":"https:\/\/www.cfn-nce.ca\/fr\/wp-json\/wp\/v2\/pages\/11697\/revisions\/11714"}],"up":[{"embeddable":true,"href":"https:\/\/www.cfn-nce.ca\/fr\/wp-json\/wp\/v2\/pages\/11688"}],"wp:attachment":[{"href":"https:\/\/www.cfn-nce.ca\/fr\/wp-json\/wp\/v2\/media?parent=11697"}],"curies":[{"name":"wp","href":"https:\/\/api.w.org\/{rel}","templated":true}]}}