{"id":11698,"date":"2020-03-25T10:46:57","date_gmt":"2020-03-25T14:46:57","guid":{"rendered":"https:\/\/www.cfn-nce.ca\/?page_id=11698"},"modified":"2020-03-25T11:01:59","modified_gmt":"2020-03-25T15:01:59","slug":"comite-dapplication-des-connaissances","status":"publish","type":"page","link":"https:\/\/www.cfn-nce.ca\/fr\/about-us\/conseil-et-comites\/comites-consultatifs-du-reseau\/comite-dapplication-des-connaissances\/","title":{"rendered":"Comit\u00e9 d\u2019application des connaissances"},"content":{"rendered":"<p><u>Comit\u00e9 d\u2019application des connaissances<\/u><\/p>\n<p>Le Comit\u00e9 d\u2019application des connaissances se rapporte au conseil d\u2019administration par le truchement du directeur scientifique; il offre des conseils en mati\u00e8re d\u2019\u00e9laboration, de mise en \u0153uvre et d\u2019\u00e9volution des activit\u00e9s d\u2019application des connaissances au sein du R\u00e9seau. Le pr\u00e9sident du Comit\u00e9 si\u00e8ge \u00e9galement au Comit\u00e9 de gestion de la recherche.<\/p>\n","protected":false},"excerpt":{"rendered":"<p>Comit\u00e9 d\u2019application des connaissances Le Comit\u00e9 d\u2019application des connaissances se rapporte au conseil d\u2019administration par le truchement du directeur scientifique; il offre des conseils en mati\u00e8re d\u2019\u00e9laboration, de mise en \u0153uvre et d\u2019\u00e9volution des activit\u00e9s d\u2019application des connaissances au sein du R\u00e9seau. Le pr\u00e9sident du Comit\u00e9 si\u00e8ge \u00e9galement au Comit\u00e9 de gestion de la recherche.<\/p>\n","protected":false},"author":95,"featured_media":0,"parent":11688,"menu_order":13,"comment_status":"closed","ping_status":"closed","template":"","meta":{"_acf_changed":false,"footnotes":""},"acf":[],"_links":{"self":[{"href":"https:\/\/www.cfn-nce.ca\/fr\/wp-json\/wp\/v2\/pages\/11698"}],"collection":[{"href":"https:\/\/www.cfn-nce.ca\/fr\/wp-json\/wp\/v2\/pages"}],"about":[{"href":"https:\/\/www.cfn-nce.ca\/fr\/wp-json\/wp\/v2\/types\/page"}],"author":[{"embeddable":true,"href":"https:\/\/www.cfn-nce.ca\/fr\/wp-json\/wp\/v2\/users\/95"}],"replies":[{"embeddable":true,"href":"https:\/\/www.cfn-nce.ca\/fr\/wp-json\/wp\/v2\/comments?post=11698"}],"version-history":[{"count":2,"href":"https:\/\/www.cfn-nce.ca\/fr\/wp-json\/wp\/v2\/pages\/11698\/revisions"}],"predecessor-version":[{"id":11715,"href":"https:\/\/www.cfn-nce.ca\/fr\/wp-json\/wp\/v2\/pages\/11698\/revisions\/11715"}],"up":[{"embeddable":true,"href":"https:\/\/www.cfn-nce.ca\/fr\/wp-json\/wp\/v2\/pages\/11688"}],"wp:attachment":[{"href":"https:\/\/www.cfn-nce.ca\/fr\/wp-json\/wp\/v2\/media?parent=11698"}],"curies":[{"name":"wp","href":"https:\/\/api.w.org\/{rel}","templated":true}]}}