{"id":11700,"date":"2020-03-25T10:47:03","date_gmt":"2020-03-25T14:47:03","guid":{"rendered":"https:\/\/www.cfn-nce.ca\/?page_id=11700"},"modified":"2020-03-25T11:02:11","modified_gmt":"2020-03-25T15:02:11","slug":"comite-consultatif-scientifique-international","status":"publish","type":"page","link":"https:\/\/www.cfn-nce.ca\/fr\/about-us\/conseil-et-comites\/comites-consultatifs-du-reseau\/comite-consultatif-scientifique-international\/","title":{"rendered":"Comit\u00e9 consultatif scientifique international"},"content":{"rendered":"<p><u>Comit\u00e9 consultatif scientifique international <\/u><\/p>\n<p>Le programme des R\u00e9seaux des centres d\u2019excellence (RCE) du Canada a pour objectif de rehausser la visibilit\u00e9 internationale du Canada et sa r\u00e9putation en tant que chef de file par le truchement de travaux concurrentiels de recherche multidisciplinaire de pointe d\u2019envergure mondiale dans des domaines essentiels \u00e0 la croissance \u00e9conomique et sociale du Canada, et en renfor\u00e7ant sa capacit\u00e9 de mobiliser des chercheurs et de r\u00e9aliser de la recherche de classe mondiale dans des domaines d\u00e9terminants pour la productivit\u00e9 et la croissance \u00e9conomique au Canada.<\/p>\n<p>Le Comit\u00e9 consultatif scientifique international est un groupe de chercheurs et d\u2019experts de la sant\u00e9 de partout dans le monde qui collaborent avec le R\u00e9seau afin d\u2019assurer que les activit\u00e9s contribuent \u00e0 l\u2019atteinte des objectifs.<\/p>\n<p>Le Comit\u00e9 a le mandat d\u2019offrir des conseils au directeur scientifique et chef de la direction, ainsi qu\u2019au conseil d\u2019administration, sur la pertinence et la qualit\u00e9 de la science utilis\u00e9e au sein du R\u00e9seau, et sur des collaborations et partenariats internationaux potentiels.<\/p>\n","protected":false},"excerpt":{"rendered":"<p>Comit\u00e9 consultatif scientifique international Le programme des R\u00e9seaux des centres d\u2019excellence (RCE) du Canada a pour objectif de rehausser la visibilit\u00e9 internationale du Canada et sa r\u00e9putation en tant que chef de file par le truchement de travaux concurrentiels de recherche multidisciplinaire de pointe d\u2019envergure mondiale dans des domaines essentiels \u00e0 la croissance \u00e9conomique et&#8230;<\/p>\n","protected":false},"author":95,"featured_media":0,"parent":11688,"menu_order":16,"comment_status":"closed","ping_status":"closed","template":"","meta":{"_acf_changed":false,"footnotes":""},"acf":[],"_links":{"self":[{"href":"https:\/\/www.cfn-nce.ca\/fr\/wp-json\/wp\/v2\/pages\/11700"}],"collection":[{"href":"https:\/\/www.cfn-nce.ca\/fr\/wp-json\/wp\/v2\/pages"}],"about":[{"href":"https:\/\/www.cfn-nce.ca\/fr\/wp-json\/wp\/v2\/types\/page"}],"author":[{"embeddable":true,"href":"https:\/\/www.cfn-nce.ca\/fr\/wp-json\/wp\/v2\/users\/95"}],"replies":[{"embeddable":true,"href":"https:\/\/www.cfn-nce.ca\/fr\/wp-json\/wp\/v2\/comments?post=11700"}],"version-history":[{"count":2,"href":"https:\/\/www.cfn-nce.ca\/fr\/wp-json\/wp\/v2\/pages\/11700\/revisions"}],"predecessor-version":[{"id":11717,"href":"https:\/\/www.cfn-nce.ca\/fr\/wp-json\/wp\/v2\/pages\/11700\/revisions\/11717"}],"up":[{"embeddable":true,"href":"https:\/\/www.cfn-nce.ca\/fr\/wp-json\/wp\/v2\/pages\/11688"}],"wp:attachment":[{"href":"https:\/\/www.cfn-nce.ca\/fr\/wp-json\/wp\/v2\/media?parent=11700"}],"curies":[{"name":"wp","href":"https:\/\/api.w.org\/{rel}","templated":true}]}}