{"id":11746,"date":"2020-03-25T16:02:11","date_gmt":"2020-03-25T20:02:11","guid":{"rendered":"https:\/\/www.cfn-nce.ca\/?page_id=11746"},"modified":"2020-07-21T13:52:26","modified_gmt":"2020-07-21T17:52:26","slug":"verifier-ses-medicaments","status":"publish","type":"page","link":"https:\/\/www.cfn-nce.ca\/fr\/quest-ce-que-la-fragilite\/preventing-and-treating-frailty\/verifier-ses-medicaments\/","title":{"rendered":"V\u00e9rifier ses m\u00e9dicaments"},"content":{"rendered":"<div class=\"wpb-content-wrapper\"><p>[vc_row][vc_column width=\u00a0\u00bb1\/4&Prime;][vc_single_image image=\u00a0\u00bb10903&Prime; img_size=\u00a0\u00bbfull\u00a0\u00bb alignment=\u00a0\u00bbcenter\u00a0\u00bb][\/vc_column][vc_column width=\u00a0\u00bb3\/4&Prime;][vc_cta h2=\u00a0\u00bb\u00a0\u00bb]Chez les Canadiens de 65 ans et plus\u00a0:<\/p>\n<ul>\n<li><strong>2 sur 3<\/strong> prennent au moins <strong>5\u00a0m\u00e9dicaments diff\u00e9rents<\/strong><\/li>\n<li><strong>1 sur 4<\/strong> prennent au moins <strong>10\u00a0m\u00e9dicaments diff\u00e9rents<\/strong><\/li>\n<\/ul>\n<p>[\/vc_cta][\/vc_column][\/vc_row][vc_row][vc_column][vc_separator color=\u00a0\u00bbwhite\u00a0\u00bb][\/vc_column][\/vc_row][vc_row][vc_column][vc_column_text]<strong>Les m\u00e9dicaments et la fragilisation\u00a0: que savons-nous?<\/strong><\/p>\n<p>Plus le nombre de m\u00e9dicaments est \u00e9lev\u00e9, plus il y a risque d\u2019effets nuisibles, d\u2019interactions m\u00e9dicamenteuses et d\u2019hospitalisation.<\/p>\n<p>Parfois, les m\u00e9dicaments\u00a0\u2013 dont ceux par ordonnance et ceux en vente libre, ainsi que les vitamines et les suppl\u00e9ments\u00a0\u2013 peuvent interagir de fa\u00e7on nuisible les uns avec les autres. Or, ces interactions peuvent entra\u00eener de la confusion, une mauvaise absorption des nutriments, et des \u00e9tourdissements susceptibles de causer des chutes.[\/vc_column_text][\/vc_column][\/vc_row][vc_row][vc_column width=\u00a0\u00bb1\/2&Prime;][vc_separator color=\u00a0\u00bbwhite\u00a0\u00bb][vc_separator color=\u00a0\u00bbwhite\u00a0\u00bb][vc_column_text]<strong>Effets nuisibles pouvant \u00eatre associ\u00e9s \u00e0 la prise de m\u00e9dicaments multiples\u00a0:<\/strong><\/p>\n<ul>\n<li>Confusion<\/li>\n<li><u>Malnutrition<\/u><\/li>\n<li><u>Chutes<\/u><\/li>\n<\/ul>\n<p>Quelles qu\u2019en soient les raisons, les pharmacoth\u00e9rapies multiples entra\u00eenent un risque plus \u00e9lev\u00e9 d\u2019effets nuisibles.[\/vc_column_text][\/vc_column][vc_column width=\u00a0\u00bb1\/2&Prime;][vc_single_image image=\u00a0\u00bb10905&Prime; img_size=\u00a0\u00bbfull\u00a0\u00bb alignment=\u00a0\u00bbcenter\u00a0\u00bb][\/vc_column][\/vc_row][vc_row][vc_column width=\u00a0\u00bb1\/2&Prime;][vc_column_text]<strong>Discutez de vos m\u00e9dicaments avec votre m\u00e9decin\u00a0:<\/strong><\/p>\n<ul>\n<li>Quels changements ont \u00e9t\u00e9 apport\u00e9s \u00e0 vos th\u00e9rapies m\u00e9dicamenteuses?<\/li>\n<li>\u00c0 quoi servent les m\u00e9dicaments que vous prenez actuellement?<\/li>\n<li>Quelle est la fa\u00e7on appropri\u00e9e de prendre vos m\u00e9dicaments?<\/li>\n<li>Quels sont les effets secondaires possibles?<\/li>\n<li>Comment saurez-vous si vos m\u00e9dicaments fonctionnent?<\/li>\n<li>Assurez-vous de faire les suivis n\u00e9cessaires avec votre m\u00e9decin en ce qui concerne vos prochains tests et rendez-vous.<\/li>\n<\/ul>\n<p>[\/vc_column_text][\/vc_column][vc_column width=\u00a0\u00bb1\/2&Prime;][vc_separator color=\u00a0\u00bbwhite\u00a0\u00bb][vc_separator color=\u00a0\u00bbwhite\u00a0\u00bb][vc_single_image image=\u00a0\u00bb10907&Prime; img_size=\u00a0\u00bbfull\u00a0\u00bb alignment=\u00a0\u00bbcenter\u00a0\u00bb][\/vc_column][\/vc_row][vc_row][vc_column width=\u00a0\u00bb1\/4&Prime;][vc_single_image image=\u00a0\u00bb10909&Prime; img_size=\u00a0\u00bbfull\u00a0\u00bb alignment=\u00a0\u00bbcenter\u00a0\u00bb][\/vc_column][vc_column width=\u00a0\u00bb1\/4&Prime;][vc_single_image image=\u00a0\u00bb10911&Prime; img_size=\u00a0\u00bbfull\u00a0\u00bb alignment=\u00a0\u00bbcenter\u00a0\u00bb][\/vc_column][vc_column width=\u00a0\u00bb1\/4&Prime;][vc_single_image image=\u00a0\u00bb10913&Prime; img_size=\u00a0\u00bbfull\u00a0\u00bb alignment=\u00a0\u00bbcenter\u00a0\u00bb][\/vc_column][vc_column width=\u00a0\u00bb1\/4&Prime;][vc_single_image image=\u00a0\u00bb10915&Prime; img_size=\u00a0\u00bbfull\u00a0\u00bb alignment=\u00a0\u00bbcenter\u00a0\u00bb][\/vc_column][\/vc_row][vc_row][vc_column width=\u00a0\u00bb1\/4&Prime;][vc_single_image image=\u00a0\u00bb10773&Prime; img_size=\u00a0\u00bbfull\u00a0\u00bb alignment=\u00a0\u00bbcenter\u00a0\u00bb][\/vc_column][vc_column width=\u00a0\u00bb3\/4&Prime;][vc_cta h2=\u00a0\u00bb\u00a0\u00bb]<strong>Conseil\u00a0:<\/strong> Les personnes \u00e2g\u00e9es qui prennent des m\u00e9dicaments multiples devraient demander \u00e0 leur professionnel de la sant\u00e9 ou leur pharmacien de r\u00e9viser leurs pharmacoth\u00e9rapies chaque ann\u00e9e afin d\u2019assurer qu\u2019elles conviennent toujours en fonction de leur stade de vie et qu\u2019elles ne pr\u00e9sentent pas de risque d\u2019interactions nuisibles.<\/p>\n<p>Ceci comprend tous les m\u00e9dicaments d\u2019ordonnance et en vente libre ainsi que les vitamines et suppl\u00e9ments.[\/vc_cta][\/vc_column][\/vc_row][vc_row][vc_column][vc_separator color=\u00a0\u00bbwhite\u00a0\u00bb][\/vc_column][\/vc_row][vc_row][vc_column][vc_column_text]N\u2019oubliez pas de garder \u00e0 jour votre dossier de m\u00e9dicaments (ISMP Canada).[\/vc_column_text][\/vc_column][\/vc_row]<\/p>\n<\/div>","protected":false},"excerpt":{"rendered":"<p>[vc_row][vc_column width=\u00a0\u00bb1\/4&Prime;][vc_single_image image=\u00a0\u00bb10903&Prime; img_size=\u00a0\u00bbfull\u00a0\u00bb alignment=\u00a0\u00bbcenter\u00a0\u00bb][\/vc_column][vc_column width=\u00a0\u00bb3\/4&Prime;][vc_cta h2=\u00a0\u00bb\u00a0\u00bb]Chez les Canadiens de 65 ans et plus\u00a0: 2 sur 3 prennent au moins 5\u00a0m\u00e9dicaments diff\u00e9rents 1 sur 4 prennent au moins 10\u00a0m\u00e9dicaments diff\u00e9rents [\/vc_cta][\/vc_column][\/vc_row][vc_row][vc_column][vc_separator color=\u00a0\u00bbwhite\u00a0\u00bb][\/vc_column][\/vc_row][vc_row][vc_column][vc_column_text]Les m\u00e9dicaments et la fragilisation\u00a0: que savons-nous? Plus le nombre de m\u00e9dicaments est \u00e9lev\u00e9, plus il y a risque d\u2019effets nuisibles, d\u2019interactions m\u00e9dicamenteuses et&#8230;<\/p>\n","protected":false},"author":95,"featured_media":0,"parent":1272,"menu_order":15,"comment_status":"closed","ping_status":"closed","template":"","meta":{"_acf_changed":false,"footnotes":""},"acf":[],"_links":{"self":[{"href":"https:\/\/www.cfn-nce.ca\/fr\/wp-json\/wp\/v2\/pages\/11746"}],"collection":[{"href":"https:\/\/www.cfn-nce.ca\/fr\/wp-json\/wp\/v2\/pages"}],"about":[{"href":"https:\/\/www.cfn-nce.ca\/fr\/wp-json\/wp\/v2\/types\/page"}],"author":[{"embeddable":true,"href":"https:\/\/www.cfn-nce.ca\/fr\/wp-json\/wp\/v2\/users\/95"}],"replies":[{"embeddable":true,"href":"https:\/\/www.cfn-nce.ca\/fr\/wp-json\/wp\/v2\/comments?post=11746"}],"version-history":[{"count":3,"href":"https:\/\/www.cfn-nce.ca\/fr\/wp-json\/wp\/v2\/pages\/11746\/revisions"}],"predecessor-version":[{"id":11867,"href":"https:\/\/www.cfn-nce.ca\/fr\/wp-json\/wp\/v2\/pages\/11746\/revisions\/11867"}],"up":[{"embeddable":true,"href":"https:\/\/www.cfn-nce.ca\/fr\/wp-json\/wp\/v2\/pages\/1272"}],"wp:attachment":[{"href":"https:\/\/www.cfn-nce.ca\/fr\/wp-json\/wp\/v2\/media?parent=11746"}],"curies":[{"name":"wp","href":"https:\/\/api.w.org\/{rel}","templated":true}]}}