{"id":11747,"date":"2020-03-25T16:02:45","date_gmt":"2020-03-25T20:02:45","guid":{"rendered":"https:\/\/www.cfn-nce.ca\/?page_id=11747"},"modified":"2020-11-13T15:09:51","modified_gmt":"2020-11-13T20:09:51","slug":"immuniser","status":"publish","type":"page","link":"https:\/\/www.cfn-nce.ca\/fr\/quest-ce-que-la-fragilite\/preventing-and-treating-frailty\/immuniser\/","title":{"rendered":"Immuniser"},"content":{"rendered":"<div class=\"wpb-content-wrapper\"><p>[vc_row][vc_column width=\u00a0\u00bb1\/4&Prime;][vc_single_image image=\u00a0\u00bb10880&Prime; img_size=\u00a0\u00bbfull\u00a0\u00bb alignment=\u00a0\u00bbcenter\u00a0\u00bb][\/vc_column][vc_column width=\u00a0\u00bb3\/4&Prime;][vc_cta h2=\u00a0\u00bb\u00a0\u00bb]Les vaccins aident \u00e0 sauver des vies en pr\u00e9venant la transmission de maladies infectieuses. Et ils font encore plus! Ils contribuent \u00e0 r\u00e9duire le risque de devenir <u>fragilis\u00e9<\/u>.[\/vc_cta][\/vc_column][\/vc_row][vc_row][vc_column][vc_column_text]<strong>Les vaccins et la fragilisation\u00a0: que savons-nous?<\/strong><\/p>\n<p>Avec l\u2019\u00e2ge, notre capacit\u00e9 de nous remettre de facteurs de stress sur la sant\u00e9 diminue. Un probl\u00e8me de sant\u00e9 mineur, comme une <u>chute<\/u>, peut d\u00e9clencher une spirale vers le bas qui peut mener \u00e0 la fragilisation. Pourquoi les vaccins sont-ils importants? C\u2019est que, chez les personnes \u00e2g\u00e9es et fragilis\u00e9es, les maladies infectieuses sont plus susceptibles d\u2019entra\u00eener de mauvais r\u00e9sultats de sant\u00e9.<\/p>\n<p>En effet, les risques sont\u00a0:<\/p>\n<ul>\n<li>une hospitalisation;<\/li>\n<li>la n\u00e9cessit\u00e9 de rester alit\u00e9 plus longtemps;<\/li>\n<li>des probl\u00e8mes cardiovasculaires;<\/li>\n<li>le d\u00e9c\u00e8s.<\/li>\n<\/ul>\n<p>[\/vc_column_text][vc_separator color=\u00a0\u00bbwhite\u00a0\u00bb][vc_column_text]<\/p>\n<p id=\"tw-target-text\" class=\"tw-data-text tw-text-large XcVN5d tw-ta\" dir=\"ltr\" style=\"text-align: center;\" data-placeholder=\"Translation\"><a href=\"https:\/\/www.cfn-nce.ca\/wp-content\/uploads\/2020\/11\/CFN-Vaccination-FAQ-French.pdf\" target=\"_blank\" rel=\"noopener\"><span lang=\"fr\">T\u00e9l\u00e9charger:\u00a0<\/span><span class=\"JsGRdQ\">Foire aux questions <\/span><span class=\"JsGRdQ\">sur la vaccination<\/span><\/a><\/p>\n<p>[\/vc_column_text][vc_single_image image=\u00a0\u00bb13556&Prime; img_size=\u00a0\u00bbmedium\u00a0\u00bb alignment=\u00a0\u00bbcenter\u00a0\u00bb onclick=\u00a0\u00bbcustom_link\u00a0\u00bb link=\u00a0\u00bbhttps:\/\/www.cfn-nce.ca\/wp-content\/uploads\/2020\/11\/CFN-Vaccination-FAQ-French.pdf\u00a0\u00bb][\/vc_column][\/vc_row][vc_row][vc_column width=\u00a0\u00bb1\/2&Prime;][vc_separator color=\u00a0\u00bbwhite\u00a0\u00bb][vc_column_text]Les vaccins peuvent emp\u00eacher de contracter des maladies comme la grippe, le zona, la pneumonie, et bien d\u2019autres encore. Il a \u00e9t\u00e9 scientifiquement prouv\u00e9 que les vaccins r\u00e9duisent le risque de d\u00e9velopper des maladies.<\/p>\n<p>Aujourd\u2019hui au Canada, moins de 5\u00a0% des gens meurent de maladies infectieuses gr\u00e2ce \u00e0 la venue des vaccins. Pourtant, 100\u00a0ans plus t\u00f4t, les maladies infectieuses \u00e9taient la principale cause de d\u00e9c\u00e8s partout dans le monde\u00a0\u2013 nous en avons fait du chemin![\/vc_column_text][\/vc_column][vc_column width=\u00a0\u00bb1\/2&Prime;][vc_single_image image=\u00a0\u00bb10882&Prime; img_size=\u00a0\u00bbfull\u00a0\u00bb alignment=\u00a0\u00bbcenter\u00a0\u00bb][\/vc_column][\/vc_row][vc_row][vc_column width=\u00a0\u00bb1\/4&Prime;][vc_single_image image=\u00a0\u00bb10773&Prime; img_size=\u00a0\u00bbfull\u00a0\u00bb alignment=\u00a0\u00bbcenter\u00a0\u00bb][\/vc_column][vc_column width=\u00a0\u00bb3\/4&Prime;][vc_cta h2=\u00a0\u00bb\u00a0\u00bb]<strong>Conseil\u00a0:<\/strong> \u00e0 l\u2019\u00e2ge de 50\u00a0ans, les Canadiens devraient demander \u00e0 leur professionnel de la sant\u00e9 quels vaccins pourraient les aider \u00e0 se prot\u00e9ger contre des maladies qu\u2019ils arrivaient \u00e0 combattre facilement lorsqu\u2019ils \u00e9taient plus jeunes.[\/vc_cta][\/vc_column][\/vc_row][vc_row][vc_column][vc_separator color=\u00a0\u00bbwhite\u00a0\u00bb][\/vc_column][\/vc_row][vc_row][vc_column][vc_column_text]<strong>Vaccins importants pour les gens en sant\u00e9 \u00e2g\u00e9s de 60\u00a0ans ou plus\u00a0:<\/strong><\/p>\n<ul>\n<li>Vaccin contre la grippe* (annuellement)<\/li>\n<li>Vaccin contre le zona (dose unique)<\/li>\n<li>Vaccin contre le pneumocoque (dose unique)<\/li>\n<\/ul>\n<p>*Apr\u00e8s l\u2019\u00e2ge de 65\u00a0ans, il est recommand\u00e9 de se faire administrer une dose \u00e9lev\u00e9e du vaccin contre la grippe, ce qui est plus efficace pour prot\u00e9ger les adultes plus \u00e2g\u00e9s.[\/vc_column_text][vc_separator color=\u00a0\u00bbwhite\u00a0\u00bb][\/vc_column][\/vc_row][vc_row][vc_column width=\u00a0\u00bb2\/3&Prime;][vc_column_text]<strong>Demandez \u00e0 votre m\u00e9decin de recevoir des doses de rappel contre\u00a0:<\/strong><\/p>\n<ul>\n<li>le t\u00e9tanos (tous les 10\u00a0ans)<\/li>\n<li>la dipht\u00e9rie (tous les 10\u00a0ans)<\/li>\n<li>la coqueluche (un vaccin de rappel \u00e0 l\u2019\u00e2ge adulte)<\/li>\n<\/ul>\n<p>[\/vc_column_text][vc_separator color=\u00a0\u00bbwhite\u00a0\u00bb][\/vc_column][vc_column width=\u00a0\u00bb1\/3&Prime;][vc_single_image image=\u00a0\u00bb10884&Prime; img_size=\u00a0\u00bbfull\u00a0\u00bb alignment=\u00a0\u00bbcenter\u00a0\u00bb][\/vc_column][\/vc_row][vc_row][vc_column width=\u00a0\u00bb1\/4&Prime;][vc_single_image image=\u00a0\u00bb10886&Prime; img_size=\u00a0\u00bbfull\u00a0\u00bb alignment=\u00a0\u00bbcenter\u00a0\u00bb][\/vc_column][vc_column width=\u00a0\u00bb1\/4&Prime;][vc_single_image image=\u00a0\u00bb10888&Prime; img_size=\u00a0\u00bbfull\u00a0\u00bb alignment=\u00a0\u00bbcenter\u00a0\u00bb][\/vc_column][vc_column width=\u00a0\u00bb1\/4&Prime;][vc_single_image image=\u00a0\u00bb10890&Prime; img_size=\u00a0\u00bbfull\u00a0\u00bb alignment=\u00a0\u00bbcenter\u00a0\u00bb][\/vc_column][vc_column width=\u00a0\u00bb1\/4&Prime;][vc_single_image image=\u00a0\u00bb10892&Prime; img_size=\u00a0\u00bbfull\u00a0\u00bb alignment=\u00a0\u00bbcenter\u00a0\u00bb][\/vc_column][\/vc_row][vc_row][vc_column width=\u00a0\u00bb1\/4&Prime;][vc_single_image image=\u00a0\u00bb10773&Prime; img_size=\u00a0\u00bbfull\u00a0\u00bb alignment=\u00a0\u00bbcenter\u00a0\u00bb][\/vc_column][vc_column width=\u00a0\u00bb3\/4&Prime;][vc_cta h2=\u00a0\u00bb\u00a0\u00bb]<strong>Conseil\u00a0:<\/strong> certains adultes n\u2019ont pas re\u00e7u tous leurs vaccins \u00e0 l\u2019enfance, et il est important qu\u2019ils se fassent vacciner pour se prot\u00e9ger eux-m\u00eames ainsi que les gens qui les entourent. Les personnes \u00e2g\u00e9es doivent demander \u00e0 leur professionnel de la sant\u00e9 s\u2019il serait indiqu\u00e9 de recevoir certains vaccins pour mettre \u00e0 jour leur carnet d\u2019immunisation.[\/vc_cta][\/vc_column][\/vc_row][vc_row][vc_column][vc_separator color=\u00a0\u00bbwhite\u00a0\u00bb][\/vc_column][\/vc_row]<\/p>\n<\/div>","protected":false},"excerpt":{"rendered":"<p>[vc_row][vc_column width=\u00a0\u00bb1\/4&Prime;][vc_single_image image=\u00a0\u00bb10880&Prime; img_size=\u00a0\u00bbfull\u00a0\u00bb alignment=\u00a0\u00bbcenter\u00a0\u00bb][\/vc_column][vc_column width=\u00a0\u00bb3\/4&Prime;][vc_cta h2=\u00a0\u00bb\u00a0\u00bb]Les vaccins aident \u00e0 sauver des vies en pr\u00e9venant la transmission de maladies infectieuses. Et ils font encore plus! Ils contribuent \u00e0 r\u00e9duire le risque de devenir fragilis\u00e9.[\/vc_cta][\/vc_column][\/vc_row][vc_row][vc_column][vc_column_text]Les vaccins et la fragilisation\u00a0: que savons-nous? Avec l\u2019\u00e2ge, notre capacit\u00e9 de nous remettre de facteurs de stress sur la sant\u00e9 diminue&#8230;.<\/p>\n","protected":false},"author":95,"featured_media":0,"parent":1272,"menu_order":13,"comment_status":"closed","ping_status":"closed","template":"","meta":{"_acf_changed":false,"footnotes":""},"acf":[],"_links":{"self":[{"href":"https:\/\/www.cfn-nce.ca\/fr\/wp-json\/wp\/v2\/pages\/11747"}],"collection":[{"href":"https:\/\/www.cfn-nce.ca\/fr\/wp-json\/wp\/v2\/pages"}],"about":[{"href":"https:\/\/www.cfn-nce.ca\/fr\/wp-json\/wp\/v2\/types\/page"}],"author":[{"embeddable":true,"href":"https:\/\/www.cfn-nce.ca\/fr\/wp-json\/wp\/v2\/users\/95"}],"replies":[{"embeddable":true,"href":"https:\/\/www.cfn-nce.ca\/fr\/wp-json\/wp\/v2\/comments?post=11747"}],"version-history":[{"count":5,"href":"https:\/\/www.cfn-nce.ca\/fr\/wp-json\/wp\/v2\/pages\/11747\/revisions"}],"predecessor-version":[{"id":13558,"href":"https:\/\/www.cfn-nce.ca\/fr\/wp-json\/wp\/v2\/pages\/11747\/revisions\/13558"}],"up":[{"embeddable":true,"href":"https:\/\/www.cfn-nce.ca\/fr\/wp-json\/wp\/v2\/pages\/1272"}],"wp:attachment":[{"href":"https:\/\/www.cfn-nce.ca\/fr\/wp-json\/wp\/v2\/media?parent=11747"}],"curies":[{"name":"wp","href":"https:\/\/api.w.org\/{rel}","templated":true}]}}