{"id":11852,"date":"2020-04-03T11:06:38","date_gmt":"2020-04-03T15:06:38","guid":{"rendered":"https:\/\/www.cfn-nce.ca\/?page_id=11852"},"modified":"2020-04-03T11:06:38","modified_gmt":"2020-04-03T15:06:38","slug":"webinaires","status":"publish","type":"page","link":"https:\/\/www.cfn-nce.ca\/fr\/webinaires\/","title":{"rendered":"Webinaires"},"content":{"rendered":"<div class=\"wpb-content-wrapper\"><p>[vc_row][vc_column][vc_column_text]<\/p>\n<h3><strong>Webinaires<\/strong><\/h3>\n<p><strong>Le R\u00e9seau canadien des soins aux personnes fragilis\u00e9es croit que la prestation des soins aux personnes \u00e2g\u00e9es et fragilis\u00e9es est une question complexe et d\u2019envergure nationale qui n\u00e9cessite des strat\u00e9gies et solutions pancanadiennes \u00e0 facettes multiples, et nos webinaires mensuels sont une fa\u00e7on de rassembler des gens talentueux pour travailler \u00e0 l\u2019atteinte de cet objectif.<\/strong><\/p>\n<p><strong>NOUS TRAVAILLONS \u00c0 L\u2019\u00c9TABLISSEMENT D\u2019UN CALENDRIER. REVENEZ NOUS VISITER POUR CONNA\u00ceTRE LES DERNI\u00c8RES NOUVELLES.<\/strong><\/p>\n<p><strong>Les webinaires ant\u00e9rieurs peuvent \u00eatre visionn\u00e9s ci-dessous (en anglais seulement).<\/strong>[\/vc_column_text][\/vc_column][\/vc_row]<\/p>\n<\/div>","protected":false},"excerpt":{"rendered":"<p>[vc_row][vc_column][vc_column_text] Webinaires Le R\u00e9seau canadien des soins aux personnes fragilis\u00e9es croit que la prestation des soins aux personnes \u00e2g\u00e9es et fragilis\u00e9es est une question complexe et d\u2019envergure nationale qui n\u00e9cessite des strat\u00e9gies et solutions pancanadiennes \u00e0 facettes multiples, et nos webinaires mensuels sont une fa\u00e7on de rassembler des gens talentueux pour travailler \u00e0 l\u2019atteinte de&#8230;<\/p>\n","protected":false},"author":95,"featured_media":0,"parent":0,"menu_order":61,"comment_status":"closed","ping_status":"closed","template":"","meta":{"_acf_changed":false,"footnotes":""},"acf":[],"_links":{"self":[{"href":"https:\/\/www.cfn-nce.ca\/fr\/wp-json\/wp\/v2\/pages\/11852"}],"collection":[{"href":"https:\/\/www.cfn-nce.ca\/fr\/wp-json\/wp\/v2\/pages"}],"about":[{"href":"https:\/\/www.cfn-nce.ca\/fr\/wp-json\/wp\/v2\/types\/page"}],"author":[{"embeddable":true,"href":"https:\/\/www.cfn-nce.ca\/fr\/wp-json\/wp\/v2\/users\/95"}],"replies":[{"embeddable":true,"href":"https:\/\/www.cfn-nce.ca\/fr\/wp-json\/wp\/v2\/comments?post=11852"}],"version-history":[{"count":2,"href":"https:\/\/www.cfn-nce.ca\/fr\/wp-json\/wp\/v2\/pages\/11852\/revisions"}],"predecessor-version":[{"id":12104,"href":"https:\/\/www.cfn-nce.ca\/fr\/wp-json\/wp\/v2\/pages\/11852\/revisions\/12104"}],"wp:attachment":[{"href":"https:\/\/www.cfn-nce.ca\/fr\/wp-json\/wp\/v2\/media?parent=11852"}],"curies":[{"name":"wp","href":"https:\/\/api.w.org\/{rel}","templated":true}]}}