{"id":11922,"date":"2020-03-27T14:21:52","date_gmt":"2020-03-27T18:21:52","guid":{"rendered":"https:\/\/www.cfn-nce.ca\/?page_id=11922"},"modified":"2020-03-27T15:01:30","modified_gmt":"2020-03-27T19:01:30","slug":"racontez-nous-votre-histoire","status":"publish","type":"page","link":"https:\/\/www.cfn-nce.ca\/fr\/get-involved\/racontez-nous-votre-histoire\/","title":{"rendered":"Racontez-nous votre histoire"},"content":{"rendered":"<div class=\"wpb-content-wrapper\"><p>[vc_row][vc_column][vc_column_text]<\/p>\n<h3><strong>Beaucoup de personnes \u00e2g\u00e9es et leurs aidants sont d\u2019avis qu\u2019il est utile et encourageant de conna\u00eetre les exp\u00e9riences v\u00e9cues par d\u2019autres dans leur situation.<\/strong><\/h3>\n<img loading=\"lazy\" decoding=\"async\" class=\"wp-image-7998 alignleft\" src=\"https:\/\/www.cfn-nce.ca\/wp-content\/uploads\/2019\/02\/Tell-us-your-story.jpg\" alt=\"\" width=\"498\" height=\"280\" srcset=\"https:\/\/www.cfn-nce.ca\/wp-content\/uploads\/2019\/02\/Tell-us-your-story.jpg 1000w, https:\/\/www.cfn-nce.ca\/wp-content\/uploads\/2019\/02\/Tell-us-your-story-300x169.jpg 300w, https:\/\/www.cfn-nce.ca\/wp-content\/uploads\/2019\/02\/Tell-us-your-story-768x432.jpg 768w\" sizes=\"(max-width: 498px) 100vw, 498px\" \/>\n<p>&nbsp;<\/p>\n<p>&nbsp;<\/p>\n<p>&nbsp;<\/p>\n<p>&nbsp;<\/p>\n<p>&nbsp;<\/p>\n<p>&nbsp;<\/p>\n<p>&nbsp;<\/p>\n<p>&nbsp;<\/p>\n<p>Si vous \u00eates une personne \u00e2g\u00e9e et fragilis\u00e9e, ou un proche ou un aidant d\u2019une personne \u00e2g\u00e9e et fragilis\u00e9e, ou si vous travaillez dans le domaine des services sociaux ou de sant\u00e9 aupr\u00e8s de personnes \u00e2g\u00e9es, racontez-nous votre histoire afin que les autres puissent b\u00e9n\u00e9ficier de vos connaissances et de vos exp\u00e9riences avec la fragilisation.<\/p>\n<p>Pr\u00e9sentez-nous des t\u00e9moignages sur vos exp\u00e9riences li\u00e9es au vieillissement et \u00e0 la fragilisation, sur des \u00e9preuves rencontr\u00e9es et sur la fa\u00e7on dont vous les avez surmont\u00e9es, ou encore, d\u00e9crivez-nous le d\u00e9roulement de vos journ\u00e9es, ou ce que vous trouvez agr\u00e9able ou difficile.<\/p>\n<p><strong>Comment votre t\u00e9moignage sera-t-il utilis\u00e9?<\/strong><\/p>\n<p>Votre t\u00e9moignage pourrait \u00eatre publi\u00e9 sur notre site Web, notre cha\u00eene YouTube, dans nos r\u00e9seaux sociaux ou dans d\u2019autres communications, en tout ou en partie, alors ne nous dites que ce que vous souhaitez partager publiquement. Les t\u00e9moignages re\u00e7us ne seront pas tous utilis\u00e9s, alors ne vous d\u00e9couragez pas, cela ne veut pas dire que votre exp\u00e9rience est moins valable qu\u2019une autre.<\/p>\n<p><a href=\"https:\/\/www.cfn-nce.ca\/fr\/formulaire-de-soumission-dun-temoignage\/\"><strong>Racontez-nous votre histoire<\/strong><\/a>[\/vc_column_text][\/vc_column][\/vc_row]<\/p>\n<\/div>","protected":false},"excerpt":{"rendered":"<p>[vc_row][vc_column][vc_column_text] Beaucoup de personnes \u00e2g\u00e9es et leurs aidants sont d\u2019avis qu\u2019il est utile et encourageant de conna\u00eetre les exp\u00e9riences v\u00e9cues par d\u2019autres dans leur situation. &nbsp; &nbsp; &nbsp; &nbsp; &nbsp; &nbsp; &nbsp; &nbsp; Si vous \u00eates une personne \u00e2g\u00e9e et fragilis\u00e9e, ou un proche ou un aidant d\u2019une personne \u00e2g\u00e9e et fragilis\u00e9e, ou si vous&#8230;<\/p>\n","protected":false},"author":95,"featured_media":0,"parent":3143,"menu_order":12,"comment_status":"closed","ping_status":"closed","template":"","meta":{"_acf_changed":false,"footnotes":""},"acf":[],"_links":{"self":[{"href":"https:\/\/www.cfn-nce.ca\/fr\/wp-json\/wp\/v2\/pages\/11922"}],"collection":[{"href":"https:\/\/www.cfn-nce.ca\/fr\/wp-json\/wp\/v2\/pages"}],"about":[{"href":"https:\/\/www.cfn-nce.ca\/fr\/wp-json\/wp\/v2\/types\/page"}],"author":[{"embeddable":true,"href":"https:\/\/www.cfn-nce.ca\/fr\/wp-json\/wp\/v2\/users\/95"}],"replies":[{"embeddable":true,"href":"https:\/\/www.cfn-nce.ca\/fr\/wp-json\/wp\/v2\/comments?post=11922"}],"version-history":[{"count":4,"href":"https:\/\/www.cfn-nce.ca\/fr\/wp-json\/wp\/v2\/pages\/11922\/revisions"}],"predecessor-version":[{"id":11934,"href":"https:\/\/www.cfn-nce.ca\/fr\/wp-json\/wp\/v2\/pages\/11922\/revisions\/11934"}],"up":[{"embeddable":true,"href":"https:\/\/www.cfn-nce.ca\/fr\/wp-json\/wp\/v2\/pages\/3143"}],"wp:attachment":[{"href":"https:\/\/www.cfn-nce.ca\/fr\/wp-json\/wp\/v2\/media?parent=11922"}],"curies":[{"name":"wp","href":"https:\/\/api.w.org\/{rel}","templated":true}]}}