{"id":11923,"date":"2020-03-27T14:22:49","date_gmt":"2020-03-27T18:22:49","guid":{"rendered":"https:\/\/www.cfn-nce.ca\/?page_id=11923"},"modified":"2020-03-27T14:28:08","modified_gmt":"2020-03-27T18:28:08","slug":"devenez-partenaire-du-reseau","status":"publish","type":"page","link":"https:\/\/www.cfn-nce.ca\/fr\/get-involved\/devenez-partenaire-du-reseau\/","title":{"rendered":"Devenez partenaire du R\u00e9seau"},"content":{"rendered":"<p>Gr\u00e2ce \u00e0 des projets financ\u00e9s de recherche et d\u2019application des connaissances et des activit\u00e9s cibl\u00e9es, le R\u00e9seau canadien des soins aux personnes fragilis\u00e9es s\u2019associe \u00e0 des institutions membres (dont des universit\u00e9s et centres hospitaliers d\u2019enseignement), des entreprises, des minist\u00e8res et agences gouvernementales, des organismes de bienfaisance du domaine de la sant\u00e9 et des groupes sans but lucratif afin de multiplier l\u2019impact de leurs ressources\u00a0:<\/p>\n<ul>\n<li>en investissant ensemble dans des projets de recherche et de formation en collaboration pour mieux tirer profit des investissements suppl\u00e9mentaires et assurer une masse critique d\u2019expertise et de ressources;<\/li>\n<li>en acc\u00e9l\u00e9rant des projets communs ayant un potentiel commercial et th\u00e9rapeutique;<\/li>\n<li>en procurant des occasions de r\u00e9seautage aux chercheurs du R\u00e9seau, aux partenaires de l\u2019industrie et \u00e0 d\u2019autres parties int\u00e9ress\u00e9es gr\u00e2ce \u00e0 la conf\u00e9rence annuelle du R\u00e9seau, du forum national, des webinaires et d\u2019autres activit\u00e9s d\u2019application des connaissances.<\/li>\n<\/ul>\n<p><strong>Pour discuter d\u2019occasions de partenariat, veuillez joindre\u00a0:<\/strong><\/p>\n<p>Amy Doyle<\/p>\n<p>Responsable du d\u00e9veloppement des partenariats<\/p>\n<p>613-549-6666, p. 6209<\/p>\n<p>Courriel\u00a0: <a href=\"mailto:amy@cfn-nce.ca\">amy@cfn-nce.ca<\/a><\/p>\n<p>&nbsp;<\/p>\n<p>Aujourd\u2019hui, le R\u00e9seau canadien des soins aux personnes fragilis\u00e9es comprend plus de 400\u00a0chercheurs \u00e9tudiant la sant\u00e9 et la fragilisation, 44\u00a0universit\u00e9s et h\u00f4pitaux universitaires, 20\u00a0partenaires de l\u2019industrie et du secteur priv\u00e9, plus d\u2019une centaine d\u2019organismes communautaires et 20\u00a0agences gouvernementales.<\/p>\n<p><strong>Exemples de collaborations<\/strong><\/p>\n<p>Le R\u00e9seau travaille en partenariat avec d\u2019autres organismes sur des propositions de projets de recherche, des activit\u00e9s d\u2019application des connaissances et des projets cibl\u00e9s portant tous sur l\u2019am\u00e9lioration des soins destin\u00e9s aux Canadiens \u00e2g\u00e9s et fragilis\u00e9s.<\/p>\n<p><u>Cliquez ici<\/u> pour voir des exemples de r\u00e9centes collaborations du R\u00e9seau\u00a0: l\u2019Institut du vieillissement des IRSC, l\u2019Agence spatiale canadienne, la Fondation canadienne pour l\u2019am\u00e9lioration des services de sant\u00e9, et la Fondation de la recherche en sant\u00e9 du Nouveau-Brunswick.<\/p>\n","protected":false},"excerpt":{"rendered":"<p>Gr\u00e2ce \u00e0 des projets financ\u00e9s de recherche et d\u2019application des connaissances et des activit\u00e9s cibl\u00e9es, le R\u00e9seau canadien des soins aux personnes fragilis\u00e9es s\u2019associe \u00e0 des institutions membres (dont des universit\u00e9s et centres hospitaliers d\u2019enseignement), des entreprises, des minist\u00e8res et agences gouvernementales, des organismes de bienfaisance du domaine de la sant\u00e9 et des groupes sans&#8230;<\/p>\n","protected":false},"author":95,"featured_media":0,"parent":3143,"menu_order":16,"comment_status":"closed","ping_status":"closed","template":"","meta":{"_acf_changed":false,"footnotes":""},"acf":[],"_links":{"self":[{"href":"https:\/\/www.cfn-nce.ca\/fr\/wp-json\/wp\/v2\/pages\/11923"}],"collection":[{"href":"https:\/\/www.cfn-nce.ca\/fr\/wp-json\/wp\/v2\/pages"}],"about":[{"href":"https:\/\/www.cfn-nce.ca\/fr\/wp-json\/wp\/v2\/types\/page"}],"author":[{"embeddable":true,"href":"https:\/\/www.cfn-nce.ca\/fr\/wp-json\/wp\/v2\/users\/95"}],"replies":[{"embeddable":true,"href":"https:\/\/www.cfn-nce.ca\/fr\/wp-json\/wp\/v2\/comments?post=11923"}],"version-history":[{"count":3,"href":"https:\/\/www.cfn-nce.ca\/fr\/wp-json\/wp\/v2\/pages\/11923\/revisions"}],"predecessor-version":[{"id":11928,"href":"https:\/\/www.cfn-nce.ca\/fr\/wp-json\/wp\/v2\/pages\/11923\/revisions\/11928"}],"up":[{"embeddable":true,"href":"https:\/\/www.cfn-nce.ca\/fr\/wp-json\/wp\/v2\/pages\/3143"}],"wp:attachment":[{"href":"https:\/\/www.cfn-nce.ca\/fr\/wp-json\/wp\/v2\/media?parent=11923"}],"curies":[{"name":"wp","href":"https:\/\/api.w.org\/{rel}","templated":true}]}}