{"id":11978,"date":"2020-03-30T13:03:17","date_gmt":"2020-03-30T17:03:17","guid":{"rendered":"https:\/\/www.cfn-nce.ca\/?page_id=11978"},"modified":"2022-12-16T13:16:57","modified_gmt":"2022-12-16T18:16:57","slug":"concours-dapplication-des-connaissances-a-lintention-des-chercheurs-du-reseau-de-2017","status":"publish","type":"page","link":"https:\/\/www.cfn-nce.ca\/fr\/improving-evidence-through-research-and-kt\/nos-travaux-de-recherche-et-dapplication-des-connaissances\/our-portfolio-by-grant-type-or-competition\/concours-dapplication-des-connaissances-a-lintention-des-chercheurs-du-reseau-de-2017\/","title":{"rendered":"Concours d\u2019application des connaissances \u00e0 l\u2019intention des chercheurs du R\u00e9seau de 2017"},"content":{"rendered":"<p>Ce concours d\u2019application des connaissances a \u00e9t\u00e9 mis sur pied pour transposer dans la pratique les r\u00e9sultats de projets de recherche ayant \u00e9t\u00e9 financ\u00e9s par le R\u00e9seau, de mani\u00e8re \u00e0 renforcer les syst\u00e8mes de soins de sant\u00e9 et de services sociaux au Canada, et \u00e0 am\u00e9liorer les soins et services que re\u00e7oivent les Canadiens \u00e2g\u00e9s et fragilis\u00e9s.<\/p>\n<p><strong>Projets financ\u00e9s<\/strong><\/p>\n","protected":false},"excerpt":{"rendered":"<p>Ce concours d\u2019application des connaissances a \u00e9t\u00e9 mis sur pied pour transposer dans la pratique les r\u00e9sultats de projets de recherche ayant \u00e9t\u00e9 financ\u00e9s par le R\u00e9seau, de mani\u00e8re \u00e0 renforcer les syst\u00e8mes de soins de sant\u00e9 et de services sociaux au Canada, et \u00e0 am\u00e9liorer les soins et services que re\u00e7oivent les Canadiens \u00e2g\u00e9s&#8230;<\/p>\n","protected":false},"author":95,"featured_media":0,"parent":2896,"menu_order":-3,"comment_status":"closed","ping_status":"closed","template":"","meta":{"_acf_changed":false,"footnotes":""},"acf":[],"_links":{"self":[{"href":"https:\/\/www.cfn-nce.ca\/fr\/wp-json\/wp\/v2\/pages\/11978"}],"collection":[{"href":"https:\/\/www.cfn-nce.ca\/fr\/wp-json\/wp\/v2\/pages"}],"about":[{"href":"https:\/\/www.cfn-nce.ca\/fr\/wp-json\/wp\/v2\/types\/page"}],"author":[{"embeddable":true,"href":"https:\/\/www.cfn-nce.ca\/fr\/wp-json\/wp\/v2\/users\/95"}],"replies":[{"embeddable":true,"href":"https:\/\/www.cfn-nce.ca\/fr\/wp-json\/wp\/v2\/comments?post=11978"}],"version-history":[{"count":2,"href":"https:\/\/www.cfn-nce.ca\/fr\/wp-json\/wp\/v2\/pages\/11978\/revisions"}],"predecessor-version":[{"id":16095,"href":"https:\/\/www.cfn-nce.ca\/fr\/wp-json\/wp\/v2\/pages\/11978\/revisions\/16095"}],"up":[{"embeddable":true,"href":"https:\/\/www.cfn-nce.ca\/fr\/wp-json\/wp\/v2\/pages\/2896"}],"wp:attachment":[{"href":"https:\/\/www.cfn-nce.ca\/fr\/wp-json\/wp\/v2\/media?parent=11978"}],"curies":[{"name":"wp","href":"https:\/\/api.w.org\/{rel}","templated":true}]}}