{"id":11979,"date":"2020-03-30T13:03:41","date_gmt":"2020-03-30T17:03:41","guid":{"rendered":"https:\/\/www.cfn-nce.ca\/?page_id=11979"},"modified":"2022-12-16T13:17:53","modified_gmt":"2022-12-16T18:17:53","slug":"bourses-dapplication-des-connaissances-de-2019","status":"publish","type":"page","link":"https:\/\/www.cfn-nce.ca\/fr\/improving-evidence-through-research-and-kt\/nos-travaux-de-recherche-et-dapplication-des-connaissances\/our-portfolio-by-grant-type-or-competition\/bourses-dapplication-des-connaissances-de-2019\/","title":{"rendered":"Bourses d\u2019application des connaissances de 2019"},"content":{"rendered":"<p><em>Le concours de bourses d\u2019application des connaissances du R\u00e9seau de 2019 vise \u00e0 combler l\u2019\u00e9cart entre les faits probants et la pratique. Nous sommes \u00e0 la recherche de projets modulables aptes \u00e0 amorcer ou \u00e0 am\u00e9liorer la mise en \u0153uvre ou l\u2019adoption de faits probants, le tout afin d\u2019am\u00e9liorer la sant\u00e9 et le fonctionnement des personnes \u00e2g\u00e9es et fragilis\u00e9es et de leurs proches et aidants.<\/em><\/p>\n<p><strong>Projets financ\u00e9s<\/strong><\/p>\n","protected":false},"excerpt":{"rendered":"<p>Le concours de bourses d\u2019application des connaissances du R\u00e9seau de 2019 vise \u00e0 combler l\u2019\u00e9cart entre les faits probants et la pratique. Nous sommes \u00e0 la recherche de projets modulables aptes \u00e0 amorcer ou \u00e0 am\u00e9liorer la mise en \u0153uvre ou l\u2019adoption de faits probants, le tout afin d\u2019am\u00e9liorer la sant\u00e9 et le fonctionnement des&#8230;<\/p>\n","protected":false},"author":95,"featured_media":0,"parent":2896,"menu_order":-2,"comment_status":"closed","ping_status":"closed","template":"","meta":{"_acf_changed":false,"footnotes":""},"acf":[],"_links":{"self":[{"href":"https:\/\/www.cfn-nce.ca\/fr\/wp-json\/wp\/v2\/pages\/11979"}],"collection":[{"href":"https:\/\/www.cfn-nce.ca\/fr\/wp-json\/wp\/v2\/pages"}],"about":[{"href":"https:\/\/www.cfn-nce.ca\/fr\/wp-json\/wp\/v2\/types\/page"}],"author":[{"embeddable":true,"href":"https:\/\/www.cfn-nce.ca\/fr\/wp-json\/wp\/v2\/users\/95"}],"replies":[{"embeddable":true,"href":"https:\/\/www.cfn-nce.ca\/fr\/wp-json\/wp\/v2\/comments?post=11979"}],"version-history":[{"count":2,"href":"https:\/\/www.cfn-nce.ca\/fr\/wp-json\/wp\/v2\/pages\/11979\/revisions"}],"predecessor-version":[{"id":16097,"href":"https:\/\/www.cfn-nce.ca\/fr\/wp-json\/wp\/v2\/pages\/11979\/revisions\/16097"}],"up":[{"embeddable":true,"href":"https:\/\/www.cfn-nce.ca\/fr\/wp-json\/wp\/v2\/pages\/2896"}],"wp:attachment":[{"href":"https:\/\/www.cfn-nce.ca\/fr\/wp-json\/wp\/v2\/media?parent=11979"}],"curies":[{"name":"wp","href":"https:\/\/api.w.org\/{rel}","templated":true}]}}