{"id":11980,"date":"2020-03-30T13:03:57","date_gmt":"2020-03-30T17:03:57","guid":{"rendered":"https:\/\/www.cfn-nce.ca\/?page_id=11980"},"modified":"2022-12-16T13:18:18","modified_gmt":"2022-12-16T18:18:18","slug":"programme-de-bourses-de-recherche-transformationnelle-de-2015","status":"publish","type":"page","link":"https:\/\/www.cfn-nce.ca\/fr\/improving-evidence-through-research-and-kt\/nos-travaux-de-recherche-et-dapplication-des-connaissances\/our-portfolio-by-grant-type-or-competition\/programme-de-bourses-de-recherche-transformationnelle-de-2015\/","title":{"rendered":"Programme de bourses de recherche transformationnelle de 2015"},"content":{"rendered":"<p>En juin 2015, le RCSPF a invit\u00e9 les chercheurs et leurs \u00e9quipes \u00e0 pr\u00e9senter des projets de recherche transformationnelle d\u2019envergure, susceptibles de r\u00e9volutionner les soins destin\u00e9s aux Canadiens \u00e2g\u00e9s et fragilis\u00e9s. Les responsables des projets retenus commenceront leurs \u00e9tudes pilotes en 2016, et le versement du financement int\u00e9gral d\u00e9butera au printemps 2017, sous r\u00e9serve du renouvellement du R\u00e9seau \u00e0 titre de RCE lors de son prochain cycle de financement (de 2017 \u00e0 2022).<\/p>\n<p>Le programme vise \u00e0 financer des projets de recherche exceptionnellement novateurs qui auront un impact \u00e9conomique et social important sur le r\u00e9seau de soins de sant\u00e9 au Canada. Par \u00ab recherche transformationnelle \u00bb, le RCSPF entend des projets qui visent \u00e0 modifier consid\u00e9rablement la pratique actuelle concernant les a\u00een\u00e9s fragilis\u00e9s gr\u00e2ce \u00e0 l\u2019application de m\u00e9thodes, de pratiques ou de concepts scientifiques ou m\u00e9dicaux, existants ou nouveaux. On pr\u00e9voit qu\u2019advenant la r\u00e9ussite des projets, les connaissances qui en d\u00e9coulent pourraient \u00eatre appliqu\u00e9es \u00e0 l\u2019ensemble du r\u00e9seau canadien de la sant\u00e9.<\/p>\n","protected":false},"excerpt":{"rendered":"<p>En juin 2015, le RCSPF a invit\u00e9 les chercheurs et leurs \u00e9quipes \u00e0 pr\u00e9senter des projets de recherche transformationnelle d\u2019envergure, susceptibles de r\u00e9volutionner les soins destin\u00e9s aux Canadiens \u00e2g\u00e9s et fragilis\u00e9s. Les responsables des projets retenus commenceront leurs \u00e9tudes pilotes en 2016, et le versement du financement int\u00e9gral d\u00e9butera au printemps 2017, sous r\u00e9serve du&#8230;<\/p>\n","protected":false},"author":95,"featured_media":0,"parent":2896,"menu_order":-1,"comment_status":"closed","ping_status":"closed","template":"","meta":{"_acf_changed":false,"footnotes":""},"acf":[],"_links":{"self":[{"href":"https:\/\/www.cfn-nce.ca\/fr\/wp-json\/wp\/v2\/pages\/11980"}],"collection":[{"href":"https:\/\/www.cfn-nce.ca\/fr\/wp-json\/wp\/v2\/pages"}],"about":[{"href":"https:\/\/www.cfn-nce.ca\/fr\/wp-json\/wp\/v2\/types\/page"}],"author":[{"embeddable":true,"href":"https:\/\/www.cfn-nce.ca\/fr\/wp-json\/wp\/v2\/users\/95"}],"replies":[{"embeddable":true,"href":"https:\/\/www.cfn-nce.ca\/fr\/wp-json\/wp\/v2\/comments?post=11980"}],"version-history":[{"count":2,"href":"https:\/\/www.cfn-nce.ca\/fr\/wp-json\/wp\/v2\/pages\/11980\/revisions"}],"predecessor-version":[{"id":16098,"href":"https:\/\/www.cfn-nce.ca\/fr\/wp-json\/wp\/v2\/pages\/11980\/revisions\/16098"}],"up":[{"embeddable":true,"href":"https:\/\/www.cfn-nce.ca\/fr\/wp-json\/wp\/v2\/pages\/2896"}],"wp:attachment":[{"href":"https:\/\/www.cfn-nce.ca\/fr\/wp-json\/wp\/v2\/media?parent=11980"}],"curies":[{"name":"wp","href":"https:\/\/api.w.org\/{rel}","templated":true}]}}