{"id":11983,"date":"2020-03-30T13:06:32","date_gmt":"2020-03-30T17:06:32","guid":{"rendered":"https:\/\/www.cfn-nce.ca\/?page_id=11983"},"modified":"2022-12-16T13:26:49","modified_gmt":"2022-12-16T18:26:49","slug":"programme-de-bourses-de-bourse-a-impact-strategique-de-2014","status":"publish","type":"page","link":"https:\/\/www.cfn-nce.ca\/fr\/improving-evidence-through-research-and-kt\/nos-travaux-de-recherche-et-dapplication-des-connaissances\/our-portfolio-by-grant-type-or-competition\/programme-de-bourses-de-bourse-a-impact-strategique-de-2014\/","title":{"rendered":"Programme de bourses \u00e0 impact strat\u00e9gique de 2014"},"content":{"rendered":"<p>Deux projets ont \u00e9t\u00e9 financ\u00e9s dans le cadre du Programme de bourses \u00e0 impact strat\u00e9gique du RCSPF. Ces projets font appel \u00e0 la collaboration de chercheurs ayant exprim\u00e9 leur intention puis d\u00e9crit l\u2019objet de leur recherche, et qui ont ensuite \u00e9t\u00e9 invit\u00e9s \u00e0 participer \u00e0 une r\u00e9union d\u2019\u00e9laboration de protocoles avec d\u2019autres scientifiques int\u00e9ress\u00e9s \u00e0 optimiser l\u2019impact de leurs travaux en collaborant avec des chercheurs anim\u00e9s par les m\u00eames int\u00e9r\u00eats et souhaitant r\u00e9aliser des travaux dans les m\u00eames domaines. Le Programme de bourses \u00e0 impact strat\u00e9gique finance des projets d\u2019une dur\u00e9e maximale de 24\u00a0mois portant sur des sujets qui pr\u00e9occupent le RCSPF.<\/p>\n<p>Sept chercheurs principaux recevront ainsi leur toute premi\u00e8re bourse de recherche du RCSPF, dans six \u00e9tablissements h\u00f4tes, y compris deux nouveaux membres dans le r\u00e9seau, soit l\u2019IRSS et l\u2019Universit\u00e9 McGill. Une autre cohorte de 36\u00a0chercheurs participent \u00e0 des projets \u00e0 titre de cochercheurs dans onze \u00e9tablissements, dont trois de la sc\u00e8ne internationale. Cliquez sur les titres de projet pour en savoir davantage.<\/p>\n<p><strong>Projets financ\u00e9s<\/strong><\/p>\n","protected":false},"excerpt":{"rendered":"<p>Deux projets ont \u00e9t\u00e9 financ\u00e9s dans le cadre du Programme de bourses \u00e0 impact strat\u00e9gique du RCSPF. Ces projets font appel \u00e0 la collaboration de chercheurs ayant exprim\u00e9 leur intention puis d\u00e9crit l\u2019objet de leur recherche, et qui ont ensuite \u00e9t\u00e9 invit\u00e9s \u00e0 participer \u00e0 une r\u00e9union d\u2019\u00e9laboration de protocoles avec d\u2019autres scientifiques int\u00e9ress\u00e9s \u00e0&#8230;<\/p>\n","protected":false},"author":95,"featured_media":0,"parent":2896,"menu_order":7,"comment_status":"closed","ping_status":"closed","template":"","meta":{"_acf_changed":false,"footnotes":""},"acf":[],"_links":{"self":[{"href":"https:\/\/www.cfn-nce.ca\/fr\/wp-json\/wp\/v2\/pages\/11983"}],"collection":[{"href":"https:\/\/www.cfn-nce.ca\/fr\/wp-json\/wp\/v2\/pages"}],"about":[{"href":"https:\/\/www.cfn-nce.ca\/fr\/wp-json\/wp\/v2\/types\/page"}],"author":[{"embeddable":true,"href":"https:\/\/www.cfn-nce.ca\/fr\/wp-json\/wp\/v2\/users\/95"}],"replies":[{"embeddable":true,"href":"https:\/\/www.cfn-nce.ca\/fr\/wp-json\/wp\/v2\/comments?post=11983"}],"version-history":[{"count":2,"href":"https:\/\/www.cfn-nce.ca\/fr\/wp-json\/wp\/v2\/pages\/11983\/revisions"}],"predecessor-version":[{"id":16102,"href":"https:\/\/www.cfn-nce.ca\/fr\/wp-json\/wp\/v2\/pages\/11983\/revisions\/16102"}],"up":[{"embeddable":true,"href":"https:\/\/www.cfn-nce.ca\/fr\/wp-json\/wp\/v2\/pages\/2896"}],"wp:attachment":[{"href":"https:\/\/www.cfn-nce.ca\/fr\/wp-json\/wp\/v2\/media?parent=11983"}],"curies":[{"name":"wp","href":"https:\/\/api.w.org\/{rel}","templated":true}]}}