{"id":11985,"date":"2020-03-30T13:07:47","date_gmt":"2020-03-30T17:07:47","guid":{"rendered":"https:\/\/www.cfn-nce.ca\/?page_id=11985"},"modified":"2022-12-16T13:12:28","modified_gmt":"2022-12-16T18:12:28","slug":"programme-de-bourses-catalyseur-de-2013","status":"publish","type":"page","link":"https:\/\/www.cfn-nce.ca\/fr\/improving-evidence-through-research-and-kt\/nos-travaux-de-recherche-et-dapplication-des-connaissances\/our-portfolio-by-grant-type-or-competition\/programme-de-bourses-catalyseur-de-2013\/","title":{"rendered":"Programme de bourses \u00ab catalyseur \u00bb de 2013"},"content":{"rendered":"<p>Le RCSPF a inaugur\u00e9 son Programme de bourses \u00ab\u00a0catalyseur\u00a0\u00bb en octobre\u00a02013. Ce programme vise particuli\u00e8rement \u00e0 catalyser la cr\u00e9ativit\u00e9, la nouveaut\u00e9 et l\u2019innovation dans la recherche au profit des a\u00een\u00e9s fragilis\u00e9s et gravement malades du Canada.<\/p>\n<p>Le programme de bourses \u00ab\u00a0catalyseur\u00a0\u00bb a financ\u00e9 des projets d\u2019une dur\u00e9e maximale d\u2019un an et d\u2019un montant maximal de 100\u00a0000\u00a0$ chacun, qui font appel \u00e0 des \u00e9quipes multidisciplinaires et provenant de plusieurs \u00e9tablissements ainsi qu\u2019\u00e0 des partenariats repr\u00e9sentant au moins 25\u00a0% du montant demand\u00e9 au RCSPF.<\/p>\n<p>Il finance des \u00e9tudes pilotes et des \u00e9tudes de faisabilit\u00e9 ainsi que des approches nouvelles et novatrices qui correspondent au plan strat\u00e9gique et aux priorit\u00e9s de recherche du RCSPF. Les projets doivent \u00eatre g\u00e9r\u00e9s de fa\u00e7on dynamique et comporter des exigences \u00e9lev\u00e9es en mati\u00e8re de partenariat, de PHQ et d\u2019engagement des intervenants et des utilisateurs de connaissances.<\/p>\n<p>Le 2 juin 2014, le R\u00e9seau a annonc\u00e9 le financement de huit projets de recherche ax\u00e9e sur les patients dans le cadre du Programme de bourses \u00ab\u00a0catalyseur\u00a0\u00bb. Faites d\u00e9filer pour voir chaque projet.<\/p>\n<p>Outre les 61\u00a0chercheurs participants, les projets permettront \u00e0 30\u00a0stagiaires d\u2019acqu\u00e9rir une formation et une exp\u00e9rience \u00e9ducative dans un contexte interdisciplinaire.<\/p>\n<p><strong>Projets financ\u00e9s<\/strong><\/p>\n","protected":false},"excerpt":{"rendered":"<p>Le RCSPF a inaugur\u00e9 son Programme de bourses \u00ab\u00a0catalyseur\u00a0\u00bb en octobre\u00a02013. Ce programme vise particuli\u00e8rement \u00e0 catalyser la cr\u00e9ativit\u00e9, la nouveaut\u00e9 et l\u2019innovation dans la recherche au profit des a\u00een\u00e9s fragilis\u00e9s et gravement malades du Canada. Le programme de bourses \u00ab\u00a0catalyseur\u00a0\u00bb a financ\u00e9 des projets d\u2019une dur\u00e9e maximale d\u2019un an et d\u2019un montant maximal de&#8230;<\/p>\n","protected":false},"author":95,"featured_media":0,"parent":2896,"menu_order":-9,"comment_status":"closed","ping_status":"closed","template":"","meta":{"_acf_changed":false,"footnotes":""},"acf":[],"_links":{"self":[{"href":"https:\/\/www.cfn-nce.ca\/fr\/wp-json\/wp\/v2\/pages\/11985"}],"collection":[{"href":"https:\/\/www.cfn-nce.ca\/fr\/wp-json\/wp\/v2\/pages"}],"about":[{"href":"https:\/\/www.cfn-nce.ca\/fr\/wp-json\/wp\/v2\/types\/page"}],"author":[{"embeddable":true,"href":"https:\/\/www.cfn-nce.ca\/fr\/wp-json\/wp\/v2\/users\/95"}],"replies":[{"embeddable":true,"href":"https:\/\/www.cfn-nce.ca\/fr\/wp-json\/wp\/v2\/comments?post=11985"}],"version-history":[{"count":2,"href":"https:\/\/www.cfn-nce.ca\/fr\/wp-json\/wp\/v2\/pages\/11985\/revisions"}],"predecessor-version":[{"id":16089,"href":"https:\/\/www.cfn-nce.ca\/fr\/wp-json\/wp\/v2\/pages\/11985\/revisions\/16089"}],"up":[{"embeddable":true,"href":"https:\/\/www.cfn-nce.ca\/fr\/wp-json\/wp\/v2\/pages\/2896"}],"wp:attachment":[{"href":"https:\/\/www.cfn-nce.ca\/fr\/wp-json\/wp\/v2\/media?parent=11985"}],"curies":[{"name":"wp","href":"https:\/\/api.w.org\/{rel}","templated":true}]}}