{"id":11986,"date":"2020-03-30T13:07:44","date_gmt":"2020-03-30T17:07:44","guid":{"rendered":"https:\/\/www.cfn-nce.ca\/?page_id=11986"},"modified":"2022-12-16T13:13:29","modified_gmt":"2022-12-16T18:13:29","slug":"programme-de-bourses-catalyseur-de-2014","status":"publish","type":"page","link":"https:\/\/www.cfn-nce.ca\/fr\/improving-evidence-through-research-and-kt\/nos-travaux-de-recherche-et-dapplication-des-connaissances\/our-portfolio-by-grant-type-or-competition\/programme-de-bourses-catalyseur-de-2014\/","title":{"rendered":"Programme de bourses \u00ab catalyseur \u00bb de 2014"},"content":{"rendered":"<p>Le RCSPF a lanc\u00e9 son deuxi\u00e8me concours dans le cadre du Programme de bourses \u00ab\u00a0catalyseur\u00a0\u00bb, le 2\u00a0septembre\u00a02014.<\/p>\n<p>Le Programme de bourses \u00ab\u00a0catalyseur\u00a0\u00bb finance des projets d\u2019une dur\u00e9e maximale d\u2019un an et d\u2019un montant maximal de 100\u00a0000\u00a0$ chacun (jusqu\u2019\u00e0 150\u00a0000\u00a0$ dans le cas de projets d\u2019une valeur exceptionnelle et moyennant une justification ad\u00e9quate). Un financement de contrepartie de 25\u00a0% est exig\u00e9 pour le concours de 2014.<\/p>\n<p>Le programme appuie la r\u00e9alisation d\u2019\u00e9tudes de recherche adaptable, y compris des \u00e9tudes pilotes, des \u00e9tudes de faisabilit\u00e9, des \u00e9tudes d\u2019application des connaissances ainsi que des d\u00e9marches nouvelles et novatrices qui correspondent aux priorit\u00e9s et aux th\u00e8mes en mati\u00e8re de recherche. On s\u2019attend \u00e0 ce que les projets retenus puissent \u00eatre admissibles \u00e0 des possibilit\u00e9s de financement du RCSPF de plus grande envergure.<\/p>\n<p><strong>Projets financ\u00e9s<\/strong><\/p>\n","protected":false},"excerpt":{"rendered":"<p>Le RCSPF a lanc\u00e9 son deuxi\u00e8me concours dans le cadre du Programme de bourses \u00ab\u00a0catalyseur\u00a0\u00bb, le 2\u00a0septembre\u00a02014. Le Programme de bourses \u00ab\u00a0catalyseur\u00a0\u00bb finance des projets d\u2019une dur\u00e9e maximale d\u2019un an et d\u2019un montant maximal de 100\u00a0000\u00a0$ chacun (jusqu\u2019\u00e0 150\u00a0000\u00a0$ dans le cas de projets d\u2019une valeur exceptionnelle et moyennant une justification ad\u00e9quate). Un financement de&#8230;<\/p>\n","protected":false},"author":95,"featured_media":0,"parent":2896,"menu_order":-8,"comment_status":"closed","ping_status":"closed","template":"","meta":{"_acf_changed":false,"footnotes":""},"acf":[],"_links":{"self":[{"href":"https:\/\/www.cfn-nce.ca\/fr\/wp-json\/wp\/v2\/pages\/11986"}],"collection":[{"href":"https:\/\/www.cfn-nce.ca\/fr\/wp-json\/wp\/v2\/pages"}],"about":[{"href":"https:\/\/www.cfn-nce.ca\/fr\/wp-json\/wp\/v2\/types\/page"}],"author":[{"embeddable":true,"href":"https:\/\/www.cfn-nce.ca\/fr\/wp-json\/wp\/v2\/users\/95"}],"replies":[{"embeddable":true,"href":"https:\/\/www.cfn-nce.ca\/fr\/wp-json\/wp\/v2\/comments?post=11986"}],"version-history":[{"count":2,"href":"https:\/\/www.cfn-nce.ca\/fr\/wp-json\/wp\/v2\/pages\/11986\/revisions"}],"predecessor-version":[{"id":16090,"href":"https:\/\/www.cfn-nce.ca\/fr\/wp-json\/wp\/v2\/pages\/11986\/revisions\/16090"}],"up":[{"embeddable":true,"href":"https:\/\/www.cfn-nce.ca\/fr\/wp-json\/wp\/v2\/pages\/2896"}],"wp:attachment":[{"href":"https:\/\/www.cfn-nce.ca\/fr\/wp-json\/wp\/v2\/media?parent=11986"}],"curies":[{"name":"wp","href":"https:\/\/api.w.org\/{rel}","templated":true}]}}