{"id":11987,"date":"2020-03-30T13:22:29","date_gmt":"2020-03-30T17:22:29","guid":{"rendered":"https:\/\/www.cfn-nce.ca\/?page_id=11987"},"modified":"2022-12-16T13:14:01","modified_gmt":"2022-12-16T18:14:01","slug":"programme-de-bourses-de-mise-en-oeuvre-de-2015-mesure-de-la-fragilisation","status":"publish","type":"page","link":"https:\/\/www.cfn-nce.ca\/fr\/improving-evidence-through-research-and-kt\/nos-travaux-de-recherche-et-dapplication-des-connaissances\/our-portfolio-by-grant-type-or-competition\/programme-de-bourses-de-mise-en-oeuvre-de-2015-mesure-de-la-fragilisation\/","title":{"rendered":"Programme de bourses de mise en \u0153uvre de 2015 (mesure de la fragilisation)"},"content":{"rendered":"<p>En f\u00e9vrier 2015, le RCSPF a offert des bourses dans le cadre d\u2019un concours visant la mesure du degr\u00e9 de fragilisation des personnes \u00e2g\u00e9es.<\/p>\n<p>La mesure de la fragilisation des personnes \u00e2g\u00e9es nous aide \u00e0 d\u00e9finir les soins et les contextes de soins les plus appropri\u00e9s pour ces personnes. On a d\u2019ailleurs constat\u00e9 que le d\u00e9pistage h\u00e2tif de la fragilisation peut aider les patients et leurs soignants formels et informels \u00e0 mieux choisir parmi les options th\u00e9rapeutiques et traitements m\u00e9dicaux, qu\u2019il s\u2019agisse de soins de courte dur\u00e9e, de soins de r\u00e9tablissement, de planification pr\u00e9alable des soins ou de soins en fin de vie.<\/p>\n<p>Les projets financ\u00e9s dans le cadre de ce concours doivent porter sur la faisabilit\u00e9 d\u2019op\u00e9rationnaliser la mesure de la fragilisation dans un ou plusieurs contextes de soins, comme les soins de courte dur\u00e9e et les soins en \u00e9tablissement ou \u00e0 domicile. Ils doivent permettre d\u2019\u00e9valuer si le fait de mesurer la fragilisation peut avoir une incidence positive sur les interventions et traitements que re\u00e7oivent les patients \u00e2g\u00e9s et sur l\u2019\u00e9tat de sant\u00e9 de ces patients. Les \u00e9tudes ont \u00e9t\u00e9 men\u00e9es dans plusieurs territoires de comp\u00e9tence afin de d\u00e9montrer leur possibilit\u00e9 d\u2019adaptation future. Un financement de contrepartie d\u2019au moins 25\u00a0% est exig\u00e9 pour les deux concours. Dur\u00e9e\u00a0:\u00a012\u00a0mois \u00e0 partir du moment de l\u2019approbation. Budget : au plus 100\u00a0000\u00a0$ par proposition.<\/p>\n<p><strong>Projets financ\u00e9s<\/strong><\/p>\n<p><em>Douze projets ont \u00e9t\u00e9 financ\u00e9s et, pour une vingtaine de chercheurs principaux, il s\u2019agissait du premier financement.<\/em><\/p>\n","protected":false},"excerpt":{"rendered":"<p>En f\u00e9vrier 2015, le RCSPF a offert des bourses dans le cadre d\u2019un concours visant la mesure du degr\u00e9 de fragilisation des personnes \u00e2g\u00e9es. La mesure de la fragilisation des personnes \u00e2g\u00e9es nous aide \u00e0 d\u00e9finir les soins et les contextes de soins les plus appropri\u00e9s pour ces personnes. On a d\u2019ailleurs constat\u00e9 que le&#8230;<\/p>\n","protected":false},"author":95,"featured_media":0,"parent":2896,"menu_order":-7,"comment_status":"closed","ping_status":"closed","template":"","meta":{"_acf_changed":false,"footnotes":""},"acf":[],"_links":{"self":[{"href":"https:\/\/www.cfn-nce.ca\/fr\/wp-json\/wp\/v2\/pages\/11987"}],"collection":[{"href":"https:\/\/www.cfn-nce.ca\/fr\/wp-json\/wp\/v2\/pages"}],"about":[{"href":"https:\/\/www.cfn-nce.ca\/fr\/wp-json\/wp\/v2\/types\/page"}],"author":[{"embeddable":true,"href":"https:\/\/www.cfn-nce.ca\/fr\/wp-json\/wp\/v2\/users\/95"}],"replies":[{"embeddable":true,"href":"https:\/\/www.cfn-nce.ca\/fr\/wp-json\/wp\/v2\/comments?post=11987"}],"version-history":[{"count":2,"href":"https:\/\/www.cfn-nce.ca\/fr\/wp-json\/wp\/v2\/pages\/11987\/revisions"}],"predecessor-version":[{"id":16091,"href":"https:\/\/www.cfn-nce.ca\/fr\/wp-json\/wp\/v2\/pages\/11987\/revisions\/16091"}],"up":[{"embeddable":true,"href":"https:\/\/www.cfn-nce.ca\/fr\/wp-json\/wp\/v2\/pages\/2896"}],"wp:attachment":[{"href":"https:\/\/www.cfn-nce.ca\/fr\/wp-json\/wp\/v2\/media?parent=11987"}],"curies":[{"name":"wp","href":"https:\/\/api.w.org\/{rel}","templated":true}]}}