{"id":11988,"date":"2020-03-30T13:09:42","date_gmt":"2020-03-30T17:09:42","guid":{"rendered":"https:\/\/www.cfn-nce.ca\/?page_id=11988"},"modified":"2022-12-16T13:14:32","modified_gmt":"2022-12-16T18:14:32","slug":"programme-de-bourses-catalyseur-de-2015","status":"publish","type":"page","link":"https:\/\/www.cfn-nce.ca\/fr\/improving-evidence-through-research-and-kt\/nos-travaux-de-recherche-et-dapplication-des-connaissances\/our-portfolio-by-grant-type-or-competition\/programme-de-bourses-catalyseur-de-2015\/","title":{"rendered":"Programme de bourses \u00ab catalyseur \u00bb de 2015"},"content":{"rendered":"<p>Le RCSPF a lanc\u00e9\u00a0le troisi\u00e8me concours du Programme de bourses \u00ab\u00a0catalyseur\u00a0\u00bb le 8\u00a0septembre\u00a02015.<\/p>\n<p>Le Programme de bourses \u00ab\u00a0catalyseur\u00a0\u00bb finance des projets d\u2019une dur\u00e9e maximale d\u2019un (1) an et d\u2019un montant maximal de 100\u00a0000\u00a0$ chacun. Les proposants doivent obtenir un financement correspondant \u00e0 50 % des fonds de ce concours et en pr\u00e9senter la preuve.<\/p>\n<p>Le programme finance des recherches \u00e9chelonnables, dont des projets pilotes et des \u00e9tudes de faisabilit\u00e9 et translationnelles, ainsi que des approches originales et novatrices correspondant aux priorit\u00e9s strat\u00e9giques et aux th\u00e8mes de recherche du RCSPF. Les projets \u00ab\u00a0catalyseur\u00a0\u00bb retenus pourront \u00e9ventuellement se qualifier pour des occasions de financement du RCSPF\u00a0de plus grande envergure dans l\u2019avenir.<\/p>\n<p><strong>Projets financ\u00e9s<\/strong><\/p>\n","protected":false},"excerpt":{"rendered":"<p>Le RCSPF a lanc\u00e9\u00a0le troisi\u00e8me concours du Programme de bourses \u00ab\u00a0catalyseur\u00a0\u00bb le 8\u00a0septembre\u00a02015. Le Programme de bourses \u00ab\u00a0catalyseur\u00a0\u00bb finance des projets d\u2019une dur\u00e9e maximale d\u2019un (1) an et d\u2019un montant maximal de 100\u00a0000\u00a0$ chacun. Les proposants doivent obtenir un financement correspondant \u00e0 50 % des fonds de ce concours et en pr\u00e9senter la preuve. Le&#8230;<\/p>\n","protected":false},"author":95,"featured_media":0,"parent":2896,"menu_order":-6,"comment_status":"closed","ping_status":"closed","template":"","meta":{"_acf_changed":false,"footnotes":""},"acf":[],"_links":{"self":[{"href":"https:\/\/www.cfn-nce.ca\/fr\/wp-json\/wp\/v2\/pages\/11988"}],"collection":[{"href":"https:\/\/www.cfn-nce.ca\/fr\/wp-json\/wp\/v2\/pages"}],"about":[{"href":"https:\/\/www.cfn-nce.ca\/fr\/wp-json\/wp\/v2\/types\/page"}],"author":[{"embeddable":true,"href":"https:\/\/www.cfn-nce.ca\/fr\/wp-json\/wp\/v2\/users\/95"}],"replies":[{"embeddable":true,"href":"https:\/\/www.cfn-nce.ca\/fr\/wp-json\/wp\/v2\/comments?post=11988"}],"version-history":[{"count":2,"href":"https:\/\/www.cfn-nce.ca\/fr\/wp-json\/wp\/v2\/pages\/11988\/revisions"}],"predecessor-version":[{"id":16092,"href":"https:\/\/www.cfn-nce.ca\/fr\/wp-json\/wp\/v2\/pages\/11988\/revisions\/16092"}],"up":[{"embeddable":true,"href":"https:\/\/www.cfn-nce.ca\/fr\/wp-json\/wp\/v2\/pages\/2896"}],"wp:attachment":[{"href":"https:\/\/www.cfn-nce.ca\/fr\/wp-json\/wp\/v2\/media?parent=11988"}],"curies":[{"name":"wp","href":"https:\/\/api.w.org\/{rel}","templated":true}]}}