{"id":11989,"date":"2020-03-30T13:11:33","date_gmt":"2020-03-30T17:11:33","guid":{"rendered":"https:\/\/www.cfn-nce.ca\/?page_id=11989"},"modified":"2022-12-16T13:15:00","modified_gmt":"2022-12-16T18:15:00","slug":"programme-detudes-pilotes-de-2015","status":"publish","type":"page","link":"https:\/\/www.cfn-nce.ca\/fr\/improving-evidence-through-research-and-kt\/nos-travaux-de-recherche-et-dapplication-des-connaissances\/our-portfolio-by-grant-type-or-competition\/programme-detudes-pilotes-de-2015\/","title":{"rendered":"Programme d\u2019\u00e9tudes pilotes de 2015"},"content":{"rendered":"<p>En juin 2015, le R\u00e9seau a invit\u00e9 les chercheurs et \u00e9quipes de recherche \u00e0 pr\u00e9senter des propositions visant de grands projets de recherche transformationnelle montrant le potentiel de r\u00e9volutionner les soins destin\u00e9s aux Canadiens \u00e2g\u00e9s et fragilis\u00e9s. Les chercheurs retenus ont r\u00e9alis\u00e9 des projets pilotes en 2016, et ont amorc\u00e9 leurs travaux complets en 2017.<\/p>\n<p>Ce programme vise \u00e0 financer des projets de recherche exceptionnellement novateurs qui auront un impact \u00e9conomique et social important sur le syst\u00e8me de soins de sant\u00e9 du Canada. Par \u00ab\u00a0recherche transformationnelle\u00a0\u00bb, le R\u00e9seau entend des projets qui visent \u00e0 modifier consid\u00e9rablement la pratique actuelle concernant les a\u00een\u00e9s fragilis\u00e9s gr\u00e2ce \u00e0 l\u2019application de m\u00e9thodes, de pratiques ou de concepts scientifiques ou m\u00e9dicaux actuels ou nouveaux. On pr\u00e9voit qu\u2019advenant la r\u00e9ussite de ces projets de grande envergure, les connaissances qui en d\u00e9couleront pourront \u00eatre appliqu\u00e9es \u00e0 l\u2019ensemble du r\u00e9seau canadien de la sant\u00e9.<\/p>\n<p>Pour en savoir davantage sur les projets pilotes, veuillez cliquer sur le nom d\u2019un des projets ci-dessous\u00a0:<\/p>\n<p><strong>PROJETS PILOTES ENTREPRIS<\/strong><\/p>\n","protected":false},"excerpt":{"rendered":"<p>En juin 2015, le R\u00e9seau a invit\u00e9 les chercheurs et \u00e9quipes de recherche \u00e0 pr\u00e9senter des propositions visant de grands projets de recherche transformationnelle montrant le potentiel de r\u00e9volutionner les soins destin\u00e9s aux Canadiens \u00e2g\u00e9s et fragilis\u00e9s. Les chercheurs retenus ont r\u00e9alis\u00e9 des projets pilotes en 2016, et ont amorc\u00e9 leurs travaux complets en 2017&#8230;.<\/p>\n","protected":false},"author":95,"featured_media":0,"parent":2896,"menu_order":-5,"comment_status":"closed","ping_status":"closed","template":"","meta":{"_acf_changed":false,"footnotes":""},"acf":[],"_links":{"self":[{"href":"https:\/\/www.cfn-nce.ca\/fr\/wp-json\/wp\/v2\/pages\/11989"}],"collection":[{"href":"https:\/\/www.cfn-nce.ca\/fr\/wp-json\/wp\/v2\/pages"}],"about":[{"href":"https:\/\/www.cfn-nce.ca\/fr\/wp-json\/wp\/v2\/types\/page"}],"author":[{"embeddable":true,"href":"https:\/\/www.cfn-nce.ca\/fr\/wp-json\/wp\/v2\/users\/95"}],"replies":[{"embeddable":true,"href":"https:\/\/www.cfn-nce.ca\/fr\/wp-json\/wp\/v2\/comments?post=11989"}],"version-history":[{"count":2,"href":"https:\/\/www.cfn-nce.ca\/fr\/wp-json\/wp\/v2\/pages\/11989\/revisions"}],"predecessor-version":[{"id":16093,"href":"https:\/\/www.cfn-nce.ca\/fr\/wp-json\/wp\/v2\/pages\/11989\/revisions\/16093"}],"up":[{"embeddable":true,"href":"https:\/\/www.cfn-nce.ca\/fr\/wp-json\/wp\/v2\/pages\/2896"}],"wp:attachment":[{"href":"https:\/\/www.cfn-nce.ca\/fr\/wp-json\/wp\/v2\/media?parent=11989"}],"curies":[{"name":"wp","href":"https:\/\/api.w.org\/{rel}","templated":true}]}}