{"id":11990,"date":"2020-03-30T13:11:51","date_gmt":"2020-03-30T17:11:51","guid":{"rendered":"https:\/\/www.cfn-nce.ca\/?page_id=11990"},"modified":"2022-12-16T13:15:26","modified_gmt":"2022-12-16T18:15:26","slug":"programme-de-bourses-catalyseur-de-2017-optimisation-de-la-pharmacotherapie","status":"publish","type":"page","link":"https:\/\/www.cfn-nce.ca\/fr\/improving-evidence-through-research-and-kt\/nos-travaux-de-recherche-et-dapplication-des-connaissances\/our-portfolio-by-grant-type-or-competition\/programme-de-bourses-catalyseur-de-2017-optimisation-de-la-pharmacotherapie\/","title":{"rendered":"Programme de bourses \u00ab catalyseur \u00bb de 2017 (optimisation de la pharmacoth\u00e9rapie)"},"content":{"rendered":"<p>Ce concours a vis\u00e9 le financement de projets de recherche novateurs sur les pr\u00e9occupations entourant la polypharmacie et les pharmacoth\u00e9rapies chez les Canadiens \u00e2g\u00e9s et fragilis\u00e9s. Ces projets se veulent la premi\u00e8re \u00e9tape du renforcement de la capacit\u00e9 en ce qui concerne la prescription\/d\u00e9prescription de m\u00e9dicaments et la gestion des pharmacoth\u00e9rapies en g\u00e9n\u00e9ral.<\/p>\n<p>Le concours a \u00e9t\u00e9 pr\u00e9sent\u00e9 en collaboration avec la <u>Fondation de la recherche en sant\u00e9 du Nouveau-Brunswick<\/u> et les <u>Instituts de recherche en sant\u00e9 du Canada<\/u>.<\/p>\n<p><strong>Projets financ\u00e9s<\/strong><\/p>\n","protected":false},"excerpt":{"rendered":"<p>Ce concours a vis\u00e9 le financement de projets de recherche novateurs sur les pr\u00e9occupations entourant la polypharmacie et les pharmacoth\u00e9rapies chez les Canadiens \u00e2g\u00e9s et fragilis\u00e9s. Ces projets se veulent la premi\u00e8re \u00e9tape du renforcement de la capacit\u00e9 en ce qui concerne la prescription\/d\u00e9prescription de m\u00e9dicaments et la gestion des pharmacoth\u00e9rapies en g\u00e9n\u00e9ral. Le concours&#8230;<\/p>\n","protected":false},"author":95,"featured_media":0,"parent":2896,"menu_order":-4,"comment_status":"closed","ping_status":"closed","template":"","meta":{"_acf_changed":false,"footnotes":""},"acf":[],"_links":{"self":[{"href":"https:\/\/www.cfn-nce.ca\/fr\/wp-json\/wp\/v2\/pages\/11990"}],"collection":[{"href":"https:\/\/www.cfn-nce.ca\/fr\/wp-json\/wp\/v2\/pages"}],"about":[{"href":"https:\/\/www.cfn-nce.ca\/fr\/wp-json\/wp\/v2\/types\/page"}],"author":[{"embeddable":true,"href":"https:\/\/www.cfn-nce.ca\/fr\/wp-json\/wp\/v2\/users\/95"}],"replies":[{"embeddable":true,"href":"https:\/\/www.cfn-nce.ca\/fr\/wp-json\/wp\/v2\/comments?post=11990"}],"version-history":[{"count":2,"href":"https:\/\/www.cfn-nce.ca\/fr\/wp-json\/wp\/v2\/pages\/11990\/revisions"}],"predecessor-version":[{"id":16094,"href":"https:\/\/www.cfn-nce.ca\/fr\/wp-json\/wp\/v2\/pages\/11990\/revisions\/16094"}],"up":[{"embeddable":true,"href":"https:\/\/www.cfn-nce.ca\/fr\/wp-json\/wp\/v2\/pages\/2896"}],"wp:attachment":[{"href":"https:\/\/www.cfn-nce.ca\/fr\/wp-json\/wp\/v2\/media?parent=11990"}],"curies":[{"name":"wp","href":"https:\/\/api.w.org\/{rel}","templated":true}]}}