{"id":11992,"date":"2020-03-30T13:19:26","date_gmt":"2020-03-30T17:19:26","guid":{"rendered":"https:\/\/www.cfn-nce.ca\/?page_id=11992"},"modified":"2022-12-16T13:09:25","modified_gmt":"2022-12-16T18:09:25","slug":"programme-de-bourses-pour-linnovation-technologique-dans-le-domaine-de-la-sante-de-2014","status":"publish","type":"page","link":"https:\/\/www.cfn-nce.ca\/fr\/improving-evidence-through-research-and-kt\/nos-travaux-de-recherche-et-dapplication-des-connaissances\/our-portfolio-by-grant-type-or-competition\/programme-de-bourses-pour-linnovation-technologique-dans-le-domaine-de-la-sante-de-2014\/","title":{"rendered":"Programme de bourses pour l\u2019innovation technologique dans le domaine de la sant\u00e9 de 2014"},"content":{"rendered":"<p>Le RCSPF et la <u>Facult\u00e9 de g\u00e9nie et des sciences de l\u2019architecture de l\u2019Universit\u00e9 Ryerson<\/u>\u00a0ont form\u00e9 un partenariat en septembre\u00a02014 pour offrir une occasion de financement aux chercheurs et aux ing\u00e9nieurs qui mettent au point des technologies pouvant servir \u00e0 am\u00e9liorer la vie des a\u00een\u00e9s fragilis\u00e9s et gravement malades.<\/p>\n<p>Les bourses pour l\u2019innovation technologique dans le domaine de la sant\u00e9 sont vers\u00e9es pour des projets d\u2019au plus 20\u00a0000\u00a0$ et d\u2019une dur\u00e9e maximale de 12\u00a0mois chacun.<\/p>\n<p>Ce programme vise pr\u00e9cis\u00e9ment \u00e0 soutenir la r\u00e9alisation d\u2019\u00e9tudes visant l\u2019\u00e9tablissement de la preuve d\u2019un concept, la cr\u00e9ation de nouvelles m\u00e9thodes ou le perfectionnement de techniques existantes afin d\u2019am\u00e9liorer la qualit\u00e9 de vie de nos a\u00een\u00e9s fragilis\u00e9s et gravement malades et les soins qui leur sont prodigu\u00e9s. Selon le RCSPF, la technologie couvre un large spectre, qui comprend les m\u00e9dicaments, les appareils, les supports num\u00e9riques, les produits de connaissance et les strat\u00e9gies d\u2019am\u00e9lioration ou les outils utilis\u00e9s dans l\u2019\u00e9tablissement du diagnostic et la prestation du traitement ou des soins palliatifs \u00e0 la population cible.<\/p>\n<p><strong>Projets financ\u00e9s<\/strong><\/p>\n","protected":false},"excerpt":{"rendered":"<p>Le RCSPF et la Facult\u00e9 de g\u00e9nie et des sciences de l\u2019architecture de l\u2019Universit\u00e9 Ryerson\u00a0ont form\u00e9 un partenariat en septembre\u00a02014 pour offrir une occasion de financement aux chercheurs et aux ing\u00e9nieurs qui mettent au point des technologies pouvant servir \u00e0 am\u00e9liorer la vie des a\u00een\u00e9s fragilis\u00e9s et gravement malades. Les bourses pour l\u2019innovation technologique dans&#8230;<\/p>\n","protected":false},"author":95,"featured_media":0,"parent":2896,"menu_order":-14,"comment_status":"closed","ping_status":"closed","template":"","meta":{"_acf_changed":false,"footnotes":""},"acf":[],"_links":{"self":[{"href":"https:\/\/www.cfn-nce.ca\/fr\/wp-json\/wp\/v2\/pages\/11992"}],"collection":[{"href":"https:\/\/www.cfn-nce.ca\/fr\/wp-json\/wp\/v2\/pages"}],"about":[{"href":"https:\/\/www.cfn-nce.ca\/fr\/wp-json\/wp\/v2\/types\/page"}],"author":[{"embeddable":true,"href":"https:\/\/www.cfn-nce.ca\/fr\/wp-json\/wp\/v2\/users\/95"}],"replies":[{"embeddable":true,"href":"https:\/\/www.cfn-nce.ca\/fr\/wp-json\/wp\/v2\/comments?post=11992"}],"version-history":[{"count":2,"href":"https:\/\/www.cfn-nce.ca\/fr\/wp-json\/wp\/v2\/pages\/11992\/revisions"}],"predecessor-version":[{"id":16083,"href":"https:\/\/www.cfn-nce.ca\/fr\/wp-json\/wp\/v2\/pages\/11992\/revisions\/16083"}],"up":[{"embeddable":true,"href":"https:\/\/www.cfn-nce.ca\/fr\/wp-json\/wp\/v2\/pages\/2896"}],"wp:attachment":[{"href":"https:\/\/www.cfn-nce.ca\/fr\/wp-json\/wp\/v2\/media?parent=11992"}],"curies":[{"name":"wp","href":"https:\/\/api.w.org\/{rel}","templated":true}]}}