{"id":11993,"date":"2020-03-30T13:20:41","date_gmt":"2020-03-30T17:20:41","guid":{"rendered":"https:\/\/www.cfn-nce.ca\/?page_id=11993"},"modified":"2022-12-16T13:09:56","modified_gmt":"2022-12-16T18:09:56","slug":"programme-de-bourses-de-synthese-des-connaissances-de-2013","status":"publish","type":"page","link":"https:\/\/www.cfn-nce.ca\/fr\/improving-evidence-through-research-and-kt\/nos-travaux-de-recherche-et-dapplication-des-connaissances\/our-portfolio-by-grant-type-or-competition\/programme-de-bourses-de-synthese-des-connaissances-de-2013\/","title":{"rendered":"Programme de bourses de synth\u00e8se des connaissances de 2013"},"content":{"rendered":"<p>Le 1<sup>er<\/sup> novembre 2013, le RCSPF a annonc\u00e9 l\u2019octroi de sept bourses dans le cadre du Programme de bourses de synth\u00e8se des connaissances de 2013.<\/p>\n<p>&nbsp;<\/p>\n<p>Ces bourses financent les travaux de 36 chercheurs (dont huit nouveaux chercheurs et trois nouveaux \u00e9tablissements li\u00e9s au R\u00e9seau), assist\u00e9s de nombreux partenaires et stagiaires. Les r\u00e9cipiendaires, qui travaillent en partenariat avec un groupe diversifi\u00e9 de cochercheurs et d\u2019utilisateurs de connaissances, repr\u00e9sentent un vaste \u00e9ventail de disciplines et d\u2019\u00e9tablissements.<\/p>\n<p>Le Programme de bourses de synth\u00e8se des connaissances appuie des \u00e9quipes de chercheurs et d\u2019utilisateurs de connaissances pour qu\u2019ils produisent des \u00e9tudes qui contribuent \u00e0 l\u2019utilisation de donn\u00e9es synth\u00e9tis\u00e9es pour la prise de d\u00e9cisions et la pratique. Les travaux serviront \u00e0 orienter les futures priorit\u00e9s en mati\u00e8re de recherche et \u00e0 appuyer l\u2019\u00e9laboration de rapports et les activit\u00e9s d\u2019application des connaissances du R\u00e9seau.<\/p>\n<p><strong>Projets financ\u00e9s<\/strong><\/p>\n","protected":false},"excerpt":{"rendered":"<p>Le 1er novembre 2013, le RCSPF a annonc\u00e9 l\u2019octroi de sept bourses dans le cadre du Programme de bourses de synth\u00e8se des connaissances de 2013. &nbsp; Ces bourses financent les travaux de 36 chercheurs (dont huit nouveaux chercheurs et trois nouveaux \u00e9tablissements li\u00e9s au R\u00e9seau), assist\u00e9s de nombreux partenaires et stagiaires. Les r\u00e9cipiendaires, qui travaillent&#8230;<\/p>\n","protected":false},"author":95,"featured_media":0,"parent":2896,"menu_order":-13,"comment_status":"closed","ping_status":"closed","template":"","meta":{"_acf_changed":false,"footnotes":""},"acf":[],"_links":{"self":[{"href":"https:\/\/www.cfn-nce.ca\/fr\/wp-json\/wp\/v2\/pages\/11993"}],"collection":[{"href":"https:\/\/www.cfn-nce.ca\/fr\/wp-json\/wp\/v2\/pages"}],"about":[{"href":"https:\/\/www.cfn-nce.ca\/fr\/wp-json\/wp\/v2\/types\/page"}],"author":[{"embeddable":true,"href":"https:\/\/www.cfn-nce.ca\/fr\/wp-json\/wp\/v2\/users\/95"}],"replies":[{"embeddable":true,"href":"https:\/\/www.cfn-nce.ca\/fr\/wp-json\/wp\/v2\/comments?post=11993"}],"version-history":[{"count":2,"href":"https:\/\/www.cfn-nce.ca\/fr\/wp-json\/wp\/v2\/pages\/11993\/revisions"}],"predecessor-version":[{"id":16084,"href":"https:\/\/www.cfn-nce.ca\/fr\/wp-json\/wp\/v2\/pages\/11993\/revisions\/16084"}],"up":[{"embeddable":true,"href":"https:\/\/www.cfn-nce.ca\/fr\/wp-json\/wp\/v2\/pages\/2896"}],"wp:attachment":[{"href":"https:\/\/www.cfn-nce.ca\/fr\/wp-json\/wp\/v2\/media?parent=11993"}],"curies":[{"name":"wp","href":"https:\/\/api.w.org\/{rel}","templated":true}]}}