{"id":11995,"date":"2020-03-30T13:08:49","date_gmt":"2020-03-30T17:08:49","guid":{"rendered":"https:\/\/www.cfn-nce.ca\/?page_id=11995"},"modified":"2022-12-16T13:11:07","modified_gmt":"2022-12-16T18:11:07","slug":"programme-de-bourses-de-synthese-des-connaissances-de-2015-mesure-de-la-fragilisation","status":"publish","type":"page","link":"https:\/\/www.cfn-nce.ca\/fr\/improving-evidence-through-research-and-kt\/nos-travaux-de-recherche-et-dapplication-des-connaissances\/our-portfolio-by-grant-type-or-competition\/programme-de-bourses-de-synthese-des-connaissances-de-2015-mesure-de-la-fragilisation\/","title":{"rendered":"Programme de bourses de synth\u00e8se des connaissances de 2015 (mesure de la fragilisation)"},"content":{"rendered":"<p>En f\u00e9vrier 2015, le RCSPF a offert des fonds dans le cadre d\u2019un concours visant la mesure du degr\u00e9 de fragilisation des personnes \u00e2g\u00e9es.<\/p>\n<p>La mesure de la fragilisation des personnes \u00e2g\u00e9es nous aide \u00e0 d\u00e9finir les soins et les contextes de soins les plus appropri\u00e9s pour ces personnes. On a d\u2019ailleurs constat\u00e9 que le d\u00e9pistage h\u00e2tif de la fragilisation peut aider les patients et leurs soignants officiels ou officieux \u00e0 mieux choisir parmi les options th\u00e9rapeutiques et traitements m\u00e9dicaux, qu\u2019il s\u2019agisse de soins de courte dur\u00e9e, de soins de r\u00e9tablissement, de planification pr\u00e9alable des soins ou de soins de fin de vie.<\/p>\n<p>Les projets financ\u00e9s par ce programme permettront de mieux d\u00e9finir les priorit\u00e9s des prochains travaux de recherche du R\u00e9seau et d\u2019orienter les activit\u00e9s d\u2019application des connaissances \u00e0 venir, puisqu\u2019ils porteront sur l\u2019examen et l\u2019analyse approfondis du degr\u00e9 de fragilisation des personnes \u00e2g\u00e9es, sur la pertinence d\u2019op\u00e9rationnaliser la mesure du degr\u00e9 de fragilisation dans divers contextes de soins et sur des options de pr\u00e9vention et de traitement de la fragilisation. Un financement de contrepartie d\u2019au moins 25\u00a0% est exig\u00e9. Dur\u00e9e : au plus six mois \u00e0 partir du moment de l\u2019approbation. Budget : 25\u00a0000\u00a0$ &#8211; 50\u00a0000\u00a0$ par proposition.<\/p>\n<p><strong>Projets financ\u00e9s<\/strong><\/p>\n","protected":false},"excerpt":{"rendered":"<p>En f\u00e9vrier 2015, le RCSPF a offert des fonds dans le cadre d\u2019un concours visant la mesure du degr\u00e9 de fragilisation des personnes \u00e2g\u00e9es. La mesure de la fragilisation des personnes \u00e2g\u00e9es nous aide \u00e0 d\u00e9finir les soins et les contextes de soins les plus appropri\u00e9s pour ces personnes. On a d\u2019ailleurs constat\u00e9 que le&#8230;<\/p>\n","protected":false},"author":95,"featured_media":0,"parent":2896,"menu_order":-11,"comment_status":"closed","ping_status":"closed","template":"","meta":{"_acf_changed":false,"footnotes":""},"acf":[],"_links":{"self":[{"href":"https:\/\/www.cfn-nce.ca\/fr\/wp-json\/wp\/v2\/pages\/11995"}],"collection":[{"href":"https:\/\/www.cfn-nce.ca\/fr\/wp-json\/wp\/v2\/pages"}],"about":[{"href":"https:\/\/www.cfn-nce.ca\/fr\/wp-json\/wp\/v2\/types\/page"}],"author":[{"embeddable":true,"href":"https:\/\/www.cfn-nce.ca\/fr\/wp-json\/wp\/v2\/users\/95"}],"replies":[{"embeddable":true,"href":"https:\/\/www.cfn-nce.ca\/fr\/wp-json\/wp\/v2\/comments?post=11995"}],"version-history":[{"count":4,"href":"https:\/\/www.cfn-nce.ca\/fr\/wp-json\/wp\/v2\/pages\/11995\/revisions"}],"predecessor-version":[{"id":16086,"href":"https:\/\/www.cfn-nce.ca\/fr\/wp-json\/wp\/v2\/pages\/11995\/revisions\/16086"}],"up":[{"embeddable":true,"href":"https:\/\/www.cfn-nce.ca\/fr\/wp-json\/wp\/v2\/pages\/2896"}],"wp:attachment":[{"href":"https:\/\/www.cfn-nce.ca\/fr\/wp-json\/wp\/v2\/media?parent=11995"}],"curies":[{"name":"wp","href":"https:\/\/api.w.org\/{rel}","templated":true}]}}