{"id":11997,"date":"2020-03-30T13:24:37","date_gmt":"2020-03-30T17:24:37","guid":{"rendered":"https:\/\/www.cfn-nce.ca\/?page_id=11997"},"modified":"2022-12-16T13:12:05","modified_gmt":"2022-12-16T18:12:05","slug":"concours-danalyses-contextuelles","status":"publish","type":"page","link":"https:\/\/www.cfn-nce.ca\/fr\/improving-evidence-through-research-and-kt\/nos-travaux-de-recherche-et-dapplication-des-connaissances\/our-portfolio-by-grant-type-or-competition\/concours-danalyses-contextuelles\/","title":{"rendered":"Concours d\u2019analyses contextuelles"},"content":{"rendered":"<p>Ce concours visait \u00e0 trouver un organisme pour concevoir et mettre en \u0153uvre une analyse contextuelle pour examiner syst\u00e9matiquement les soins prodigu\u00e9s aux personnes \u00e2g\u00e9es aux prises avec la fragilisation ou s\u2019approchant de la fin de leur vie. Le R\u00e9seau voulait ainsi \u00eatre en mesure de quantifier le syst\u00e8me de sant\u00e9 et les soins que cette population re\u00e7oit au Canada et de mesurer l\u2019utilisation des ressources de la sant\u00e9, le tout afin d\u2019\u00e9clairer les politiques et les d\u00e9cideurs et de favoriser une meilleure utilisation des ressources de la sant\u00e9.<\/p>\n<p>L\u2019analyse contextuelle a \u00e9t\u00e9 r\u00e9alis\u00e9e au moyen de bases de donn\u00e9es nationales et provinciales sur les patients, y compris celles de l\u2019Institut canadien d\u2019information sur la sant\u00e9, de l\u2019ICES (Institute for Clinical Evaluative Sciences) de l\u2019Ontario et de bases semblables d\u2019autres provinces.<\/p>\n","protected":false},"excerpt":{"rendered":"<p>Ce concours visait \u00e0 trouver un organisme pour concevoir et mettre en \u0153uvre une analyse contextuelle pour examiner syst\u00e9matiquement les soins prodigu\u00e9s aux personnes \u00e2g\u00e9es aux prises avec la fragilisation ou s\u2019approchant de la fin de leur vie. Le R\u00e9seau voulait ainsi \u00eatre en mesure de quantifier le syst\u00e8me de sant\u00e9 et les soins que&#8230;<\/p>\n","protected":false},"author":95,"featured_media":0,"parent":2896,"menu_order":-9,"comment_status":"closed","ping_status":"closed","template":"","meta":{"_acf_changed":false,"footnotes":""},"acf":[],"_links":{"self":[{"href":"https:\/\/www.cfn-nce.ca\/fr\/wp-json\/wp\/v2\/pages\/11997"}],"collection":[{"href":"https:\/\/www.cfn-nce.ca\/fr\/wp-json\/wp\/v2\/pages"}],"about":[{"href":"https:\/\/www.cfn-nce.ca\/fr\/wp-json\/wp\/v2\/types\/page"}],"author":[{"embeddable":true,"href":"https:\/\/www.cfn-nce.ca\/fr\/wp-json\/wp\/v2\/users\/95"}],"replies":[{"embeddable":true,"href":"https:\/\/www.cfn-nce.ca\/fr\/wp-json\/wp\/v2\/comments?post=11997"}],"version-history":[{"count":2,"href":"https:\/\/www.cfn-nce.ca\/fr\/wp-json\/wp\/v2\/pages\/11997\/revisions"}],"predecessor-version":[{"id":16088,"href":"https:\/\/www.cfn-nce.ca\/fr\/wp-json\/wp\/v2\/pages\/11997\/revisions\/16088"}],"up":[{"embeddable":true,"href":"https:\/\/www.cfn-nce.ca\/fr\/wp-json\/wp\/v2\/pages\/2896"}],"wp:attachment":[{"href":"https:\/\/www.cfn-nce.ca\/fr\/wp-json\/wp\/v2\/media?parent=11997"}],"curies":[{"name":"wp","href":"https:\/\/api.w.org\/{rel}","templated":true}]}}