{"id":12082,"date":"2020-03-31T15:56:24","date_gmt":"2020-03-31T19:56:24","guid":{"rendered":"https:\/\/www.cfn-nce.ca\/?page_id=12082"},"modified":"2020-03-31T15:56:24","modified_gmt":"2020-03-31T19:56:24","slug":"un-reseau-voue-aux-canadiens-ages-aux-prises-avec-la-fragilisation-2","status":"publish","type":"page","link":"https:\/\/www.cfn-nce.ca\/fr\/","title":{"rendered":"Un r\u00e9seau vou\u00e9 aux Canadiens \u00e2g\u00e9s aux prises avec la fragilisation"},"content":{"rendered":"<p><strong>Le R\u00e9seau canadien des soins aux personnes fragilis\u00e9es est le seul regroupement au Canada \u00e0 se consacrer \u00e0 l\u2019am\u00e9lioration des soins destin\u00e9s aux Canadiens \u00e2g\u00e9s et fragilis\u00e9s et du soutien offert \u00e0 leur famille et leurs aidants.<\/strong><\/p>\n<p>Nous travaillons \u00e0 mieux faire reconna\u00eetre la fragilisation et \u00e0 en favoriser l\u2019\u00e9valuation, \u00e0 enrichir les connaissances pour mieux \u00e9clairer les d\u00e9cisions, \u00e0 faire \u00e9voluer la pratique \u00e0 la lumi\u00e8re de faits probants, \u00e0 former la prochaine g\u00e9n\u00e9ration de professionnels de la sant\u00e9 et de scientifiques, \u00e0 catalyser le changement dans le r\u00e9seau canadien des services sociaux et de sant\u00e9, et \u00e0 toujours solliciter la participation des personnes \u00e2g\u00e9es, de leurs proches et de leurs aidants.<\/p>\n","protected":false},"excerpt":{"rendered":"<p>Le R\u00e9seau canadien des soins aux personnes fragilis\u00e9es est le seul regroupement au Canada \u00e0 se consacrer \u00e0 l\u2019am\u00e9lioration des soins destin\u00e9s aux Canadiens \u00e2g\u00e9s et fragilis\u00e9s et du soutien offert \u00e0 leur famille et leurs aidants. Nous travaillons \u00e0 mieux faire reconna\u00eetre la fragilisation et \u00e0 en favoriser l\u2019\u00e9valuation, \u00e0 enrichir les connaissances pour&#8230;<\/p>\n","protected":false},"author":95,"featured_media":0,"parent":0,"menu_order":12,"comment_status":"closed","ping_status":"closed","template":"","meta":{"_acf_changed":false,"footnotes":""},"acf":[],"_links":{"self":[{"href":"https:\/\/www.cfn-nce.ca\/fr\/wp-json\/wp\/v2\/pages\/12082"}],"collection":[{"href":"https:\/\/www.cfn-nce.ca\/fr\/wp-json\/wp\/v2\/pages"}],"about":[{"href":"https:\/\/www.cfn-nce.ca\/fr\/wp-json\/wp\/v2\/types\/page"}],"author":[{"embeddable":true,"href":"https:\/\/www.cfn-nce.ca\/fr\/wp-json\/wp\/v2\/users\/95"}],"replies":[{"embeddable":true,"href":"https:\/\/www.cfn-nce.ca\/fr\/wp-json\/wp\/v2\/comments?post=12082"}],"version-history":[{"count":1,"href":"https:\/\/www.cfn-nce.ca\/fr\/wp-json\/wp\/v2\/pages\/12082\/revisions"}],"predecessor-version":[{"id":12083,"href":"https:\/\/www.cfn-nce.ca\/fr\/wp-json\/wp\/v2\/pages\/12082\/revisions\/12083"}],"wp:attachment":[{"href":"https:\/\/www.cfn-nce.ca\/fr\/wp-json\/wp\/v2\/media?parent=12082"}],"curies":[{"name":"wp","href":"https:\/\/api.w.org\/{rel}","templated":true}]}}