{"id":12101,"date":"2020-04-03T10:39:30","date_gmt":"2020-04-03T14:39:30","guid":{"rendered":"https:\/\/www.cfn-nce.ca\/?page_id=12101"},"modified":"2023-05-17T13:53:08","modified_gmt":"2023-05-17T17:53:08","slug":"activites-speciales-a-venir-2","status":"publish","type":"page","link":"https:\/\/www.cfn-nce.ca\/fr\/activites-speciales-a-venir-2\/","title":{"rendered":"Activit\u00e9s sp\u00e9ciales \u00e0 venir"},"content":{"rendered":"<div class=\"wpb-content-wrapper\"><p>[vc_row][vc_column width=\u00a0\u00bb1\/4&Prime;][vc_single_image image=\u00a0\u00bb16410&Prime; onclick=\u00a0\u00bbcustom_link\u00a0\u00bb link=\u00a0\u00bbhttps:\/\/www.cfn-nce.ca\/fr\/activites-speciales-a-venir-2\/sommet-canadien-sur-la-geroscience\/\u00a0\u00bb][\/vc_column][vc_column width=\u00a0\u00bb3\/4&Prime;][vc_column_text]<strong>Le 26\u00a0octobre 2023<\/strong><\/p>\n<p>Retenez cette date! Le R\u00e9seau canadien des soins aux personnes fragilis\u00e9es et <a href=\"https:\/\/cihr-irsc.gc.ca\/f\/8671.html\" target=\"_blank\" rel=\"noopener\">l\u2019Institut du vieillissement des IRSC<\/a> pr\u00e9senteront <a href=\"https:\/\/www.cfn-nce.ca\/fr\/activites-speciales-a-venir-2\/sommet-canadien-sur-la-geroscience\/\">le Sommet canadien sur la g\u00e9roscience<\/a> le jeudi 26 octobre 2023 \u00e0 Toronto.[\/vc_column_text][\/vc_column][\/vc_row][vc_row][vc_column][vc_empty_space][vc_column_text]Revenez ici pour conna\u00eetre les dates et lieux des \u00e9v\u00e9nements \u00e0 venir\u00a0![\/vc_column_text][\/vc_column][\/vc_row]<\/p>\n<\/div>","protected":false},"excerpt":{"rendered":"<p>[vc_row][vc_column width=\u00a0\u00bb1\/4&Prime;][vc_single_image image=\u00a0\u00bb16410&Prime; onclick=\u00a0\u00bbcustom_link\u00a0\u00bb link=\u00a0\u00bbhttps:\/\/www.cfn-nce.ca\/fr\/activites-speciales-a-venir-2\/sommet-canadien-sur-la-geroscience\/\u00a0\u00bb][\/vc_column][vc_column width=\u00a0\u00bb3\/4&Prime;][vc_column_text]Le 26\u00a0octobre 2023 Retenez cette date! Le R\u00e9seau canadien des soins aux personnes fragilis\u00e9es et l\u2019Institut du vieillissement des IRSC pr\u00e9senteront le Sommet canadien sur la g\u00e9roscience le jeudi 26 octobre 2023 \u00e0 Toronto.[\/vc_column_text][\/vc_column][\/vc_row][vc_row][vc_column][vc_empty_space][vc_column_text]Revenez ici pour conna\u00eetre les dates et lieux des \u00e9v\u00e9nements \u00e0 venir\u00a0![\/vc_column_text][\/vc_column][\/vc_row]<\/p>\n","protected":false},"author":95,"featured_media":0,"parent":0,"menu_order":43,"comment_status":"closed","ping_status":"closed","template":"","meta":{"_acf_changed":false,"footnotes":""},"acf":[],"_links":{"self":[{"href":"https:\/\/www.cfn-nce.ca\/fr\/wp-json\/wp\/v2\/pages\/12101"}],"collection":[{"href":"https:\/\/www.cfn-nce.ca\/fr\/wp-json\/wp\/v2\/pages"}],"about":[{"href":"https:\/\/www.cfn-nce.ca\/fr\/wp-json\/wp\/v2\/types\/page"}],"author":[{"embeddable":true,"href":"https:\/\/www.cfn-nce.ca\/fr\/wp-json\/wp\/v2\/users\/95"}],"replies":[{"embeddable":true,"href":"https:\/\/www.cfn-nce.ca\/fr\/wp-json\/wp\/v2\/comments?post=12101"}],"version-history":[{"count":5,"href":"https:\/\/www.cfn-nce.ca\/fr\/wp-json\/wp\/v2\/pages\/12101\/revisions"}],"predecessor-version":[{"id":16557,"href":"https:\/\/www.cfn-nce.ca\/fr\/wp-json\/wp\/v2\/pages\/12101\/revisions\/16557"}],"wp:attachment":[{"href":"https:\/\/www.cfn-nce.ca\/fr\/wp-json\/wp\/v2\/media?parent=12101"}],"curies":[{"name":"wp","href":"https:\/\/api.w.org\/{rel}","templated":true}]}}