{"id":12111,"date":"2020-04-03T14:15:09","date_gmt":"2020-04-03T18:15:09","guid":{"rendered":"https:\/\/www.cfn-nce.ca\/?page_id=12111"},"modified":"2020-04-06T10:34:54","modified_gmt":"2020-04-06T14:34:54","slug":"histoires-de-reussite-et-initiatives","status":"publish","type":"page","link":"https:\/\/www.cfn-nce.ca\/fr\/news-and-events\/histoires-de-reussite-et-initiatives\/","title":{"rendered":"Histoires de r\u00e9ussite et initiatives"},"content":{"rendered":"<div class=\"wpb-content-wrapper\"><p>[vc_row][vc_column][vc_column_text]<strong>Les liens m\u00e8nent vers des textes en anglais seulement.<\/strong>[\/vc_column_text][\/vc_column][\/vc_row][vc_row][vc_column width=\u00a0\u00bb1\/4&Prime;][vc_column_text]Histoire d&rsquo;impact[\/vc_column_text][vc_single_image image=\u00a0\u00bb3718&Prime;][\/vc_column][vc_column width=\u00a0\u00bb3\/4&Prime;][vc_column_text]<a href=\"https:\/\/www.cfn-nce.ca\/impact\/initial-funding-by-cfn-can-lead-to-larger-follow-on-application-based-research-and-kt-studies\/\"><strong><u>Un financement initial par le R\u00e9seau peut mener \u00e0 des travaux de suivi\u00a0\u2013 recherches fond\u00e9es sur l\u2019application et \u00e9tudes d\u2019application des connaissances\u00a0\u2013 de plus grande envergure<\/u><\/strong><\/a><\/p>\n<p>Un financement initial du R\u00e9seau canadien des soins aux personnes fragilis\u00e9es a permis \u00e0 de nombreux chercheurs d\u2019obtenir des fonds aupr\u00e8s d\u2019agences de financement f\u00e9d\u00e9rales et provinciales et d\u2019organismes priv\u00e9s sans but lucratif pour la r\u00e9alisation de travaux compl\u00e9mentaires de recherche fond\u00e9e sur l\u2019application de plus grande port\u00e9e. Des montants relativement modestes offerts par le R\u00e9seau ont effectivement provoqu\u00e9 un effet multiplicateur (dans certains cas 19\u00a0fois plus \u00e9lev\u00e9s que les fonds initiaux), permettant \u00e0 nos chercheurs de faire progresser certains de nos projets cl\u00e9s et de les rapprocher de leur mise en \u0153uvre durable.[\/vc_column_text][vc_separator color=\u00a0\u00bbwhite\u00a0\u00bb][\/vc_column][\/vc_row][vc_row][vc_column width=\u00a0\u00bb1\/4&Prime;][vc_column_text]Histoire d&rsquo;impact[\/vc_column_text][vc_single_image image=\u00a0\u00bb9559&Prime;][\/vc_column][vc_column width=\u00a0\u00bb3\/4&Prime;][vc_column_text]<a href=\"https:\/\/www.cfn-nce.ca\/impact\/researchers-seek-to-prevent-frailty-with-strength-training\/\"><strong><u>Des chercheurs \u00e9tudient la pr\u00e9vention de la fragilisation par des exercices de musculation<\/u><\/strong><\/a><\/p>\n<p>Les physioth\u00e9rapeutes Ada Tang et Christine Prevett ont uni leurs forces et obtenu du financement du R\u00e9seau canadien des soins aux personnes fragilis\u00e9es pour remettre en question la pr\u00e9somption que les gens s\u2019affaiblissent avec l\u2019\u00e2ge. Les intervenantes cherchent \u00e0 d\u00e9montrer que les personnes \u00e2g\u00e9es sont parfaitement capables de gagner de la force en toute s\u00e9curit\u00e9, et ainsi de se pr\u00e9munir contre la fragilisation\u00a0ou l\u2019aggravation de la fragilisation.[\/vc_column_text][vc_separator color=\u00a0\u00bbwhite\u00a0\u00bb][\/vc_column][\/vc_row][vc_row][vc_column width=\u00a0\u00bb1\/4&Prime;][vc_column_text]Histoire d&rsquo;impact[\/vc_column_text][vc_single_image image=\u00a0\u00bb9545&Prime;][\/vc_column][vc_column width=\u00a0\u00bb3\/4&Prime;][vc_column_text]<a href=\"https:\/\/www.cfn-nce.ca\/impact\/cycling-through-intensive-care-researchers-help-critically-ill-older-patients-get-stronger-with-in-bed-bicycling\/\"><strong><u>P\u00e9daler \u00e0 l\u2019unit\u00e9 de soins intensifs\u00a0: des chercheurs aident des personnes \u00e2g\u00e9es gravement malades \u00e0 prendre des forces en faisant du v\u00e9lo tout en restant alit\u00e9es<\/u><\/strong><\/a><\/p>\n<p>Michelle Kho, Ph.D., tient \u00e0 aider les patients en soins intensifs \u00e0 conserver le plus possible leur force musculaire pendant leur hospitalisation. En prenant appui sur une \u00e9tude belge dans le cadre de laquelle les patients ont commenc\u00e9 \u00e0 faire du v\u00e9lo au lit deux semaines apr\u00e8s leur admission aux soins intensifs, elle a d\u00e9termin\u00e9 que cette pratique permettait aux patients de maintenir leur masse musculaire et leur mobilit\u00e9. Tout ce qui lui manquait \u00e9tait les fonds pour poursuivre ses travaux.[\/vc_column_text][vc_separator color=\u00a0\u00bbwhite\u00a0\u00bb][\/vc_column][\/vc_row][vc_row][vc_column width=\u00a0\u00bb1\/4&Prime;][vc_column_text]Histoire d&rsquo;impact[\/vc_column_text][vc_single_image image=\u00a0\u00bb10466&Prime; alignment=\u00a0\u00bbcenter\u00a0\u00bb][\/vc_column][vc_column width=\u00a0\u00bb3\/4&Prime;][vc_column_text]<a href=\"https:\/\/www.cfn-nce.ca\/impact\/frailty-outcome-consensus-focus-project\/\"><strong><u>Normaliser la recherche sur la fragilisation\u00a0: le projet FOCUS<\/u><\/strong><\/a><\/p>\n<p>Malgr\u00e9 l\u2019attention qu\u2019on porte de plus en plus \u00e0 la fragilisation et \u00e0 l\u2019importance de celle-ci dans les soins aux personnes \u00e2g\u00e9es, on dispose de trop peu de faits probants de grande qualit\u00e9 pour appuyer les d\u00e9cisions. Mais en misant sur des \u00e9l\u00e9ments de donn\u00e9es et des mesures des r\u00e9sultats harmonis\u00e9s d\u2019une \u00e9tude \u00e0 l\u2019autre, les constats pourraient \u00eatre collectivement analys\u00e9s afin de mieux \u00e9clairer les soins. Le projet FOCUS (Frailty Outcomes Consensus) cherche \u00e0 d\u00e9terminer des degr\u00e9s de normalisation qui permettront l\u2019obtention de r\u00e9sultats de projets de recherche sur la fragilisation mieux harmonis\u00e9s.[\/vc_column_text][vc_separator color=\u00a0\u00bbwhite\u00a0\u00bb][\/vc_column][\/vc_row][vc_row][vc_column width=\u00a0\u00bb1\/4&Prime;][vc_column_text]Histoire d&rsquo;impact[\/vc_column_text][vc_single_image image=\u00a0\u00bb9026&Prime;][\/vc_column][vc_column width=\u00a0\u00bb3\/4&Prime;][vc_column_text]<a href=\"https:\/\/www.cfn-nce.ca\/impact\/beyond-bedrest-maintaining-mobility-during-hospital-stays\/\"><strong><u>Au-del\u00e0 de l\u2019alitement\u00a0: maintenir la mobilit\u00e9 pendant un s\u00e9jour \u00e0 l\u2019h\u00f4pital<\/u><\/strong><\/a><\/p>\n<p>Dans le cadre de leur \u00e9tude financ\u00e9e par le R\u00e9seau canadien des soins aux personnes fragilis\u00e9es intitul\u00e9e \u00ab\u00a0Breaking \u201cBad Rest\u201d Study\u00a0\u00bb qui porte sur la diminution de la s\u00e9dentarit\u00e9 afin de pr\u00e9venir la fragilisation chez les patients hospitalis\u00e9s, Olga Theou, Ph.D., et Kenneth Rockwood, M.D., cherchent \u00e0 \u00e9tablir les fondements d\u2019un profond virage dans la culture hospitali\u00e8re afin de promouvoir la mobilit\u00e9 des patients qui doivent rester alit\u00e9s.[\/vc_column_text][vc_separator color=\u00a0\u00bbwhite\u00a0\u00bb][\/vc_column][\/vc_row][vc_row][vc_column width=\u00a0\u00bb1\/4&Prime;][vc_column_text]Histoire d&rsquo;impact[\/vc_column_text][vc_single_image image=\u00a0\u00bb8989&Prime;][\/vc_column][vc_column width=\u00a0\u00bb3\/4&Prime;][vc_column_text]<a href=\"https:\/\/www.cfn-nce.ca\/impact\/fighting-frailty-with-food-early-screening-for-malnutrition-in-hospitals\/\"><strong><u>Lutter contre la fragilisation par l\u2019alimentation\u00a0: d\u00e9pistage h\u00e2tif de la malnutrition dans les h\u00f4pitaux<\/u><\/strong><\/a><\/p>\n<p>Heather Keller, Ph.D., travaille \u00e0 la conception et \u00e0 la mise \u00e0 l\u2019essai d\u2019une intervention visant la nutrition en milieu hospitalier appel\u00e9e \u00ab\u00a0More-2-Eat\u00a0\u00bb. Le financement offert par le R\u00e9seau canadien des soins aux personnes fragilis\u00e9es lui a permis de cr\u00e9er, de valider, de mettre en \u0153uvre et d\u2019\u00e9valuer un outil tout simple qui permet au personnel hospitalier de premi\u00e8re ligne de cerner les patients mal nourris, et de d\u00e9terminer une fa\u00e7on simple et efficace pour am\u00e9liorer leur alimentation.[\/vc_column_text][vc_separator color=\u00a0\u00bbwhite\u00a0\u00bb][\/vc_column][\/vc_row][vc_row][vc_column width=\u00a0\u00bb1\/4&Prime;][vc_column_text]Histoire d&rsquo;impact[\/vc_column_text][vc_single_image image=\u00a0\u00bb8521&Prime;][\/vc_column][vc_column width=\u00a0\u00bb3\/4&Prime;][vc_column_text]<a href=\"https:\/\/www.cfn-nce.ca\/impact\/fit-for-heart-surgery-study-helps-older-adults-make-decisions-with-their-surgeons\/\"><strong><u>Pr\u00eats en vue d\u2019une chirurgie cardiaque? Une \u00e9tude aide les patients \u00e2g\u00e9s \u00e0 prendre des d\u00e9cisions avec leur chirurgien<\/u><\/strong><\/a><\/p>\n<p>Certains avaient contre-indiqu\u00e9 un pontage aorto-coronarien \u00e0 Sally O\u2019Brien, 77\u00a0ans, en raison de son \u00e2ge avanc\u00e9 et de certains probl\u00e8mes de sant\u00e9, mais le Dr\u00a0Greg Hirsh n\u2019\u00e9tait pas du m\u00eame avis. Le chirurgien cardiaque d\u2019Halifax et son \u00e9quipe ont \u00e9valu\u00e9 la patiente en profondeur afin de d\u00e9terminer si son \u00e9tat physique lui permettait de subir la chirurgie en utilisant des outils sensibles d\u2019\u00e9valuation de la fragilisation con\u00e7us \u00e0 l\u2019Universit\u00e9 Dalhousie en collaboration avec la R\u00e9gie de la sant\u00e9 de la Nouvelle-\u00c9cosse.[\/vc_column_text][vc_separator color=\u00a0\u00bbwhite\u00a0\u00bb][\/vc_column][\/vc_row][vc_row][vc_column width=\u00a0\u00bb1\/4&Prime;][vc_column_text]Histoire d&rsquo;impact[\/vc_column_text][vc_single_image image=\u00a0\u00bb8494&Prime;][\/vc_column][vc_column width=\u00a0\u00bb3\/4&Prime;][vc_column_text]<a href=\"https:\/\/www.cfn-nce.ca\/impact\/learning-from-the-leaders-a-knowledge-exchange-with-denmark\/\"><strong><u>Apprendre des leaders en soins progressifs aux a\u00een\u00e9s\u00a0: \u00e9change de connaissances avec le Danemark<\/u><\/strong><\/a><\/p>\n<p>Conform\u00e9ment \u00e0 sa volont\u00e9 d\u2019apprendre de partenariats internationaux, le R\u00e9seau canadien des soins aux personnes fragilis\u00e9es a d\u00e9l\u00e9gu\u00e9 au Danemark, en mai\u00a02018, un groupe de chefs de file en soins de sant\u00e9, de chercheurs et de cliniciens du Canada. Le but \u00e9tait de constater de pr\u00e8s pourquoi le Danemark est reconnu comme \u00e9tant un leader mondial pour l\u2019efficacit\u00e9 de son syst\u00e8me de soins de sant\u00e9.[\/vc_column_text][vc_separator color=\u00a0\u00bbwhite\u00a0\u00bb][\/vc_column][\/vc_row][vc_row][vc_column width=\u00a0\u00bb1\/4&Prime;][vc_column_text]Histoire d&rsquo;impact[\/vc_column_text][vc_single_image image=\u00a0\u00bb8449&Prime;][\/vc_column][vc_column width=\u00a0\u00bb3\/4&Prime;][vc_column_text]<a href=\"https:\/\/www.cfn-nce.ca\/impact\/get-fit-for-surgery\/\"><strong><u>Se pr\u00e9parer en vue d\u2019une chirurgie\u00a0: une \u00e9tude vise \u00e0 pr\u00e9venir les complications ou probl\u00e8mes postop\u00e9ratoires chez les personnes \u00e2g\u00e9es et fragilis\u00e9es<\/u><\/strong><\/a><\/p>\n<p>Imaginez que vous avez 75 ou 80\u00a0ans, et que devez subir une chirurgie majeure. Pensez-vous que vous \u00eates suffisamment en forme pour pouvoir vous r\u00e9tablir rapidement suivant l\u2019intervention? L\u2019\u00e9tude men\u00e9e par le Dr\u00a0Daniel McIsaac a vis\u00e9 \u00e0 aider les personnes \u00e2g\u00e9es et fragilis\u00e9es \u00e0 am\u00e9liorer leur forme physique avant de subir une chirurgie en leur proposant un programme pr\u00e9op\u00e9ratoire d\u2019exercices vari\u00e9s.[\/vc_column_text][vc_separator color=\u00a0\u00bbwhite\u00a0\u00bb][\/vc_column][\/vc_row][vc_row][vc_column width=\u00a0\u00bb1\/4&Prime;][vc_column_text]Histoire d&rsquo;impact[\/vc_column_text][vc_single_image image=\u00a0\u00bb7239&Prime;][\/vc_column][vc_column width=\u00a0\u00bb3\/4&Prime;][vc_column_text]<a href=\"https:\/\/www.cfn-nce.ca\/news\/medication-optimization-matters-with-older-adults-living-with-frailty\/\"><strong><u>Le financement d\u2019un projet pilote contribue \u00e0 la diffusion d\u2019une appli mobile de d\u00e9prescription dans plusieurs provinces<\/u><\/strong><\/a><\/p>\n<p>Le R\u00e9seau canadien des soins aux personnes fragilis\u00e9es a financ\u00e9 une \u00e9tude men\u00e9e par les Drs\u00a0Todd Lee et Emily McDonald du Centre universitaire de sant\u00e9 McGill. Les chercheurs ont cr\u00e9\u00e9 MedS\u00e9cure, une application \u00e9lectronique qui d\u00e9c\u00e8le les possibilit\u00e9s de d\u00e9prescription pour les patients \u00e2g\u00e9s (65\u00a0ans et plus) hospitalis\u00e9s.[\/vc_column_text][vc_separator color=\u00a0\u00bbwhite\u00a0\u00bb][\/vc_column][\/vc_row][vc_row][vc_column width=\u00a0\u00bb1\/4&Prime;][vc_column_text]Histoire d&rsquo;impact[\/vc_column_text][vc_single_image image=\u00a0\u00bb7378&Prime;][\/vc_column][vc_column width=\u00a0\u00bb3\/4&Prime;][vc_column_text]<a href=\"https:\/\/www.cfn-nce.ca\/impact\/nav-care-program\/\"><strong><u>Programme Nav-CARE\u00a0: des intervenants-pivots pour soutenir les personnes \u00e2g\u00e9es gravement malades<\/u><\/strong><\/a><\/p>\n<p>Appuy\u00e9 par une bourse \u00ab\u00a0catalyseur\u00a0\u00bb offerte en 2014 par le R\u00e9seau canadien des soins aux personnes fragilis\u00e9es, le programme Nav-CARE est en voie d\u2019\u00eatre adapt\u00e9 aux besoins pr\u00e9cis de divers contextes sociaux et g\u00e9ographiques partout au Canada, en faisant appel \u00e0 des b\u00e9n\u00e9voles du secteur des soins palliatifs qui sont mis en lien avec les services de soins primaires gr\u00e2ce \u00e0 un financement compl\u00e9mentaire.[\/vc_column_text][vc_separator color=\u00a0\u00bbwhite\u00a0\u00bb][\/vc_column][\/vc_row][vc_row][vc_column][\/vc_column][\/vc_row]<\/p>\n<\/div>","protected":false},"excerpt":{"rendered":"<p>[vc_row][vc_column][vc_column_text]Les liens m\u00e8nent vers des textes en anglais seulement.[\/vc_column_text][\/vc_column][\/vc_row][vc_row][vc_column width=\u00a0\u00bb1\/4&Prime;][vc_column_text]Histoire d&rsquo;impact[\/vc_column_text][vc_single_image image=\u00a0\u00bb3718&Prime;][\/vc_column][vc_column width=\u00a0\u00bb3\/4&Prime;][vc_column_text]Un financement initial par le R\u00e9seau peut mener \u00e0 des travaux de suivi\u00a0\u2013 recherches fond\u00e9es sur l\u2019application et \u00e9tudes d\u2019application des connaissances\u00a0\u2013 de plus grande envergure Un financement initial du R\u00e9seau canadien des soins aux personnes fragilis\u00e9es a permis \u00e0 de nombreux chercheurs&#8230;<\/p>\n","protected":false},"author":95,"featured_media":0,"parent":3145,"menu_order":31,"comment_status":"closed","ping_status":"closed","template":"","meta":{"_acf_changed":false,"footnotes":""},"acf":[],"_links":{"self":[{"href":"https:\/\/www.cfn-nce.ca\/fr\/wp-json\/wp\/v2\/pages\/12111"}],"collection":[{"href":"https:\/\/www.cfn-nce.ca\/fr\/wp-json\/wp\/v2\/pages"}],"about":[{"href":"https:\/\/www.cfn-nce.ca\/fr\/wp-json\/wp\/v2\/types\/page"}],"author":[{"embeddable":true,"href":"https:\/\/www.cfn-nce.ca\/fr\/wp-json\/wp\/v2\/users\/95"}],"replies":[{"embeddable":true,"href":"https:\/\/www.cfn-nce.ca\/fr\/wp-json\/wp\/v2\/comments?post=12111"}],"version-history":[{"count":3,"href":"https:\/\/www.cfn-nce.ca\/fr\/wp-json\/wp\/v2\/pages\/12111\/revisions"}],"predecessor-version":[{"id":12151,"href":"https:\/\/www.cfn-nce.ca\/fr\/wp-json\/wp\/v2\/pages\/12111\/revisions\/12151"}],"up":[{"embeddable":true,"href":"https:\/\/www.cfn-nce.ca\/fr\/wp-json\/wp\/v2\/pages\/3145"}],"wp:attachment":[{"href":"https:\/\/www.cfn-nce.ca\/fr\/wp-json\/wp\/v2\/media?parent=12111"}],"curies":[{"name":"wp","href":"https:\/\/api.w.org\/{rel}","templated":true}]}}