{"id":1248,"date":"2018-09-21T16:02:15","date_gmt":"2018-09-21T20:02:15","guid":{"rendered":"http:\/\/www.cfn-nce.ca\/about-us\/"},"modified":"2020-03-26T10:36:56","modified_gmt":"2020-03-26T14:36:56","slug":"about-us","status":"publish","type":"page","link":"https:\/\/www.cfn-nce.ca\/fr\/about-us\/","title":{"rendered":"\u00c0 propos de nous"},"content":{"rendered":"<div class=\"wpb-content-wrapper\"><p>[vc_row][vc_column][vc_column_text]<\/p>\n<p style=\"text-align: center;\"><strong>Notre mission<\/strong><\/p>\n<p><em>Notre mission est d\u2019am\u00e9liorer les soins destin\u00e9s aux personnes \u00e2g\u00e9es et fragilis\u00e9es et le soutien \u00e0 leur famille et \u00e0 leurs proches aidants. Pour ce faire, nous travaillons \u00e0 mieux faire reconna\u00eetre la fragilisation et \u00e0 en favoriser l\u2019\u00e9valuation, \u00e0 enrichir les connaissances pour mieux \u00e9clairer les d\u00e9cisions, \u00e0 faire \u00e9voluer la pratique \u00e0 la lumi\u00e8re de faits probants, \u00e0 former la prochaine g\u00e9n\u00e9ration de professionnels de la sant\u00e9 et \u00e0 engager le dialogue avec les personnes \u00e2g\u00e9es et leurs aidants.<\/em><\/p>\n<p>&nbsp;<\/p>\n<p style=\"text-align: center;\"><strong>Nos priorit\u00e9s strat\u00e9giques<\/strong><\/p>\n<p>[\/vc_column_text][\/vc_column][\/vc_row][vc_row][vc_column][vc_column_text]Notre plan strat\u00e9gique 2017-2022 prend appui sur quatre priorit\u00e9s strat\u00e9giques issues d\u2019une vaste d\u00e9marche de consultation aupr\u00e8s de partenaires et intervenants cl\u00e9s\u00a0:[\/vc_column_text][\/vc_column][\/vc_row][vc_row][vc_column][vc_column_text]<strong>Faire correspondre les soins aux valeurs<\/strong>[\/vc_column_text][vc_separator color=\u00a0\u00bbwhite\u00a0\u00bb][vc_tta_accordion active_section=\u00a0\u00bb0&Prime; collapsible_all=\u00a0\u00bbtrue\u00a0\u00bb][vc_tta_section title=\u00a0\u00bbPourquoi cela est-il important?\u00a0\u00bb tab_id=\u00a0\u00bb1585080097927-6a9d525c-f8e0&Prime;][vc_column_text]De nombreux Canadiens \u00e2g\u00e9s et fragilis\u00e9s pouvant avoir une esp\u00e9rance de vie limit\u00e9e re\u00e7oivent souvent des traitements invasifs et incommodants qui peuvent certes prolonger quelque peu la vie, mais qui diminuent g\u00e9n\u00e9ralement la qualit\u00e9 de vie. Les donn\u00e9es d\u00e9montrent que les Canadiens re\u00e7oivent des soins invasifs d\u2019une grande agressivit\u00e9, et ce, malgr\u00e9 leurs volont\u00e9s. Les valeurs et pr\u00e9f\u00e9rences des Canadiens sont pi\u00e8trement consign\u00e9es dans les dossiers de sant\u00e9, donnant lieu \u00e0 des donn\u00e9es minimales sur l\u2019ad\u00e9quation entre les soins re\u00e7us, les pr\u00e9f\u00e9rences et les r\u00e9sultats tels que la qualit\u00e9 de vie. Le syst\u00e8me de sant\u00e9 doit s\u2019aligner sur les valeurs des Canadiens et fournir des soins appropri\u00e9s qui favorisent des r\u00e9sultats centr\u00e9s sur la personne et la qualit\u00e9 de vie. Et plus important encore, il importe de permettre aux gens qui avancent en \u00e2ge ou qui s\u2019approchent de leur fin de vie de choisir eux-m\u00eames leur milieu de vie.[\/vc_column_text][\/vc_tta_section][vc_tta_section title=\u00a0\u00bbQuel est l\u2019objectif du R\u00e9seau?\u00a0\u00bb tab_id=\u00a0\u00bb1585080097951-fa510655-b063&Prime;][vc_column_text]Le R\u00e9seau entend\u00a0:<\/p>\n<ul>\n<li>continuer la mise en \u0153uvre de son cadre d\u00e9ontologique visant les soins aux Canadiens \u00e2g\u00e9s et fragilis\u00e9s et le soutien \u00e0 l\u2019intention des proches aidants, de mani\u00e8re \u00e0 \u00e9tablir un fondement pour la cr\u00e9ation, la diffusion et l\u2019application de faits probants sur les soins de sant\u00e9;<\/li>\n<li>assurer que chaque Canadien \u00e2g\u00e9 et fragilis\u00e9 ayant re\u00e7u le diagnostic d\u2019une maladie chronique ou limitant l\u2019esp\u00e9rance de vie a \u00e9tabli un plan pr\u00e9alable de soins;<\/li>\n<li>favoriser une collaboration interprofessionnelle am\u00e9lior\u00e9e chez ceux qui travaillent aupr\u00e8s des Canadiens \u00e2g\u00e9s et fragilis\u00e9s;<\/li>\n<li>permettre aux gens de vivre et de mourir dans le milieu de leur choix;<\/li>\n<li>\u00e9tablir dans le secteur des services sociaux et de sant\u00e9 une culture favorable aux a\u00een\u00e9s qui se traduit par des soins bienveillants et centr\u00e9s sur la personne au cours des derni\u00e8res \u00e9tapes de la vie.<\/li>\n<\/ul>\n<p>[\/vc_column_text][\/vc_tta_section][\/vc_tta_accordion][\/vc_column][\/vc_row][vc_row][vc_column][vc_column_text]<strong>Habiliter, engager et soutenir les patients, leur famille et leurs aidants<\/strong>[\/vc_column_text][vc_separator color=\u00a0\u00bbwhite\u00a0\u00bb][\/vc_column][\/vc_row][vc_row][vc_column][vc_tta_accordion active_section=\u00a0\u00bb0&Prime; collapsible_all=\u00a0\u00bbtrue\u00a0\u00bb][vc_tta_section title=\u00a0\u00bbPourquoi cela est-il important?\u00a0\u00bb tab_id=\u00a0\u00bb1585142813163-b38f96ba-a678&Prime;][vc_column_text]Les Canadiens \u00e2g\u00e9s et fragilis\u00e9s, leur famille et leurs aidants se sentent souvent mal inform\u00e9s et mal outill\u00e9s en ce qui concerne leurs besoins complexes en mati\u00e8re de soins de sant\u00e9. Ils ont souvent de la difficult\u00e9 \u00e0 naviguer dans le syst\u00e8me de sant\u00e9 et le secteur des services de soutien. Les d\u00e9cisions concernant les soins, particuli\u00e8rement en contexte de maladie aigu\u00eb ou de fin de vie, peuvent \u00eatre difficiles et \u00e9prouvantes, entra\u00eenant de la confusion et un sentiment d\u2019impuissance chez les gens \u00e2g\u00e9s et leurs proches. Les familles et aidants sont souvent d\u00e9pass\u00e9s par le niveau de complexit\u00e9 des d\u00e9cisions \u00e0 prendre et des soins \u00e0 demander. Les Canadiens \u00e2g\u00e9s et fragilis\u00e9s, leurs proches et leurs aidants ont besoin de soutien, mais ils ont \u00e9galement besoin de se sentir outill\u00e9s et de prendre part, eux aussi, \u00e0 la planification des soins.[\/vc_column_text][\/vc_tta_section][vc_tta_section title=\u00a0\u00bbQuel est l\u2019objectif du R\u00e9seau?\u00a0\u00bb tab_id=\u00a0\u00bb1585142813180-1e3c6c17-7c03&Prime;][vc_column_text]Le R\u00e9seau entend\u00a0notamment\u00a0:<\/p>\n<ul>\n<li>soutenir des strat\u00e9gies visant la participation des citoyens dans toutes les facettes de la recherche qu\u2019il effectue, notamment en mettant sur pied un comit\u00e9 de mobilisation citoyenne actif et engag\u00e9, et en assurant que les Canadiens \u00e2g\u00e9s et fragilis\u00e9s et leurs aidants sont repr\u00e9sent\u00e9s dans tous ses comit\u00e9s directeurs;<\/li>\n<li>\u00e9laborer et \u00e9valuer des outils de planification des soins et de prise de d\u00e9cisions concert\u00e9es;<\/li>\n<li>\u00e9laborer des interventions visant \u00e0 am\u00e9liorer la communication entre les fournisseurs de soins de sant\u00e9 et les citoyens \u00e2g\u00e9s et fragilis\u00e9s, leurs proches et leurs aidants;<\/li>\n<li>reconna\u00eetre davantage l\u2019importance des proches et amis qui tiennent le r\u00f4le d\u2019aidants et du soutien \u00e0 leur apporter.<\/li>\n<\/ul>\n<p>[\/vc_column_text][\/vc_tta_section][\/vc_tta_accordion][\/vc_column][\/vc_row][vc_row][vc_column][vc_column_text]<strong>Am\u00e9liorer les r\u00e9sultats cliniques<\/strong>[\/vc_column_text][vc_separator color=\u00a0\u00bbwhite\u00a0\u00bb][\/vc_column][\/vc_row][vc_row][vc_column][vc_tta_accordion active_section=\u00a0\u00bb0&Prime; collapsible_all=\u00a0\u00bbtrue\u00a0\u00bb][vc_tta_section title=\u00a0\u00bbPourquoi cela est-il important?\u00a0\u00bb tab_id=\u00a0\u00bb1585142937818-0916c1f9-ce2c\u00a0\u00bb][vc_column_text]Par d\u00e9finition, les Canadiens \u00e2g\u00e9s et fragilis\u00e9s sont des personnes d\u2019un \u00e2ge avanc\u00e9 qui sont atteintes de probl\u00e8mes de sant\u00e9 chroniques multiples. Or, les gens pr\u00e9sentant ces caract\u00e9ristiques sont souvent exclus des \u00e9tudes portant sur une seule maladie donn\u00e9e, donnant lieu \u00e0 un manque de faits probants sur ce segment de la population. Par cons\u00e9quent, des traitements ou technologies risquent d\u2019\u00eatre surutilis\u00e9s ou sous-utilis\u00e9s puisque les donn\u00e9es de recherche sont celles de personnes moins \u00e2g\u00e9es ou qui ne souffrent que d\u2019un probl\u00e8me de sant\u00e9. De plus, les mesures utilis\u00e9es pour \u00e9valuer la r\u00e9ussite chez les personnes plus \u00e2g\u00e9es diff\u00e8rent souvent de celles utilis\u00e9es pour des groupes plus jeunes et en meilleure sant\u00e9. Il est \u00e0 noter que la mesure des r\u00e9sultats d\u00e9clar\u00e9s\/dirig\u00e9s par le patient, de l\u2019appr\u00e9ciation de l\u2019exp\u00e9rience v\u00e9cue et de l\u2019\u00e9tat fonctionnel est particuli\u00e8rement importante.[\/vc_column_text][\/vc_tta_section][vc_tta_section title=\u00a0\u00bbQuel est l\u2019objectif du R\u00e9seau?\u00a0\u00bb tab_id=\u00a0\u00bb1585142937842-51ffa024-a728&Prime;][vc_column_text]Le R\u00e9seau entend\u00a0notamment\u00a0:<\/p>\n<ul>\n<li>augmenter la reconnaissance et la compr\u00e9hension de la fragilisation et de l\u2019\u00e2ge avanc\u00e9;<\/li>\n<li>privil\u00e9gier la pratique \u00e9clair\u00e9e par des faits probants pour normaliser, am\u00e9liorer ou maintenir les fonctions des Canadiens \u00e2g\u00e9s et fragilis\u00e9s;<\/li>\n<li>amasser des faits probants en soins de sant\u00e9 et encourager leur application dans les traitements, y compris les soins de fin de vie;<\/li>\n<li>promouvoir l\u2019utilisation d\u2019indicateurs de qualit\u00e9 pour \u00e9valuer les soins prodigu\u00e9s aux Canadiens \u00e2g\u00e9s et fragilis\u00e9s \u00e0 l\u2019\u00e9chelle individuelle, institutionnelle et syst\u00e9mique;<\/li>\n<li>veiller \u00e0 \u00e9viter l\u2019hospitalisation des personnes \u00e2g\u00e9es et fragilis\u00e9es lorsque possible ou, sinon, privil\u00e9gier des soins aigus adapt\u00e9s aux a\u00een\u00e9s accompagn\u00e9s de services de suivi, de r\u00e9tablissement et de r\u00e9adaptation;<\/li>\n<li>effectuer de la recherche pour \u00e9clairer une r\u00e9affectation des ressources afin d\u2019am\u00e9liorer la qualit\u00e9 des soins.<\/li>\n<\/ul>\n<p>[\/vc_column_text][\/vc_tta_section][\/vc_tta_accordion][\/vc_column][\/vc_row][vc_row][vc_column][vc_column_text]<strong>Am\u00e9liorer les soins tout au long du continuum<\/strong>[\/vc_column_text][vc_separator color=\u00a0\u00bbwhite\u00a0\u00bb][\/vc_column][\/vc_row][vc_row][vc_column][vc_tta_accordion active_section=\u00a0\u00bb0&Prime; collapsible_all=\u00a0\u00bbtrue\u00a0\u00bb][vc_tta_section title=\u00a0\u00bbPourquoi cela est-il important?\u00a0\u00bb tab_id=\u00a0\u00bb1585143099140-1684fa23-442f\u00a0\u00bb][vc_column_text]Les soins dont ont besoin les personnes \u00e2g\u00e9es et fragilis\u00e9es sont complexes et n\u00e9cessitent souvent la collaboration entre divers professionnels de la sant\u00e9, organismes communautaires et institutions. Or, le syst\u00e8me de sant\u00e9 actuel tend \u00e0 concentrer les efforts sur la r\u00e9solution de probl\u00e8mes de sant\u00e9 un \u00e0 la fois, de fa\u00e7on isol\u00e9e. De plus, les institutions, les organismes et les prestataires de soins tendent \u00e0 travailler en silos, et les transitions entre contextes de soins sont propices aux incidents ind\u00e9sirables, particuli\u00e8rement chez les personnes \u00e2g\u00e9es et fragilis\u00e9es. Enfin, les a\u00een\u00e9s fragilis\u00e9s n\u2019ont g\u00e9n\u00e9ralement pas ais\u00e9ment acc\u00e8s \u00e0 toutes les connaissances sp\u00e9cialis\u00e9es n\u00e9cessaires \u00e0 la prise de d\u00e9cisions cliniques ni \u00e0 la continuit\u00e9 des services lors de leur transition d\u2019un contexte de soins \u00e0 un autre.[\/vc_column_text][\/vc_tta_section][vc_tta_section title=\u00a0\u00bbQuel est l\u2019objectif du R\u00e9seau?\u00a0\u00bb tab_id=\u00a0\u00bb1585143099167-43877109-717e\u00a0\u00bb][vc_column_text]Le R\u00e9seau entend\u00a0notamment\u00a0:<\/p>\n<ul>\n<li>promouvoir la mise en \u0153uvre de pratiques fond\u00e9es sur des faits probants autour des syst\u00e8mes de soins;<\/li>\n<li>recueillir des faits probants pour la mise sur pied de m\u00e9canismes qui permettront la continuit\u00e9 des soins lors des transferts d\u2019un contexte de soins \u00e0 un autre;<\/li>\n<li>d\u00e9finir des interventions pour am\u00e9liorer la communication entre les prestataires de soins de diff\u00e9rents contextes de soins;<\/li>\n<li>\u00e9valuer des m\u00e9thodes pour rendre la navigation des patients au sein du syst\u00e8me plus efficace.<\/li>\n<\/ul>\n<p>[\/vc_column_text][\/vc_tta_section][\/vc_tta_accordion][\/vc_column][\/vc_row][vc_row][vc_column][vc_column_text]<\/p>\n<h2><strong>CADRE DIRECTEUR ET APPROCHE<\/strong><\/h2>\n<p>[\/vc_column_text][vc_separator color=\u00a0\u00bbwhite\u00a0\u00bb][\/vc_column][\/vc_row][vc_row][vc_column][vc_column_text]Le mandat du R\u00e9seau canadien des soins aux personnes fragilis\u00e9es est d\u2019<strong>am\u00e9liorer les soins destin\u00e9s aux personnes \u00e2g\u00e9es et fragilis\u00e9es et le soutien offert \u00e0 leurs proches et aidants<\/strong>. Pour ce faire, nous travaillons \u00e0 mieux faire <strong>reconna\u00eetre<\/strong> la fragilisation et \u00e0 en favoriser l\u2019<strong>\u00e9valuation<\/strong>, \u00e0 <strong>enrichir les connaissances<\/strong> pour mieux \u00e9clairer les d\u00e9cisions, \u00e0 faire <strong>\u00e9voluer<\/strong> la pratique \u00e0 la lumi\u00e8re de <strong>faits probants<\/strong>, \u00e0 <strong>former<\/strong> la prochaine g\u00e9n\u00e9ration de professionnels de la sant\u00e9 et \u00e0 <strong>engager le dialogue<\/strong> avec les personnes \u00e2g\u00e9es et leurs aidants.<\/p>\n<p>Gr\u00e2ce \u00e0 nos efforts, nous sommes en voie de devenir une ressource incontournable en mati\u00e8re de fragilisation, tant pour le grand public que pour les cliniciens, les partenaires, les fournisseurs de soins, les gouvernements et les d\u00e9cideurs.[\/vc_column_text][vc_separator color=\u00a0\u00bbwhite\u00a0\u00bb][\/vc_column][\/vc_row][vc_row][vc_column][vc_column_text]<\/p>\n<h3 style=\"text-align: center;\"><strong>Financement et soutien<\/strong><\/h3>\n<p>Le R\u00e9seau canadien des soins aux personnes fragilis\u00e9es est financ\u00e9 par le <u>programme des R\u00e9seaux de centres d\u2019excellence (RCE) du gouvernement du Canada<\/u>, financement qui a r\u00e9cemment \u00e9t\u00e9 <u>renouvel\u00e9 pour un deuxi\u00e8me mandat de cinq ans<\/u>. Le programme des RCE vise \u00e0 encourager les chercheurs, l\u2019industrie et autres organismes \u00e0 collaborer \u00e0 la conception de programmes et de produits qui contribuent \u00e0 la croissance \u00e9conomique du Canada et \u00e0 l\u2019am\u00e9lioration de la qualit\u00e9 de vie des Canadiens. En tant que r\u00e9seau ax\u00e9 sur la recherche, nous collaborons avec les secteurs de l\u2019industrie, des soins de sant\u00e9, des universit\u00e9s, des organismes non gouvernementaux et des partenaires du secteur priv\u00e9 \u00e0 l\u2019am\u00e9lioration des soins prodigu\u00e9s aux a\u00een\u00e9s fragilis\u00e9s et du soutien offert \u00e0 leurs proches et aidants.<\/p>\n<h3 style=\"text-align: center;\"><strong>Organisme<\/strong><\/h3>\n<p><strong>Le R\u00e9seau est dirig\u00e9 par un <u>conseil d\u2019administration<\/u> pr\u00e9sid\u00e9 par <u>Russell Williams<\/u>,<\/strong> vice-pr\u00e9sident, Relations gouvernementales et politiques publiques, \u00e0 l\u2019Association canadienne du diab\u00e8te. Le conseil prend appui sur son <u>Comit\u00e9 de gestion de la recherche et autres comit\u00e9s consultatifs<\/u> pour guider, g\u00e9rer et surveiller ses projets de recherche et autres programmes.<\/p>\n<p>Le <u>Dr\u00a0John Muscedere<\/u>, MD, FRCPC, est le directeur scientifique et chef de la direction du R\u00e9seau canadien des soins aux personnes fragilis\u00e9es.<\/p>\n<p><u>Carol Barrie<\/u>, B.Comm., CPA, CA, est directrice g\u00e9n\u00e9rale et chef de l\u2019exploitation. Elle dirige une <u>\u00e9quipe<\/u> \u00e0 Kingston (Ontario), dans les locaux de l\u2019<u>Universit\u00e9 Queen\u2019s<\/u> et de l\u2019<u>H\u00f4pital g\u00e9n\u00e9ral de Kingston<\/u>.<\/p>\n<h3 style=\"text-align: center;\"><strong>Assembl\u00e9es g\u00e9n\u00e9rales annuelles, rapports et \u00e9tats financiers<\/strong><\/h3>\n<p><u>Cliquez ici<\/u> pour consulter les rapports annuels ant\u00e9rieurs ou les \u00e9tats financiers ant\u00e9rieurs ou en cours.[\/vc_column_text][\/vc_column][\/vc_row]<\/p>\n<\/div>","protected":false},"excerpt":{"rendered":"<p>[vc_row][vc_column][vc_column_text] Notre mission Notre mission est d\u2019am\u00e9liorer les soins destin\u00e9s aux personnes \u00e2g\u00e9es et fragilis\u00e9es et le soutien \u00e0 leur famille et \u00e0 leurs proches aidants. Pour ce faire, nous travaillons \u00e0 mieux faire reconna\u00eetre la fragilisation et \u00e0 en favoriser l\u2019\u00e9valuation, \u00e0 enrichir les connaissances pour mieux \u00e9clairer les d\u00e9cisions, \u00e0 faire \u00e9voluer la&#8230;<\/p>\n","protected":false},"author":1,"featured_media":8095,"parent":0,"menu_order":52,"comment_status":"closed","ping_status":"closed","template":"","meta":{"_acf_changed":false,"footnotes":""},"acf":[],"_links":{"self":[{"href":"https:\/\/www.cfn-nce.ca\/fr\/wp-json\/wp\/v2\/pages\/1248"}],"collection":[{"href":"https:\/\/www.cfn-nce.ca\/fr\/wp-json\/wp\/v2\/pages"}],"about":[{"href":"https:\/\/www.cfn-nce.ca\/fr\/wp-json\/wp\/v2\/types\/page"}],"author":[{"embeddable":true,"href":"https:\/\/www.cfn-nce.ca\/fr\/wp-json\/wp\/v2\/users\/1"}],"replies":[{"embeddable":true,"href":"https:\/\/www.cfn-nce.ca\/fr\/wp-json\/wp\/v2\/comments?post=1248"}],"version-history":[{"count":9,"href":"https:\/\/www.cfn-nce.ca\/fr\/wp-json\/wp\/v2\/pages\/1248\/revisions"}],"predecessor-version":[{"id":11772,"href":"https:\/\/www.cfn-nce.ca\/fr\/wp-json\/wp\/v2\/pages\/1248\/revisions\/11772"}],"wp:featuredmedia":[{"embeddable":true,"href":"https:\/\/www.cfn-nce.ca\/fr\/wp-json\/wp\/v2\/media\/8095"}],"wp:attachment":[{"href":"https:\/\/www.cfn-nce.ca\/fr\/wp-json\/wp\/v2\/media?parent=1248"}],"curies":[{"name":"wp","href":"https:\/\/api.w.org\/{rel}","templated":true}]}}