{"id":1249,"date":"2018-09-21T16:02:15","date_gmt":"2018-09-21T20:02:15","guid":{"rendered":"http:\/\/www.cfn-nce.ca\/about-us\/how-we-are-organized\/"},"modified":"2020-04-08T16:22:16","modified_gmt":"2020-04-08T20:22:16","slug":"how-we-are-organized","status":"publish","type":"page","link":"https:\/\/www.cfn-nce.ca\/fr\/about-us\/how-we-are-organized\/","title":{"rendered":"Notre \u00e9quipe"},"content":{"rendered":"<p><strong>\u00c9QUIPE DE DIRECTION\u00a0 <\/strong><\/p>\n<p><em>Directeur scientifique et chef de la direction<\/em><\/p>\n<p><em>Directrice g\u00e9n\u00e9rale et chef de l\u2019exploitation<\/em><\/p>\n<p><em>Directeur scientifique adjoint<\/em><\/p>\n<p><strong>\u00c9QUIPE ADMINISTRATIVE<\/strong><\/p>\n<p><em>Gestionnaire, D\u00e9veloppement des partenariats strat\u00e9giques<\/em><\/p>\n<p><em>Gestionnaire, Recherche et application des connaissances (EN CONG\u00c9)<\/em><\/p>\n<p><em>Agent, Finance et administration<\/em><\/p>\n<p><em>Coordonnateur, PHQ et administration<\/em><\/p>\n<p><em>Boursi\u00e8re postdoctorale<\/em><\/p>\n","protected":false},"excerpt":{"rendered":"<p>\u00c9QUIPE DE DIRECTION\u00a0 Directeur scientifique et chef de la direction Directrice g\u00e9n\u00e9rale et chef de l\u2019exploitation Directeur scientifique adjoint \u00c9QUIPE ADMINISTRATIVE Gestionnaire, D\u00e9veloppement des partenariats strat\u00e9giques Gestionnaire, Recherche et application des connaissances (EN CONG\u00c9) Agent, Finance et administration Coordonnateur, PHQ et administration Boursi\u00e8re postdoctorale<\/p>\n","protected":false},"author":1,"featured_media":0,"parent":1248,"menu_order":24,"comment_status":"closed","ping_status":"closed","template":"","meta":{"_acf_changed":false,"footnotes":""},"acf":[],"_links":{"self":[{"href":"https:\/\/www.cfn-nce.ca\/fr\/wp-json\/wp\/v2\/pages\/1249"}],"collection":[{"href":"https:\/\/www.cfn-nce.ca\/fr\/wp-json\/wp\/v2\/pages"}],"about":[{"href":"https:\/\/www.cfn-nce.ca\/fr\/wp-json\/wp\/v2\/types\/page"}],"author":[{"embeddable":true,"href":"https:\/\/www.cfn-nce.ca\/fr\/wp-json\/wp\/v2\/users\/1"}],"replies":[{"embeddable":true,"href":"https:\/\/www.cfn-nce.ca\/fr\/wp-json\/wp\/v2\/comments?post=1249"}],"version-history":[{"count":4,"href":"https:\/\/www.cfn-nce.ca\/fr\/wp-json\/wp\/v2\/pages\/1249\/revisions"}],"predecessor-version":[{"id":11685,"href":"https:\/\/www.cfn-nce.ca\/fr\/wp-json\/wp\/v2\/pages\/1249\/revisions\/11685"}],"up":[{"embeddable":true,"href":"https:\/\/www.cfn-nce.ca\/fr\/wp-json\/wp\/v2\/pages\/1248"}],"wp:attachment":[{"href":"https:\/\/www.cfn-nce.ca\/fr\/wp-json\/wp\/v2\/media?parent=1249"}],"curies":[{"name":"wp","href":"https:\/\/api.w.org\/{rel}","templated":true}]}}