{"id":1251,"date":"2018-09-21T16:02:15","date_gmt":"2018-09-21T20:02:15","guid":{"rendered":"http:\/\/www.cfn-nce.ca\/contact-us\/cfn-staff\/"},"modified":"2023-02-01T15:55:11","modified_gmt":"2023-02-01T20:55:11","slug":"cfn-staff","status":"publish","type":"page","link":"https:\/\/www.cfn-nce.ca\/fr\/contact-us\/cfn-staff\/","title":{"rendered":"Le personnel"},"content":{"rendered":"<p>Le RCSPF\u00a0est situ\u00e9 \u00e0 la Maison Kidd, \u00e0 l\u2019H\u00f4pital g\u00e9n\u00e9ral de Kingston, lieu historique national du Canada, au c\u0153ur du campus de l\u2019Universit\u00e9 Queen\u2019s.<\/p>\n<p><strong>Adresse postale<\/strong><\/p>\n<p>RCSPF<\/p>\n<p>Maison Kidd<\/p>\n<p>100, rue Stuart<\/p>\n<p>Kingston (Ontario) ON K7L 3N6<\/p>\n<p class=\"last\"><a href=\"CFNNCEinfo@gmail.com\">Pour contacter le centre administratif<\/a><\/p>\n","protected":false},"excerpt":{"rendered":"<p>Le RCSPF\u00a0est situ\u00e9 \u00e0 la Maison Kidd, \u00e0 l\u2019H\u00f4pital g\u00e9n\u00e9ral de Kingston, lieu historique national du Canada, au c\u0153ur du campus de l\u2019Universit\u00e9 Queen\u2019s. Adresse postale RCSPF Maison Kidd 100, rue Stuart Kingston (Ontario) ON K7L 3N6 Pour contacter le centre administratif<\/p>\n","protected":false},"author":1,"featured_media":0,"parent":3140,"menu_order":31,"comment_status":"closed","ping_status":"open","template":"","meta":{"_acf_changed":false,"footnotes":""},"acf":[],"_links":{"self":[{"href":"https:\/\/www.cfn-nce.ca\/fr\/wp-json\/wp\/v2\/pages\/1251"}],"collection":[{"href":"https:\/\/www.cfn-nce.ca\/fr\/wp-json\/wp\/v2\/pages"}],"about":[{"href":"https:\/\/www.cfn-nce.ca\/fr\/wp-json\/wp\/v2\/types\/page"}],"author":[{"embeddable":true,"href":"https:\/\/www.cfn-nce.ca\/fr\/wp-json\/wp\/v2\/users\/1"}],"replies":[{"embeddable":true,"href":"https:\/\/www.cfn-nce.ca\/fr\/wp-json\/wp\/v2\/comments?post=1251"}],"version-history":[{"count":3,"href":"https:\/\/www.cfn-nce.ca\/fr\/wp-json\/wp\/v2\/pages\/1251\/revisions"}],"predecessor-version":[{"id":16202,"href":"https:\/\/www.cfn-nce.ca\/fr\/wp-json\/wp\/v2\/pages\/1251\/revisions\/16202"}],"up":[{"embeddable":true,"href":"https:\/\/www.cfn-nce.ca\/fr\/wp-json\/wp\/v2\/pages\/3140"}],"wp:attachment":[{"href":"https:\/\/www.cfn-nce.ca\/fr\/wp-json\/wp\/v2\/media?parent=1251"}],"curies":[{"name":"wp","href":"https:\/\/api.w.org\/{rel}","templated":true}]}}