{"id":1259,"date":"2018-09-21T16:02:15","date_gmt":"2018-09-21T20:02:15","guid":{"rendered":"http:\/\/www.cfn-nce.ca\/about-us\/our-network-community\/"},"modified":"2020-03-25T11:19:04","modified_gmt":"2020-03-25T15:19:04","slug":"our-network-community","status":"publish","type":"page","link":"https:\/\/www.cfn-nce.ca\/fr\/about-us\/our-network-community\/","title":{"rendered":"Notre communaut\u00e9"},"content":{"rendered":"<p>Le R\u00e9seau canadien des soins aux personnes fragilis\u00e9es est le point de convergence de gens brillants et dou\u00e9s ainsi que d\u2019organismes provenant du milieu universitaire, du domaine de la prestation des soins, des collectivit\u00e9s, du gouvernement, des ONG, des groupes de d\u00e9fense des int\u00e9r\u00eats, d\u2019autres organismes sans but lucratif et de l\u2019industrie, tous r\u00e9unis pour lutter contre la fragilisation. Le seul r\u00e9seau national du Canada \u00e0 se consacrer aux Canadiens \u00e2g\u00e9s et fragilis\u00e9s, le R\u00e9seau offre une occasion unique de tendre la main aux gens et d\u2019agir \u00e0 l\u2019\u00e9gard des enjeux li\u00e9s \u00e0 la fragilisation qui touchent tous les Canadiens.<\/p>\n<p>Bien s\u00fbr, un facteur central aux activit\u00e9s du R\u00e9seau est la participation significative et appropri\u00e9e des <strong>citoyens (les patients, leurs proches et aidants ainsi que la population int\u00e9ress\u00e9e<\/strong>) \u00e0 la recherche, de l\u2019\u00e9laboration de politiques et de programmes jusqu\u2019\u00e0 la d\u00e9finition des objectifs et la prise, la mise en \u0153uvre et l\u2019examen des d\u00e9cisions. <u>Cliquez ici pour savoir comment nous mobilisons les citoyens et les invitons \u00e0 participer \u00e0 nos activit\u00e9s.<\/u><\/p>\n<table>\n<tbody>\n<tr>\n<td width=\"179\"><strong>Chercheurs du R\u00e9seau et leurs organismes h\u00f4tes<\/strong><\/td>\n<td width=\"444\">Les chercheurs principaux qui pilotent les projets de recherche que nous finan\u00e7ons ainsi que les superviseurs de nos boursiers de recherche interdisciplinaire et stagiaires d\u2019\u00e9t\u00e9 sont reconnus en tant que <u>chercheurs du R\u00e9seau<\/u> par le conseil d\u2019administration, tout comme le sont leurs <u>organismes h\u00f4tes<\/u> qui deviennent ainsi des membres du R\u00e9seau avec droit de vote.<\/td>\n<\/tr>\n<tr>\n<td width=\"179\"><strong>Stagiaires<\/strong><\/td>\n<td width=\"444\">Les stagiaires qui participent \u00e0 notre <u>Programme de formation interdisciplinaire<\/u> jouent un r\u00f4le important en aidant les chercheurs du R\u00e9seau \u00e0 produire des faits probants et \u00e0 int\u00e9grer les connaissances dans la pratique et les politiques.<\/td>\n<\/tr>\n<tr>\n<td width=\"179\"><strong>Organismes partout au pays<\/strong><\/td>\n<td width=\"444\">Les organismes partout au pays collaborent ou travaillent en partenariat avec le R\u00e9seau et ses chercheurs \u00e0 la r\u00e9alisation de ses initiatives, travaux de recherche et projets de mobilisation des connaissances.<\/td>\n<\/tr>\n<\/tbody>\n<\/table>\n<p>&nbsp;<\/p>\n<p>Le R\u00e9seau est compos\u00e9 de personnes et d\u2019organismes de partout au pays qui offrent b\u00e9n\u00e9volement leur savoir, leur expertise et leurs r\u00e9seaux de distribution en collaborant \u00e0 des projets de recherche, en mobilisant leurs connaissances ou en mettant sur pied des programmes.<\/p>\n<p>Le R\u00e9seau est reconnaissant du soutien offert par le <u>programme des R\u00e9seaux de centres d\u2019excellence du gouvernement du Canada<\/u>, qui a r\u00e9cemment renouvel\u00e9 son financement pour un deuxi\u00e8me mandat (2012-2022), et remercie l\u2019<u>Universit\u00e9 Queen\u2019s<\/u> et l\u2019<u>H\u00f4pital g\u00e9n\u00e9ral de Kingston du Centre des sciences de la sant\u00e9 de Kingston<\/u>, qui abritent les bureaux du R\u00e9seau.<\/p>\n","protected":false},"excerpt":{"rendered":"<p>Le R\u00e9seau canadien des soins aux personnes fragilis\u00e9es est le point de convergence de gens brillants et dou\u00e9s ainsi que d\u2019organismes provenant du milieu universitaire, du domaine de la prestation des soins, des collectivit\u00e9s, du gouvernement, des ONG, des groupes de d\u00e9fense des int\u00e9r\u00eats, d\u2019autres organismes sans but lucratif et de l\u2019industrie, tous r\u00e9unis pour&#8230;<\/p>\n","protected":false},"author":1,"featured_media":0,"parent":1248,"menu_order":33,"comment_status":"closed","ping_status":"closed","template":"","meta":{"_acf_changed":false,"footnotes":""},"acf":[],"_links":{"self":[{"href":"https:\/\/www.cfn-nce.ca\/fr\/wp-json\/wp\/v2\/pages\/1259"}],"collection":[{"href":"https:\/\/www.cfn-nce.ca\/fr\/wp-json\/wp\/v2\/pages"}],"about":[{"href":"https:\/\/www.cfn-nce.ca\/fr\/wp-json\/wp\/v2\/types\/page"}],"author":[{"embeddable":true,"href":"https:\/\/www.cfn-nce.ca\/fr\/wp-json\/wp\/v2\/users\/1"}],"replies":[{"embeddable":true,"href":"https:\/\/www.cfn-nce.ca\/fr\/wp-json\/wp\/v2\/comments?post=1259"}],"version-history":[{"count":3,"href":"https:\/\/www.cfn-nce.ca\/fr\/wp-json\/wp\/v2\/pages\/1259\/revisions"}],"predecessor-version":[{"id":11723,"href":"https:\/\/www.cfn-nce.ca\/fr\/wp-json\/wp\/v2\/pages\/1259\/revisions\/11723"}],"up":[{"embeddable":true,"href":"https:\/\/www.cfn-nce.ca\/fr\/wp-json\/wp\/v2\/pages\/1248"}],"wp:attachment":[{"href":"https:\/\/www.cfn-nce.ca\/fr\/wp-json\/wp\/v2\/media?parent=1259"}],"curies":[{"name":"wp","href":"https:\/\/api.w.org\/{rel}","templated":true}]}}