{"id":1265,"date":"2018-09-21T16:02:15","date_gmt":"2018-09-21T20:02:15","guid":{"rendered":"http:\/\/www.cfn-nce.ca\/about-us\/current-initiatives\/"},"modified":"2018-09-21T16:02:24","modified_gmt":"2018-09-21T20:02:24","slug":"current-initiatives","status":"publish","type":"page","link":"https:\/\/www.cfn-nce.ca\/fr\/about-us\/notre-engagement-en-matiere-de-participation-citoyenne\/current-initiatives\/","title":{"rendered":"Autres initiatives"},"content":{"rendered":"<h3>\u00c9ducation et formation des chercheurs et des utilisateurs des connaissances<\/h3>\n<p class=\"first\">Le RCSPF a int\u00e9gr\u00e9 \u00e0 son programme unique de formation interdisciplinaire un module sur la participation des citoyens, d\u00e9finissant celle-ci comme une exigence que tous les participants au programme doivent respecter. Boursi\u00e8re du Programme de bourses de recherche interdisciplinaire du RCSPF et membre du Comit\u00e9 de la participation des citoyens du R\u00e9seau, M<sup>me<\/sup>\u00a0Jacobi Elliott a travaill\u00e9 en collaboration avec le RCSPF afin de pr\u00e9parer et de livrer un expos\u00e9 pr\u00e9sentant un aper\u00e7u g\u00e9n\u00e9ral de la participation des citoyens, notamment les a\u00een\u00e9s fragilis\u00e9s du Canada, de m\u00eame qu\u2019une s\u00e9rie d\u2019\u00e9tudes de cas. Un module semblable, destin\u00e9 aux chercheurs et aux utilisateurs des connaissances participant \u00e0 des projets de recherche et d\u2019applications des connaissances, est aussi \u00e0 l\u2019\u00e9tude. Les boursiers du Programme de bourses de recherche interdisciplinaire du RCSPF collaborent \u00e9troitement avec des mentors, ainsi qu\u2019avec les patients et leurs aidants naturels. Des documents de recrutement et de formation sont remis aux mentors.<\/p>\n<p>Le Comit\u00e9 de la participation des citoyens s\u2019emploie aussi \u00e0 \u00e9laborer un ensemble de lignes directrices relatives aux r\u00e9sum\u00e9s vulgaris\u00e9s. Les ressources dans ce secteur \u00e9tant actuellement tr\u00e8s limit\u00e9es, ces lignes directrices serviront \u00e0 communiquer les recherches et d\u2019autres documents li\u00e9s aux soins de sant\u00e9 \u00e0 un public plus vaste, favorisant ainsi la participation du grand public.<\/p>\n<h3 class=\"Pa14\">\u00c9tablissement des priorit\u00e9s de recherche<\/h3>\n<p class=\"Default\">\u00c0 l\u2019issue d\u2019une demande de propositions publi\u00e9e en 2015-2016 relativement \u00e0 un processus d\u2019\u00e9tablissement des priorit\u00e9s de recherche, le RCSPF a octroy\u00e9 un contrat de service visant \u00e0 d\u00e9terminer les priorit\u00e9s de recherche ax\u00e9es sur les patients concernant les soins de sant\u00e9 aux a\u00een\u00e9s fragilis\u00e9s du Canada. L\u2019\u00e9quipe retenue lancera un processus de consultation conforme au protocole de la James Lind Alliance, qui exige que les priorit\u00e9s soient \u00e9tablies de mani\u00e8re juste, en tenant compte des points de vue des a\u00een\u00e9s fragilis\u00e9s et de leurs aidants, ainsi que des cliniciens et des professionnels param\u00e9dicaux. M<sup>me<\/sup>\u00a0Katherine McGilton, Ph.\u00a0D., et M<sup>me<\/sup>\u00a0Martine Puts, Ph.\u00a0D., de l\u2019Universit\u00e9 de Toronto, sont responsables de ce projet. Les r\u00e9sultats sont attendus en juin 2017.<\/p>\n","protected":false},"excerpt":{"rendered":"<p>\u00c9ducation et formation des chercheurs et des utilisateurs des connaissances Le RCSPF a int\u00e9gr\u00e9 \u00e0 son programme unique de formation interdisciplinaire un module sur la participation des citoyens, d\u00e9finissant celle-ci comme une exigence que tous les participants au programme doivent respecter. Boursi\u00e8re du Programme de bourses de recherche interdisciplinaire du RCSPF et membre du Comit\u00e9&#8230;<\/p>\n","protected":false},"author":1,"featured_media":0,"parent":11721,"menu_order":38,"comment_status":"closed","ping_status":"closed","template":"","meta":{"_acf_changed":false,"footnotes":""},"acf":[],"_links":{"self":[{"href":"https:\/\/www.cfn-nce.ca\/fr\/wp-json\/wp\/v2\/pages\/1265"}],"collection":[{"href":"https:\/\/www.cfn-nce.ca\/fr\/wp-json\/wp\/v2\/pages"}],"about":[{"href":"https:\/\/www.cfn-nce.ca\/fr\/wp-json\/wp\/v2\/types\/page"}],"author":[{"embeddable":true,"href":"https:\/\/www.cfn-nce.ca\/fr\/wp-json\/wp\/v2\/users\/1"}],"replies":[{"embeddable":true,"href":"https:\/\/www.cfn-nce.ca\/fr\/wp-json\/wp\/v2\/comments?post=1265"}],"version-history":[{"count":1,"href":"https:\/\/www.cfn-nce.ca\/fr\/wp-json\/wp\/v2\/pages\/1265\/revisions"}],"predecessor-version":[{"id":1317,"href":"https:\/\/www.cfn-nce.ca\/fr\/wp-json\/wp\/v2\/pages\/1265\/revisions\/1317"}],"up":[{"embeddable":true,"href":"https:\/\/www.cfn-nce.ca\/fr\/wp-json\/wp\/v2\/pages\/11721"}],"wp:attachment":[{"href":"https:\/\/www.cfn-nce.ca\/fr\/wp-json\/wp\/v2\/media?parent=1265"}],"curies":[{"name":"wp","href":"https:\/\/api.w.org\/{rel}","templated":true}]}}