{"id":1273,"date":"2018-09-21T16:02:26","date_gmt":"2018-09-21T20:02:26","guid":{"rendered":"http:\/\/www.cfn-nce.ca\/research\/improving-evidence-through-research-and-kt\/"},"modified":"2020-03-26T12:27:06","modified_gmt":"2020-03-26T16:27:06","slug":"improving-evidence-through-research-and-kt","status":"publish","type":"page","link":"https:\/\/www.cfn-nce.ca\/fr\/improving-evidence-through-research-and-kt\/","title":{"rendered":"Recherche et application des connaissances"},"content":{"rendered":"<p><strong>Le RCSPF\u00a0finance de la recherche qui montre qu\u2019il est possible d\u2019adopter \u00e0 grande \u00e9chelle le d\u00e9pistage de l\u2019\u00e9tat de fragilit\u00e9 et de transformer les pratiques cliniques relatives aux soins prodigu\u00e9s aux a\u00een\u00e9s fragilis\u00e9s.<\/strong><\/p>\n<p>Profitant des fortes assises de la recherche financ\u00e9e par les IRSC, le CRSNG et le CRSH, les \u00e9quipes de chercheurs subventionn\u00e9s par le RCSPF\u00a0font appel aux patients, aux familles et aux utilisateurs de connaissances et font participer directement les stagiaires aux modules de recherche du Programme de formation interdisciplinaire du RCSPF. Les chercheurs demandent aussi l\u2019aide d\u2019autres partenaires pour acc\u00e9l\u00e9rer l\u2019adoption et la mise en \u0153uvre des r\u00e9sultats de la recherche.<\/p>\n<p>Le programme de recherche du RCSPF\u00a0s\u2019articule autour de <a href=\"\/recherche-et-financement\/recherche\/CFN-research-priorities-and-themes\/\">quatre grands th\u00e8mes<\/a> et comporte<a href=\"\/recherche-et-financement\/recherche\/our-research-programs\/\"> cinq cat\u00e9gories de bourses de recherche<\/a>.<\/p>\n<p>Dans son r\u00f4le consultatif, <a href=\"\/\u00e0-notre-sujet\/how-we-are-organized\/network-advisory-committees\/le-comit\u00e9-de-gestion-de-la-recherche\/\">le Comit\u00e9 de gestion de la recherche<\/a> guide, g\u00e8re et surveille le programme de recherche. Les membres du comit\u00e9 sont repr\u00e9sentatifs de la nature pancanadienne, multisectorielle et multidisciplinaire de notre mandat de recherche.<\/p>\n<p><a href=\"\/\u00e0-notre-sujet\/how-we-are-organized\/network-advisory-committees\/le-comit\u00e9-d\u2019examen-scientifique\/\">Le Comit\u00e9 d\u2019examen scientifique<\/a> du RCSPF\u00a0assure l\u2019excellence scientifique en appliquant un rigoureux processus d\u2019examen par les pairs, et <a href=\"\/\u00e0-notre-sujet\/how-we-are-organized\/network-advisory-committees\/le-comit\u00e9-de-l\u2019application-des-connaissances\/\">le Comit\u00e9 d\u2019application des connaissances<\/a> du RCSPF\u00a0veille \u00e0 ce que la recherche prometteuse soit fid\u00e8le aux priorit\u00e9s du RCSPF\u00a0en mati\u00e8re d\u2019application des connaissances et de participation des citoyens.<\/p>\n","protected":false},"excerpt":{"rendered":"<p>Le RCSPF\u00a0finance de la recherche qui montre qu\u2019il est possible d\u2019adopter \u00e0 grande \u00e9chelle le d\u00e9pistage de l\u2019\u00e9tat de fragilit\u00e9 et de transformer les pratiques cliniques relatives aux soins prodigu\u00e9s aux a\u00een\u00e9s fragilis\u00e9s. Profitant des fortes assises de la recherche financ\u00e9e par les IRSC, le CRSNG et le CRSH, les \u00e9quipes de chercheurs subventionn\u00e9s par&#8230;<\/p>\n","protected":false},"author":1,"featured_media":0,"parent":0,"menu_order":37,"comment_status":"closed","ping_status":"closed","template":"","meta":{"_acf_changed":false,"footnotes":""},"acf":[],"_links":{"self":[{"href":"https:\/\/www.cfn-nce.ca\/fr\/wp-json\/wp\/v2\/pages\/1273"}],"collection":[{"href":"https:\/\/www.cfn-nce.ca\/fr\/wp-json\/wp\/v2\/pages"}],"about":[{"href":"https:\/\/www.cfn-nce.ca\/fr\/wp-json\/wp\/v2\/types\/page"}],"author":[{"embeddable":true,"href":"https:\/\/www.cfn-nce.ca\/fr\/wp-json\/wp\/v2\/users\/1"}],"replies":[{"embeddable":true,"href":"https:\/\/www.cfn-nce.ca\/fr\/wp-json\/wp\/v2\/comments?post=1273"}],"version-history":[{"count":3,"href":"https:\/\/www.cfn-nce.ca\/fr\/wp-json\/wp\/v2\/pages\/1273\/revisions"}],"predecessor-version":[{"id":11847,"href":"https:\/\/www.cfn-nce.ca\/fr\/wp-json\/wp\/v2\/pages\/1273\/revisions\/11847"}],"wp:attachment":[{"href":"https:\/\/www.cfn-nce.ca\/fr\/wp-json\/wp\/v2\/media?parent=1273"}],"curies":[{"name":"wp","href":"https:\/\/api.w.org\/{rel}","templated":true}]}}