{"id":1276,"date":"2018-09-21T16:02:26","date_gmt":"2018-09-21T20:02:26","guid":{"rendered":"http:\/\/www.cfn-nce.ca\/news-and-events\/frailty-matters-innovation-showcase\/"},"modified":"2018-09-24T11:25:56","modified_gmt":"2018-09-24T15:25:56","slug":"frailty-matters-innovation-showcase","status":"publish","type":"page","link":"https:\/\/www.cfn-nce.ca\/fr\/news-and-events\/frailty-matters-innovation-showcase\/","title":{"rendered":"Tout le Canada doit profiter des meilleures innovations canadiennes en mati\u00e8re de fragilisation."},"content":{"rendered":"<p>Le Canada est un pays o\u00f9 cohabitent treize syst\u00e8mes de soins de sant\u00e9 et, trop souvent, ces syst\u00e8mes g\u00e9n\u00e8rent d\u2019excellentes innovations sur le plan local ou r\u00e9gional qui ne sont pas diffus\u00e9es \u00e0 l\u2019\u00e9chelle nationale. <a href=\"\/{localLink:12463}\" title=\"2018 Innovation Showcase\">Le RCSPF a cr\u00e9\u00e9 \u00ab Place \u00e0 l\u2019innovation : LA FRAGILISATION, UN ENJEU IMPORTANT \u00bb pour mettre en lumi\u00e8re les meilleures innovations canadiennes<\/a>. Souligner ces innovations n\u2019est qu\u2019une partie du travail \u2013 notre objectif est de <span style=\"text-decoration: underline;\">lancer la discussion<\/span>, de susciter de nouvelles id\u00e9es et de nouvelles approches \u00e0 l\u2019\u00e9gard de la fragilisation dans l\u2019ensemble des syst\u00e8mes de sant\u00e9 canadiens. <strong>Le Canada doit parler de la fragilisation et des personnes \u00e2g\u00e9es. Participez \u00e0 la conversation le 20 septembre.<\/strong><\/p>\n<h3>Lors de l\u2019exposition \u00ab Place \u00e0 l\u2019innovation\u00a0: LA FRAGILISATION, UN ENJEU IMPORTANT \u00bb qui aura lieu \u00e0 Toronto le 20 septembre, vous aurez l\u2019occasion d\u2019en apprendre davantage sur les 30 meilleures innovations.<\/h3>\n<h3>Les auteurs des cinq meilleures innovations pr\u00e9senteront leurs projets, l\u2019INNOVATION DE L\u2019ANN\u00c9E EN MATI\u00c8RE DE FRAGILISATION sera annonc\u00e9e et les participants voteront pour \u00ab\u00a0l\u2019INNOVATION DE CHOIX \u00bb pr\u00e9sent\u00e9e \u00e0 la conf\u00e9rence!<\/h3>\n<p>\u00a0<\/p>\n<p class=\"button01\"><strong><span style=\"text-decoration: underline;\"><a href=\"http:\/\/www.frailtyconference.ca\/?page_id=576\">INSCRIVEZ-VOUS D\u00c8S MAINTENANT<\/a><\/span><\/strong><\/p>\n<p>\u00a0<\/p>\n<h3><strong>Vous voulez avoir un aper\u00e7u de ce que vous verrez \u00e0 Toronto? Voici les cinq meilleures innovations en mati\u00e8re de fragilisation destin\u00e9es aux personnes \u00e2g\u00e9es\u00a0: <\/strong>(\u00e9num\u00e9r\u00e9es sans ordre particulier)<\/h3>\n<ul>\n<li>R\u00e9seau des soins primaires Edmonton Oliver (Alberta) &#8212; <a href=\"\/{localLink:12825}\" title=\"Seniors' Community Hub FR\">Centre communautaire des a\u00een\u00e9s<\/a> &#8212; Marjan Abbasi<\/li>\n<li>Programmes de g\u00e9riatrie et de soins \u00e0 domicile (\u00ce.-P.-\u00c9.) &#8212; <a href=\"\/{localLink:12826}\" title=\"COACH\">Programme COACH (Soins communautaires et \u00e0 domicile pour les a\u00een\u00e9s)<\/a> \u2013 Elaine Campbell<\/li>\n<li>R\u00e9gie des soins de sant\u00e9 Fraser (C.-B.) \u2013 <a href=\"\/{localLink:12827}\" title=\"CARES\">CARES : Strat\u00e9gie de d\u00e9pistage pr\u00e9coce et de pr\u00e9vention de la fragilisation<\/a> \u2013 Annette Garm<\/li>\n<li>Sciences de la sant\u00e9 de Hamilton (Ontario) \u2013 <a href=\"\/{localLink:12828}\" title=\"Hospital without Walls\">H\u00f4pitaux sans murs : combler les disparit\u00e9s en mati\u00e8re de sant\u00e9 pour les personnes \u00e2g\u00e9es et fragilis\u00e9es<\/a> \u2013 Kelly O\u2019Halloran<\/li>\n<li>\u00c9quipe de sant\u00e9 familiale du centre de m\u00e9decine familiale (Ontario) &#8212; <a href=\"\/{localLink:12829}\" title=\"C5-75 FR\">C5-75 : D\u00e9pistage des affections chroniques chez les personnes de 75 ans et plus<\/a> &#8212; Linda Lee<\/li>\n<\/ul>\n<p>Vous d\u00e9sirez en savoir plus? <a href=\"https:\/\/www.cfn-nce.ca\/wp-content\/uploads\/2018\/09\/top-30-innovations-posted-to-website-2018-08-08.pdf\">Cliquez ici<\/a> pour tout savoir sur les 30 meilleures innovations qui seront pr\u00e9sent\u00e9es lors de l\u2019exposition et de la conf\u00e9rence nationale sur la fragilisation du RCSPF (en anglais seulement).<\/p>\n","protected":false},"excerpt":{"rendered":"<p>Le Canada est un pays o\u00f9 cohabitent treize syst\u00e8mes de soins de sant\u00e9 et, trop souvent, ces syst\u00e8mes g\u00e9n\u00e8rent d\u2019excellentes innovations sur le plan local ou r\u00e9gional qui ne sont pas diffus\u00e9es \u00e0 l\u2019\u00e9chelle nationale. Le RCSPF a cr\u00e9\u00e9 \u00ab Place \u00e0 l\u2019innovation : LA FRAGILISATION, UN ENJEU IMPORTANT \u00bb pour mettre en lumi\u00e8re les&#8230;<\/p>\n","protected":false},"author":1,"featured_media":0,"parent":3145,"menu_order":33,"comment_status":"closed","ping_status":"open","template":"","meta":{"_acf_changed":false,"footnotes":""},"acf":[],"_links":{"self":[{"href":"https:\/\/www.cfn-nce.ca\/fr\/wp-json\/wp\/v2\/pages\/1276"}],"collection":[{"href":"https:\/\/www.cfn-nce.ca\/fr\/wp-json\/wp\/v2\/pages"}],"about":[{"href":"https:\/\/www.cfn-nce.ca\/fr\/wp-json\/wp\/v2\/types\/page"}],"author":[{"embeddable":true,"href":"https:\/\/www.cfn-nce.ca\/fr\/wp-json\/wp\/v2\/users\/1"}],"replies":[{"embeddable":true,"href":"https:\/\/www.cfn-nce.ca\/fr\/wp-json\/wp\/v2\/comments?post=1276"}],"version-history":[{"count":2,"href":"https:\/\/www.cfn-nce.ca\/fr\/wp-json\/wp\/v2\/pages\/1276\/revisions"}],"predecessor-version":[{"id":2562,"href":"https:\/\/www.cfn-nce.ca\/fr\/wp-json\/wp\/v2\/pages\/1276\/revisions\/2562"}],"up":[{"embeddable":true,"href":"https:\/\/www.cfn-nce.ca\/fr\/wp-json\/wp\/v2\/pages\/3145"}],"wp:attachment":[{"href":"https:\/\/www.cfn-nce.ca\/fr\/wp-json\/wp\/v2\/media?parent=1276"}],"curies":[{"name":"wp","href":"https:\/\/api.w.org\/{rel}","templated":true}]}}