{"id":1277,"date":"2018-09-21T16:02:26","date_gmt":"2018-09-21T20:02:26","guid":{"rendered":"http:\/\/www.cfn-nce.ca\/news-and-events\/c5-75-case-finding-for-complex-chronic-conditions-in-persons-75plus\/"},"modified":"2018-10-02T11:10:54","modified_gmt":"2018-10-02T15:10:54","slug":"c5-75-case-finding-for-complex-chronic-conditions-in-persons-75plus","status":"publish","type":"page","link":"https:\/\/www.cfn-nce.ca\/fr\/news-and-events\/frailty-matters-innovation-showcase\/place-a-linnovation-la-fragilisation-un-enjeu-important\/c5-75-case-finding-for-complex-chronic-conditions-in-persons-75plus\/","title":{"rendered":"C5-75 : D\u00e9pistage des affections chroniques complexes chez les personnes de 75 ans et plus"},"content":{"rendered":"<p>\u00c0 la suite de l\u2019appel de propositions de partout au pays pour l\u2019exposition Place \u00e0 l\u2019innovation : LA FRAGILISATION, UN ENJEU IMPORTANT, un groupe d\u2019experts reconnus ont choisi les CINQ MEILLEURES INNOVATIONS. Ces cinq initiatives seront pr\u00e9sent\u00e9es sur la sc\u00e8ne de l\u2019exposition Place \u00e0 l\u2019innovation : LA FRAGILISATION, UN ENJEU IMPORTANT, le jeudi 20 septembre \u00e0 Toronto, dans le cadre de la conf\u00e9rence nationale du RCSPF. Les participants pourront voter pour<\/p>\n<p>L\u2019INNOVATION DE CHOIX parmi les cinq meilleures innovations pr\u00e9sent\u00e9es \u00e0 la conf\u00e9rence!<\/p>\n<p class=\"button01\"><span style=\"text-decoration: underline;\"><a href=\"https:\/\/event-wizard.com\/FrailtyMatters2018\/0\/register\/\">Inscrivez-vous d\u00e8s maintenant et votez!<\/a><\/span><\/p>\n<p>\u00a0<\/p>\n<h2>C5-75 : D\u00e9pistage des affections chroniques complexes chez les personnes<\/h2>\n<p>\u00c9tant donn\u00e9 le vieillissement de la population, la grave p\u00e9nurie de g\u00e9riatres au Canada et un syst\u00e8me de soins de sant\u00e9 qui doit s\u2019adapter aux besoins des personnes fragilis\u00e9es, l\u2019on reconna\u00eet de plus en plus que les soins primaires doivent accepter de jouer un plus grand r\u00f4le dans les soins aux a\u00een\u00e9s fragilis\u00e9s. Pourtant, le d\u00e9pistage pr\u00e9coce de la fragilisation et des conditions qui l\u2019entra\u00eenent s\u2019av\u00e8re difficile. Pour r\u00e9pondre \u00e0 ce besoin, l\u2019\u00e9quipe de sant\u00e9 familiale du Centre de m\u00e9decine familiale a cr\u00e9\u00e9 le programme C5-75 comme moyen de d\u00e9pister et de g\u00e9rer la fragilisation dans le cadre des soins primaires.<\/p>\n<p>Gr\u00e2ce \u00e0 un d\u00e9pistage annuel lors des visites de routine au bureau, le programme C5-75 vise \u00e0 d\u00e9pister syst\u00e9matiquement et \u00e0 mieux g\u00e9rer la fragilisation et les conditions m\u00e9dicales et psychosociales associ\u00e9es non reconnues qui contribuent \u00e0 une mauvaise sant\u00e9, afin de permettre aux personnes de conserver leur sant\u00e9 et leur qualit\u00e9 de vie et de demeurer dans leur collectivit\u00e9 le plus longtemps possible. Gr\u00e2ce \u00e0 des examens r\u00e9guliers visant \u00e0 en accro\u00eetre l\u2019efficacit\u00e9, le programme a d\u00e9montr\u00e9 sa faisabilit\u00e9 et son acceptabilit\u00e9, ayant \u00e9t\u00e9 maintenu pendant plus de cinq ans dans 19 pratiques familiales; 1 073 personnes \u00e2g\u00e9es de 75 ans et plus ont fait l\u2019objet d\u2019un d\u00e9pistage et 7 % ont \u00e9t\u00e9 d\u00e9termin\u00e9es comme \u00e9tant fr\u00eales. De plus, le programme a d\u00e9montr\u00e9 sa faisabilit\u00e9 dans un milieu de pratique familiale moins bien dot\u00e9 en ressources, en collaboration avec une pharmacie communautaire.<\/p>\n<p>Les \u00e9l\u00e9ments qui font que le programme C5-75 convient aux pratiques familiales canadiennes comprennent : i) l\u2019\u00e9laboration d\u2019une m\u00e9thode r\u00e9alisable, objective et valide de d\u00e9pistage de la fragilisation au cours d\u2019une pratique clinique achaland\u00e9e en utilisant la vitesse de marche et la force de pr\u00e9hension de la main; ii) son approche structur\u00e9e, multidisciplinaire et fond\u00e9e sur des donn\u00e9es probantes pour d\u00e9pister et g\u00e9rer syst\u00e9matiquement la fragilisation et les affections connexes; iii) le fait d\u2019avoir \u00e9t\u00e9 cr\u00e9\u00e9 par des praticiens de soins primaires, test\u00e9 et con\u00e7u pour \u00eatre int\u00e9gr\u00e9 dans les soins primaires au Canada.<\/p>\n<p>\u00a0<\/p>\n<p><strong>Pr\u00e9sentateurs :\u00a0 Linda Lee (responsable du projet), Tejal Patel<\/strong><\/p>\n<p>\u00a0<\/p>\n","protected":false},"excerpt":{"rendered":"<p>\u00c0 la suite de l\u2019appel de propositions de partout au pays pour l\u2019exposition Place \u00e0 l\u2019innovation : LA FRAGILISATION, UN ENJEU IMPORTANT, un groupe d\u2019experts reconnus ont choisi les CINQ MEILLEURES INNOVATIONS. Ces cinq initiatives seront pr\u00e9sent\u00e9es sur la sc\u00e8ne de l\u2019exposition Place \u00e0 l\u2019innovation : LA FRAGILISATION, UN ENJEU IMPORTANT, le jeudi 20 septembre&#8230;<\/p>\n","protected":false},"author":1,"featured_media":0,"parent":3488,"menu_order":35,"comment_status":"closed","ping_status":"closed","template":"","meta":{"_acf_changed":false,"footnotes":""},"acf":[],"_links":{"self":[{"href":"https:\/\/www.cfn-nce.ca\/fr\/wp-json\/wp\/v2\/pages\/1277"}],"collection":[{"href":"https:\/\/www.cfn-nce.ca\/fr\/wp-json\/wp\/v2\/pages"}],"about":[{"href":"https:\/\/www.cfn-nce.ca\/fr\/wp-json\/wp\/v2\/types\/page"}],"author":[{"embeddable":true,"href":"https:\/\/www.cfn-nce.ca\/fr\/wp-json\/wp\/v2\/users\/1"}],"replies":[{"embeddable":true,"href":"https:\/\/www.cfn-nce.ca\/fr\/wp-json\/wp\/v2\/comments?post=1277"}],"version-history":[{"count":1,"href":"https:\/\/www.cfn-nce.ca\/fr\/wp-json\/wp\/v2\/pages\/1277\/revisions"}],"predecessor-version":[{"id":1329,"href":"https:\/\/www.cfn-nce.ca\/fr\/wp-json\/wp\/v2\/pages\/1277\/revisions\/1329"}],"up":[{"embeddable":true,"href":"https:\/\/www.cfn-nce.ca\/fr\/wp-json\/wp\/v2\/pages\/3488"}],"wp:attachment":[{"href":"https:\/\/www.cfn-nce.ca\/fr\/wp-json\/wp\/v2\/media?parent=1277"}],"curies":[{"name":"wp","href":"https:\/\/api.w.org\/{rel}","templated":true}]}}