{"id":1281,"date":"2018-09-21T16:02:26","date_gmt":"2018-09-21T20:02:26","guid":{"rendered":"http:\/\/www.cfn-nce.ca\/news-and-events\/seniors-community-hub\/"},"modified":"2018-09-21T16:02:30","modified_gmt":"2018-09-21T20:02:30","slug":"seniors-community-hub","status":"publish","type":"page","link":"https:\/\/www.cfn-nce.ca\/fr\/news-and-events\/frailty-matters-innovation-showcase\/seniors-community-hub\/","title":{"rendered":"Centre communautaire des a\u00een\u00e9s"},"content":{"rendered":"<p>\u00c0 la suite de l\u2019appel de propositions de partout au pays pour l\u2019exposition Place \u00e0 l\u2019innovation : LA FRAGILISATION, UN ENJEU IMPORTANT, un groupe d\u2019experts reconnus ont choisi les CINQ MEILLEURES INNOVATIONS. Ces cinq initiatives seront pr\u00e9sent\u00e9es sur la sc\u00e8ne de l\u2019exposition Place \u00e0 l\u2019innovation : LA FRAGILISATION, UN ENJEU IMPORTANT, le jeudi 20 septembre \u00e0 Toronto, dans le cadre de la conf\u00e9rence nationale du RCSPF. Les participants pourront voter pour<\/p>\n<p>L\u2019INNOVATION DE CHOIX parmi les cinq meilleures innovations pr\u00e9sent\u00e9es \u00e0 la conf\u00e9rence!<\/p>\n<p class=\"button01\"><span style=\"text-decoration: underline;\"><a href=\"https:\/\/event-wizard.com\/FrailtyMatters2018\/0\/register\/\">Inscrivez-vous d\u00e8s maintenant et votez!<\/a><\/span><\/p>\n<h2>Centre communautaire des a\u00een\u00e9s<\/h2>\n<p>Le Centre communautaire des a\u00een\u00e9s a \u00e9t\u00e9 cr\u00e9\u00e9 conjointement par un m\u00e9decin de soins aux personnes \u00e2g\u00e9es et un m\u00e9decin de soins primaires travaillant en Alberta. L\u2019objectif global de cette initiative est de transformer les soins primaires en un carrefour central en vue de mieux r\u00e9pondre aux besoins dynamiques en mati\u00e8re de sant\u00e9 et de services sociaux des a\u00een\u00e9s fragilis\u00e9s et de leurs proches aidants.<\/p>\n<p>Les objectifs du Centre communautaire des a\u00een\u00e9s sont les suivants : maintenir et am\u00e9liorer la sant\u00e9 et le bien-\u00eatre des a\u00een\u00e9s; mettre en place des soins de sant\u00e9 primaires int\u00e9gr\u00e9s centr\u00e9s sur les buts et les priorit\u00e9s des personnes \u00e2g\u00e9es; am\u00e9liorer l\u2019\u00e9change de renseignements entre les patients, les fournisseurs de soins et les contextes de soins; offrir un soutien communautaire aux aidants naturels en vue de pr\u00e9venir ou d\u2019all\u00e9ger leur fardeau; favoriser la viabilit\u00e9 \u00e0 long terme dans le contexte des soins primaires.<\/p>\n<p>Le Centre communautaire des a\u00een\u00e9s renforce la capacit\u00e9 en soins primaires en mobilisant les ressources disponibles du r\u00e9seau de soins primaires, en aidant de mani\u00e8re proactive les personnes \u00e2g\u00e9es et leurs proches aidants \u00e0 maintenir leur capacit\u00e9 intrins\u00e8que, en renfor\u00e7ant leur r\u00e9silience et, au bout du compte, en att\u00e9nuant leur fragilit\u00e9. Cet objectif a \u00e9t\u00e9 atteint gr\u00e2ce au processus structur\u00e9 de soins du Centre communautaire des a\u00een\u00e9s, \u00e0 la formation du personnel de sant\u00e9, \u00e0 la prise en main personnelle des patients et des soignants et \u00e0 l\u2019\u00e9tablissement de partenariats dans le domaine des soins.<\/p>\n<p>Jusqu\u2019\u00e0 pr\u00e9sent, les r\u00e9ussites du programme ont \u00e9t\u00e9 la bonification de la qualit\u00e9 de vie avec l\u2019am\u00e9lioration ou le maintien de l\u2019ind\u00e9pendance du patient, l\u2019acquisition de comp\u00e9tences d\u2019autogestion en mati\u00e8re de sant\u00e9 et de m\u00e9dicaments, une meilleure gestion des maladies chroniques, un meilleur acc\u00e8s aux ressources communautaires gr\u00e2ce au soutien \u00e0 l\u2019orientation, une diminution du sentiment de fardeau des aidants naturels et des liens plus solides avec leurs soins communautaires et \u00e0 domicile.<\/p>\n<p>\u00a0<\/p>\n<p><strong>Pr\u00e9sentatrices : Marjan Abbasi (responsable du projet), Sheny Khera<\/strong><\/p>\n<p>\u00a0<\/p>\n<p>\u00a0<\/p>\n","protected":false},"excerpt":{"rendered":"<p>\u00c0 la suite de l\u2019appel de propositions de partout au pays pour l\u2019exposition Place \u00e0 l\u2019innovation : LA FRAGILISATION, UN ENJEU IMPORTANT, un groupe d\u2019experts reconnus ont choisi les CINQ MEILLEURES INNOVATIONS. Ces cinq initiatives seront pr\u00e9sent\u00e9es sur la sc\u00e8ne de l\u2019exposition Place \u00e0 l\u2019innovation : LA FRAGILISATION, UN ENJEU IMPORTANT, le jeudi 20 septembre&#8230;<\/p>\n","protected":false},"author":1,"featured_media":0,"parent":1276,"menu_order":42,"comment_status":"closed","ping_status":"closed","template":"","meta":{"_acf_changed":false,"footnotes":""},"acf":[],"_links":{"self":[{"href":"https:\/\/www.cfn-nce.ca\/fr\/wp-json\/wp\/v2\/pages\/1281"}],"collection":[{"href":"https:\/\/www.cfn-nce.ca\/fr\/wp-json\/wp\/v2\/pages"}],"about":[{"href":"https:\/\/www.cfn-nce.ca\/fr\/wp-json\/wp\/v2\/types\/page"}],"author":[{"embeddable":true,"href":"https:\/\/www.cfn-nce.ca\/fr\/wp-json\/wp\/v2\/users\/1"}],"replies":[{"embeddable":true,"href":"https:\/\/www.cfn-nce.ca\/fr\/wp-json\/wp\/v2\/comments?post=1281"}],"version-history":[{"count":1,"href":"https:\/\/www.cfn-nce.ca\/fr\/wp-json\/wp\/v2\/pages\/1281\/revisions"}],"predecessor-version":[{"id":1333,"href":"https:\/\/www.cfn-nce.ca\/fr\/wp-json\/wp\/v2\/pages\/1281\/revisions\/1333"}],"up":[{"embeddable":true,"href":"https:\/\/www.cfn-nce.ca\/fr\/wp-json\/wp\/v2\/pages\/1276"}],"wp:attachment":[{"href":"https:\/\/www.cfn-nce.ca\/fr\/wp-json\/wp\/v2\/media?parent=1281"}],"curies":[{"name":"wp","href":"https:\/\/api.w.org\/{rel}","templated":true}]}}