{"id":1283,"date":"2018-09-21T16:02:26","date_gmt":"2018-09-21T20:02:26","guid":{"rendered":"http:\/\/www.cfn-nce.ca\/news-and-events\/cfn-national-conference-on-frailty-2015\/"},"modified":"2018-10-02T11:11:05","modified_gmt":"2018-10-02T15:11:05","slug":"cfn-national-conference-on-frailty-2015","status":"publish","type":"page","link":"https:\/\/www.cfn-nce.ca\/fr\/news-and-events\/cfn-national-conference-on-frailty-2015\/","title":{"rendered":"3e conf\u00e9rence annuelle sur l\u2019am\u00e9lioration des soins aux personnes \u00e2g\u00e9es et fragilis\u00e9es"},"content":{"rendered":"<h2>Regardez la vid\u00e9o des discussions et des pr\u00e9sentations de la conf\u00e9rence <a href=\"\/{localLink:6857}\" title=\"Proceedings and presentations from the 2015 TVN Annual Conference\">ici.<\/a><\/h2>\n<p>Veuillez noter que toutes les pr\u00e9sentations sont en anglais seulement.<\/p>\n<p>Le RCSPF\u00a0a tenu sa 3<sup>e<\/sup>\u00a0conf\u00e9rence annuelle sur l\u2019am\u00e9lioration des soins aux personnes \u00e2g\u00e9es et fragilis\u00e9es du dimanche 27\u00a0septembre au mardi 29\u00a0septembre 2015, \u00e0 Toronto.\u00a0<a href=\"https:\/\/www.cfn-nce.ca\/wp-content\/uploads\/2018\/09\/tvn-conference-program.pdf\">Consultez le programme de la conf\u00e9rence.<\/a><\/p>\n<p>Ce grand congr\u00e8s \u00e9tait\u00a0une merveilleuse occasion pour tous ceux qui se soucient de l\u2019am\u00e9lioration des soins de sant\u00e9 aux personnes \u00e2g\u00e9es, fragilis\u00e9es et gravement malades de mettre en commun connaissances, politiques et pratiques exemplaires, et de r\u00e9seauter avec leurs homologues du secteur dans le but de collaborer et de cultiver des relations. Les intervenants qui viennent assister \u00e0 cette conf\u00e9rence sont des chercheurs, des utilisateurs de connaissances, des d\u00e9cideurs, des professionnels de la sant\u00e9 et prestataires de soins, des patients et leur famille ainsi que des membres du public.<\/p>\n<h3>Affiches et expositions du PHQ du\u00a0RCSPF<\/h3>\n<p>\u00a0<\/p>\n<p>\u00c0 la conf\u00e9rence, le personnel hautement qualifi\u00e9 (PHQ) a pr\u00e9sent\u00e9 une cinquantaine d\u2019expos\u00e9s et d\u2019expositions, qui ont \u00e9t\u00e9 bien accueillis. L\u2019\u00e9tudiante au doctorat de l\u2019Universit\u00e9 de Waterloo, Jacobi Elliott, a re\u00e7u la plus haute distinction pour son affiche et son expos\u00e9 d\u00e9taill\u00e9 intitul\u00e9 \u00ab\u00a0<a href=\"https:\/\/www.cfn-nce.ca\/wp-content\/uploads\/2018\/09\/tvn-2015-conference-jacobi-elliott-meaningful-engagement-results-of-the-choice-knowledge-synthesis-project-.pdf\">Developing a system navigator role in primary care<\/a>\u00a0\u00bb.<\/p>\n<h3>Le RCSPF\u00a0\u00e9tait l\u2019h\u00f4te de la premi\u00e8re r\u00e9union ayant pour th\u00e8me \u00ab\u00a0Donner la parole aux a\u00een\u00e9s fragilis\u00e9s du Canada\u00a0\u00bb<\/h3>\n<p>\u00a0<\/p>\n<p>Dans le cadre de sa conf\u00e9rence, le RCSPF\u00a0a tenu une r\u00e9union participative, qui a accueilli 60\u00a0repr\u00e9sentants de groupes de d\u00e9fense de la population, des chercheurs, des professionnels de la sant\u00e9, des d\u00e9cideurs et des partenaires de l\u2019industrie. Les participants ont examin\u00e9 une foule de sujets et de strat\u00e9gies visant \u00e0 faire participer les Canadiens et leurs aidants naturels \u00e0 la recherche, \u00e0 la prise de d\u00e9cisions en mati\u00e8re de soins et \u00e0 l\u2019\u00e9tablissement de politiques. Tr\u00e8s bient\u00f4t, nous afficherons un r\u00e9sum\u00e9 des discussions et des r\u00e9sultats de la journ\u00e9e. Alors, marquez cette page d\u2019un rappel pour la consulter \u00e0 nouveau.\u00a0<\/p>\n<h3>Perspectives sur le vieillissement et la fragilisation de la sant\u00e9 par Duncan Sinclair<\/h3>\n<p>\u00a0<\/p>\n<p>Les participants ont visionn\u00e9 <a href=\"https:\/\/www.youtube.com\/watch?v=JQMU7mPfsfQ\">une vid\u00e9o<\/a> convaincante pr\u00e9sent\u00e9e par l\u2019ancien doyen de m\u00e9decine de l\u2019Universit\u00e9 Queen&rsquo;s et directeur du conseil d\u2019administration du RCSPF, Duncan Sinclair.\u00a0M.\u00a0Sinclair a d\u00e9crit ce que signifie pour lui la fragilisation de la sant\u00e9 et les mesures qu\u2019il prend pour retarder cette \u00e9ventualit\u00e9 et s\u2019assurer que ses d\u00e9cisions concernant ses soins en fin de vie sont rigoureusement respect\u00e9es.<\/p>\n<h3>Merci aux commanditaires et partenaires de la conf\u00e9rence!<\/h3>\n<p>\u00a0 \u00a0 \u00a0 \u00a0 \u00a0\u00a0<img loading=\"lazy\" decoding=\"async\" width=\"160\"  height=\"89\" src=\"\" alt=\"22 Cpsi\"\/><img loading=\"lazy\" decoding=\"async\" width=\"160\"  height=\"70\" src=\"\" alt=\"RX &amp; D Logo\"\/><img loading=\"lazy\" decoding=\"async\" width=\"160\"  height=\"65\" src=\"\" alt=\"Kingston -general -hospital\"\/><\/p>\n<p><img loading=\"lazy\" decoding=\"async\" width=\"230\" height=\"93\" src=\"\" alt=\"Queens University\"\/><img loading=\"lazy\" decoding=\"async\" width=\"137\" height=\"57\" src=\"\" alt=\"Nce Rce\"\/><img loading=\"lazy\" decoding=\"async\" width=\"182\"  height=\"35\" src=\"\" alt=\"Novartis Logo\"\/><\/p>\n<p>\u00a0<\/p>\n","protected":false},"excerpt":{"rendered":"<p>Regardez la vid\u00e9o des discussions et des pr\u00e9sentations de la conf\u00e9rence ici. Veuillez noter que toutes les pr\u00e9sentations sont en anglais seulement. Le RCSPF\u00a0a tenu sa 3e\u00a0conf\u00e9rence annuelle sur l\u2019am\u00e9lioration des soins aux personnes \u00e2g\u00e9es et fragilis\u00e9es du dimanche 27\u00a0septembre au mardi 29\u00a0septembre 2015, \u00e0 Toronto.\u00a0Consultez le programme de la conf\u00e9rence. Ce grand congr\u00e8s \u00e9tait\u00a0une&#8230;<\/p>\n","protected":false},"author":1,"featured_media":0,"parent":3145,"menu_order":47,"comment_status":"closed","ping_status":"closed","template":"","meta":{"_acf_changed":false,"footnotes":""},"acf":[],"_links":{"self":[{"href":"https:\/\/www.cfn-nce.ca\/fr\/wp-json\/wp\/v2\/pages\/1283"}],"collection":[{"href":"https:\/\/www.cfn-nce.ca\/fr\/wp-json\/wp\/v2\/pages"}],"about":[{"href":"https:\/\/www.cfn-nce.ca\/fr\/wp-json\/wp\/v2\/types\/page"}],"author":[{"embeddable":true,"href":"https:\/\/www.cfn-nce.ca\/fr\/wp-json\/wp\/v2\/users\/1"}],"replies":[{"embeddable":true,"href":"https:\/\/www.cfn-nce.ca\/fr\/wp-json\/wp\/v2\/comments?post=1283"}],"version-history":[{"count":2,"href":"https:\/\/www.cfn-nce.ca\/fr\/wp-json\/wp\/v2\/pages\/1283\/revisions"}],"predecessor-version":[{"id":2559,"href":"https:\/\/www.cfn-nce.ca\/fr\/wp-json\/wp\/v2\/pages\/1283\/revisions\/2559"}],"up":[{"embeddable":true,"href":"https:\/\/www.cfn-nce.ca\/fr\/wp-json\/wp\/v2\/pages\/3145"}],"wp:attachment":[{"href":"https:\/\/www.cfn-nce.ca\/fr\/wp-json\/wp\/v2\/media?parent=1283"}],"curies":[{"name":"wp","href":"https:\/\/api.w.org\/{rel}","templated":true}]}}