{"id":1286,"date":"2018-09-21T16:02:26","date_gmt":"2018-09-21T20:02:26","guid":{"rendered":"http:\/\/www.cfn-nce.ca\/contact-us\/our-partners\/"},"modified":"2020-04-09T10:14:10","modified_gmt":"2020-04-09T14:14:10","slug":"our-partners","status":"publish","type":"page","link":"https:\/\/www.cfn-nce.ca\/fr\/get-involved\/our-partners\/","title":{"rendered":"Nos partenaires"},"content":{"rendered":"<p>Dans le cadre des projets financ\u00e9s de recherche et d\u2019application des connaissances et d\u2019activit\u00e9s cibl\u00e9es du r\u00e9seau, le RCSPF\u00a0s\u2019associe avec les \u00e9tablissements membres\u00a0(y compris les universit\u00e9s et les h\u00f4pitaux d&rsquo;enseignement), les entreprises, les minist\u00e8res ou organismes gouvernementaux, organismes de bienfaisance du domaine de la sant\u00e9 et des groupes\u00a0sans but lucratif.<\/p>\n<p><span style=\"line-height: 1.5em; background-color: transparent;\">Le RCSPF\u00a0et ses partenaires multiplient l\u2019impact de leurs ressources :<\/span><\/p>\n<ul>\n<li><span style=\"line-height: 1.5em; background-color: transparent;\">en investissant ensemble dans des projets de recherche collaborative et de formation pour susciter des investissements suppl\u00e9mentaires et veiller \u00e0 l\u2019existence d\u2019une masse critique de savoir-faire et de ressources;<\/span><\/li>\n<li><span style=\"line-height: 1.5em; background-color: transparent;\">en acc\u00e9l\u00e9rant les projets communs qui ont un potentiel commercial et th\u00e9rapeutique;<\/span><\/li>\n<li><span style=\"line-height: 1.5em; background-color: transparent;\">en reliant entre eux les chercheurs du RCSPF\u00a0ainsi que les partenaires de l\u2019industrie et d\u2019autres partenaires \u00e9ventuels \u00e0 l\u2019occasion de la conf\u00e9rence annuelle du RCSPF, du forum national, des webinaires et d\u2019autres activit\u00e9s d\u2019application des connaissances.<\/span><\/li>\n<\/ul>\n<p>Aujourd\u2019hui, le r\u00e9seau RCSPF\u00a0comprend plus de 400 chercheurs du domaine de la sant\u00e9 fragilis\u00e9e, 30 universit\u00e9s et h\u00f4pitaux universitaires, 20 partenaires de l\u2019industrie et du secteur des entreprises, plus de 100 organismes communautaires et 20 organismes gouvernementaux.<\/p>\n<ul>\n<li><a title=\"\u00c9tablissements membres du CFN\" href=\"\/{localLink:6214}\">\u00c9tablissements membres du\u00a0RCSPF<\/a><\/li>\n<li><a title=\"Partenaires de la recherche\" href=\"\/{localLink:6215}\">Partenaires de la recherche<\/a><\/li>\n<li><a title=\"Partenaires de l\u2019industrie et des associations\" href=\"\/{localLink:6216}\">Partenaires de l\u2019industrie et des associations<\/a><\/li>\n<li><a title=\"Soutien du gouvernement et des organismes\" href=\"\/{localLink:6217}\">Soutien du gouvernement et des organismes<\/a><\/li>\n<\/ul>\n<h3>Possibilit\u00e9s de partenariat\u00a0:<\/h3>\n<p>Carol Barrie,\u00a0Directrice g\u00e9n\u00e9rale\u00a0et Chef des op\u00e9rations<\/p>\n<p>Bus: (613) 549-6666, x.7689<\/p>\n<p>E-mail: <a href=\"mailto:carol@CFN-nce.ca\">carol@CFN-nce.ca<\/a><\/p>\n<h3>Partenariat avec le gouvernement du Canada par l\u2019entremise du programme des R\u00e9seaux de centres d\u2019excellence (RCE)<\/h3>\n<p>Les <a href=\"http:\/\/www.nce-rce.gc.ca\/\">R\u00e9seaux de centres d\u2019excellence<\/a>\u00a0(RCE) sont des centres de recherche virtuels \u00e0 grande \u00e9chelle dirig\u00e9s par des \u00e9tablissements universitaires, qui r\u00e9unissent des partenaires multidisciplinaires des secteurs universitaire, industriel, gouvernemental et sans but lucratif. Les r\u00e9seaux effectuent de la recherche-d\u00e9veloppement et diverses activit\u00e9s, notamment la mobilisation des connaissances et la commercialisation. Ils permettent aux \u00e9tudiants et aux chercheurs canadiens de travailler plus directement avec des groupes d\u2019utilisateurs, d\u2019accro\u00eetre la pertinence des r\u00e9sultats de la recherche et d\u2019acc\u00e9l\u00e9rer la cr\u00e9ation et l\u2019application des connaissances au profit des Canadiens. Le RCSPF\u00a0fait partie des r\u00e9seaux de centres d\u2019excellence depuis 2012.<\/p>\n<p class=\"last\">Ce mod\u00e8le cr\u00e9\u00e9 au Canada est reconnu dans le monde entier comme un moyen tr\u00e8s efficace de renforcer la capacit\u00e9 en recherche d\u2019un pays, de former des partenariats et de faire en sorte que les d\u00e9couvertes et les avanc\u00e9es contribuent \u00e0 la prosp\u00e9rit\u00e9 \u00e9conomique et \u00e0 une meilleure qualit\u00e9 de vie pour tous les citoyens. Les programmes des R\u00e9seaux de centres d\u2019excellence font le lien entre la recherche et l\u2019application des connaissances de fa\u00e7on \u00e0 produire les meilleurs r\u00e9sultats possible pour les Canadiens.<\/p>\n<h2>Collaborations du\u00a0RCSPF<\/h2>\n<p>RCSPF\u00a0partners with other organizations on research calls, knowledge translation activities and targeted projects that address improving care for frail elderly Canadians.<\/p>\n<img alt=\"CSPCP Logo\" width=\"498\" height=\"98\" \/>\n<p>En partenariat avec <strong>la Soci\u00e9t\u00e9 canadienne des m\u00e9decins de soins palliatifs (SCMSP) et d\u2019autres organismes<\/strong>\u00a0, le RCSPF\u00a0m\u00e8ne une \u00e9tude pour \u00e9valuer les besoins des m\u00e9decins en soins palliatifs et les ressources actuelles.<\/p>\n<p>\u00c0 l\u2019heure actuelle, seuls 30\u00a0p.\u00a0100 des Canadiens ont acc\u00e8s \u00e0 des soins palliatifs, m\u00eame s\u2019il est prouv\u00e9 que ces soins permettent une meilleure gestion de la douleur et des sympt\u00f4mes, procurent une plus grande satisfaction aux patients et \u00e0 leur famille, une r\u00e9duction des co\u00fbts du syst\u00e8me et, dans certains cas, augmentent l\u2019esp\u00e9rance de vie. Comme ces facteurs sont de plus en plus reconnus, les Canadiens de toutes les r\u00e9gions sont plus nombreux \u00e0 vouloir avoir acc\u00e8s aux soins palliatifs. Il faudra donc du personnel form\u00e9 en cons\u00e9quence dans toutes les disciplines de la sant\u00e9, y compris la m\u00e9decine. Il nous faudrait des donn\u00e9es globales concernant les m\u00e9decins en soins palliatifs du Canada pour appuyer la planification collaborative avec les d\u00e9cideurs afin d\u2019optimiser les besoins de la soci\u00e9t\u00e9. Le RCSPF\u00a0est heureux de s\u2019associer avec la Soci\u00e9t\u00e9 canadienne des m\u00e9decins de soins palliatifs (SCMSP) et d\u2019autres organismes pour \u00e9valuer syst\u00e9matiquement le nombre de m\u00e9decins disponibles et de m\u00e9decins requis, la charge de travail et la r\u00e9mun\u00e9ration.<\/p>\n<p>Les r\u00e9sultats de l\u2019\u00e9tude seront publi\u00e9s \u00e0 la fin du printemps\u00a02015.<\/p>\n<img alt=\"Ryerson University\" \/>\n<p>Le RCSPF\u00a0et <strong>la facult\u00e9 de g\u00e9nie et des sciences de l\u2019architecture de l\u2019Universit\u00e9 Ryerson<\/strong> se sont unis pour offrir une occasion de financement aux chercheurs et aux ing\u00e9nieurs qui mettent au point des technologies pouvant servir \u00e0 am\u00e9liorer la vie des a\u00een\u00e9s fragilis\u00e9s et gravement malades. Dans le cadre du Programme de subventions pour l\u2019innovation technologique dans le domaine de la sant\u00e9, le RCSPF\u00a0a subventionn\u00e9 six projets de recherche de validation de principe d\u2019un montant pouvant atteindre 20\u00a0000\u00a0$ et d\u2019une dur\u00e9e maximale de 12 mois.<\/p>\n","protected":false},"excerpt":{"rendered":"<p>Dans le cadre des projets financ\u00e9s de recherche et d\u2019application des connaissances et d\u2019activit\u00e9s cibl\u00e9es du r\u00e9seau, le RCSPF\u00a0s\u2019associe avec les \u00e9tablissements membres\u00a0(y compris les universit\u00e9s et les h\u00f4pitaux d&rsquo;enseignement), les entreprises, les minist\u00e8res ou organismes gouvernementaux, organismes de bienfaisance du domaine de la sant\u00e9 et des groupes\u00a0sans but lucratif. Le RCSPF\u00a0et ses partenaires multiplient&#8230;<\/p>\n","protected":false},"author":1,"featured_media":0,"parent":3143,"menu_order":13,"comment_status":"closed","ping_status":"closed","template":"","meta":{"_acf_changed":false,"footnotes":""},"acf":[],"_links":{"self":[{"href":"https:\/\/www.cfn-nce.ca\/fr\/wp-json\/wp\/v2\/pages\/1286"}],"collection":[{"href":"https:\/\/www.cfn-nce.ca\/fr\/wp-json\/wp\/v2\/pages"}],"about":[{"href":"https:\/\/www.cfn-nce.ca\/fr\/wp-json\/wp\/v2\/types\/page"}],"author":[{"embeddable":true,"href":"https:\/\/www.cfn-nce.ca\/fr\/wp-json\/wp\/v2\/users\/1"}],"replies":[{"embeddable":true,"href":"https:\/\/www.cfn-nce.ca\/fr\/wp-json\/wp\/v2\/comments?post=1286"}],"version-history":[{"count":2,"href":"https:\/\/www.cfn-nce.ca\/fr\/wp-json\/wp\/v2\/pages\/1286\/revisions"}],"predecessor-version":[{"id":12185,"href":"https:\/\/www.cfn-nce.ca\/fr\/wp-json\/wp\/v2\/pages\/1286\/revisions\/12185"}],"up":[{"embeddable":true,"href":"https:\/\/www.cfn-nce.ca\/fr\/wp-json\/wp\/v2\/pages\/3143"}],"wp:attachment":[{"href":"https:\/\/www.cfn-nce.ca\/fr\/wp-json\/wp\/v2\/media?parent=1286"}],"curies":[{"name":"wp","href":"https:\/\/api.w.org\/{rel}","templated":true}]}}