{"id":1292,"date":"2018-09-21T16:02:34","date_gmt":"2018-09-21T20:02:34","guid":{"rendered":"http:\/\/www.cfn-nce.ca\/training\/"},"modified":"2020-03-30T11:21:39","modified_gmt":"2020-03-30T15:21:39","slug":"training","status":"publish","type":"page","link":"https:\/\/www.cfn-nce.ca\/fr\/training\/","title":{"rendered":"La formation"},"content":{"rendered":"<p>Le R\u00e9seau canadien des soins aux personnes fragilis\u00e9es est r\u00e9solu \u00e0 \u00e9tablir un bassin de chercheurs, de scientifiques, de prestataires de soins et de d\u00e9cideurs de la prochaine g\u00e9n\u00e9ration qui poss\u00e9deront des comp\u00e9tences et de l\u2019exp\u00e9rience disciplinaires, interdisciplinaires et transdisciplinaires ainsi que des attitudes compatibles avec une prestation de soins de la plus grande qualit\u00e9 aux personnes \u00e2g\u00e9es et fragilis\u00e9es.<\/p>\n<p>Notre Programme de formation interdisciplinaire propose des occasions d\u2019apprentissage exp\u00e9rientiel qui vont au-del\u00e0 des limites de la formation universitaire et professionnelle traditionnelle, traitant de la fragilisation et de l\u2019\u00e9valuation de la fragilisation, et de la mobilisation citoyenne tant en recherche qu\u2019en prestation de soins, une formation qu\u2019on ne trouve nulle part ailleurs. On appelle les professionnels qui suivent cette formation \u00ab\u00a0personnel hautement qualifi\u00e9\u00a0\u00bb (PHQ).<\/p>\n<p><strong>SURVOL DU PROGRAMME DE FORMATION INTERDISCIPLINAIRE<\/strong><\/p>\n<p>Le PHQ qui participe au Programme de formation interdisciplinaire du R\u00e9seau canadien des soins aux personnes fragilis\u00e9es doit r\u00e9aliser un certain nombre de modules en plus de son travail de recherche, dont un survol des outils visant la fragilisation et l\u2019\u00e9valuation de la fragilisation et des pratiques exemplaires en mati\u00e8re de mobilisation des patients et citoyens. <strong>Les webinaires du R\u00e9seau sont obligatoires pour tous les participants au programme de formation. Ces webinaires ont lieu deux mercredis par mois; <u>cliquez ici<\/u> pour voir le calendrier ou pour vous inscrire \u00e0 une s\u00e9ance. <\/strong><\/p>\n<p><strong>COMMENT PUIS-JE PARTICIPER AU Programme de formation interdisciplinaire?<\/strong><\/p>\n<ol>\n<li><strong>Chaque projet de recherche ou d\u2019application des connaissances financ\u00e9 par le R\u00e9seau comprend des participants hautement qualifi\u00e9s (PHQ) <\/strong>qui participent directement au volet recherche du projet. Ces membres de l\u2019\u00e9quipe peuvent suivre certains des modules du Programme de formation interdisciplinaire, selon la dur\u00e9e du projet financ\u00e9.<\/li>\n<li><strong>Pr\u00e9sentation d\u2019une demande de bourse de recherche interdisciplinaire du R\u00e9seau.<\/strong> Ce programme est ouvert aux \u00e9tudiants ou dipl\u00f4m\u00e9s de niveau pr\u00e9doctoral, doctoral ou postdoctoral, aux r\u00e9sidents, aux chercheurs et aux professionnels ayant un emploi. Les boursiers effectuent leurs propres projets de recherche et doivent suivre tous les modules du programme de formation.<\/li>\n<li><strong>Pr\u00e9sentation d\u2019une demande de bourse pour stagiaires d\u2019\u00e9t\u00e9 du R\u00e9seau.<\/strong> Ce programme est ouvert aux \u00e9tudiants de premier cycle qui travaillent sur leurs propres projets de recherche ou sur un projet de leur directeur d\u2019\u00e9tudes, qui devront \u00e9galement suivre certains des modules du programme de formation.<\/li>\n<li><strong>Pr\u00e9sentation d\u2019une demande de stage Mitacs<\/strong>. Les stages acc\u00e9l\u00e9r\u00e9s Mitacs offerts par le R\u00e9seau invitent le PHQ \u00e0 se pencher sur des d\u00e9fis de recherche propres \u00e0 certaines entreprises, en profitant du savoir-faire et des conseils de mentors. Ces stages s\u2019adressent aux \u00e9tudiants de premier cycle, aux boursiers de niveau postdoctoral ainsi qu\u2019aux entreprises et organismes sans but lucratif de tous les secteurs, dont les associations de l\u2019industrie, les groupes de bienfaisance et les agences de d\u00e9veloppement \u00e9conomique.<\/li>\n<\/ol>\n<p><strong>Pour en savoir davantage sur le Programme de formation interdisciplinaire du R\u00e9seau canadien des soins aux personnes fragilis\u00e9es, veuillez \u00e9crire \u00e0 <a href=\"mailto:training@cfn-nce.ca\">training@cfn-nce.ca<\/a>.<\/strong><\/p>\n","protected":false},"excerpt":{"rendered":"<p>Le R\u00e9seau canadien des soins aux personnes fragilis\u00e9es est r\u00e9solu \u00e0 \u00e9tablir un bassin de chercheurs, de scientifiques, de prestataires de soins et de d\u00e9cideurs de la prochaine g\u00e9n\u00e9ration qui poss\u00e9deront des comp\u00e9tences et de l\u2019exp\u00e9rience disciplinaires, interdisciplinaires et transdisciplinaires ainsi que des attitudes compatibles avec une prestation de soins de la plus grande qualit\u00e9&#8230;<\/p>\n","protected":false},"author":1,"featured_media":0,"parent":0,"menu_order":49,"comment_status":"closed","ping_status":"closed","template":"","meta":{"_acf_changed":false,"footnotes":""},"acf":[],"_links":{"self":[{"href":"https:\/\/www.cfn-nce.ca\/fr\/wp-json\/wp\/v2\/pages\/1292"}],"collection":[{"href":"https:\/\/www.cfn-nce.ca\/fr\/wp-json\/wp\/v2\/pages"}],"about":[{"href":"https:\/\/www.cfn-nce.ca\/fr\/wp-json\/wp\/v2\/types\/page"}],"author":[{"embeddable":true,"href":"https:\/\/www.cfn-nce.ca\/fr\/wp-json\/wp\/v2\/users\/1"}],"replies":[{"embeddable":true,"href":"https:\/\/www.cfn-nce.ca\/fr\/wp-json\/wp\/v2\/comments?post=1292"}],"version-history":[{"count":3,"href":"https:\/\/www.cfn-nce.ca\/fr\/wp-json\/wp\/v2\/pages\/1292\/revisions"}],"predecessor-version":[{"id":11954,"href":"https:\/\/www.cfn-nce.ca\/fr\/wp-json\/wp\/v2\/pages\/1292\/revisions\/11954"}],"wp:attachment":[{"href":"https:\/\/www.cfn-nce.ca\/fr\/wp-json\/wp\/v2\/media?parent=1292"}],"curies":[{"name":"wp","href":"https:\/\/api.w.org\/{rel}","templated":true}]}}