{"id":1294,"date":"2018-09-21T16:02:34","date_gmt":"2018-09-21T20:02:34","guid":{"rendered":"http:\/\/www.cfn-nce.ca\/news-and-events\/2016-summer-program-in-aging-presentations\/"},"modified":"2018-09-24T11:25:52","modified_gmt":"2018-09-24T15:25:52","slug":"2016-summer-program-in-aging-presentations","status":"publish","type":"page","link":"https:\/\/www.cfn-nce.ca\/fr\/2016-summer-program-in-aging-presentations\/","title":{"rendered":"Pr\u00e9sentations pour le Programme de stagiaires d\u2019\u00e9t\u00e9 de 2016 sur le vieillissement"},"content":{"rendered":"<p><em>Les presentations ci-dessous sont seulement disponible en anglais.<\/em><\/p>\n<p><strong><span style=\"text-decoration: underline;\">Introduction \u00e0 la fragilisation et aux questions li\u00e9es \u00e0 la vieillesse<\/span><\/strong><\/p>\n<p><a href=\"https:\/\/www.cfn-nce.ca\/wp-content\/uploads\/2018\/09\/Muscedere-Canadian-Frailty-Network-Overview-of-Frailty.pdf\">Overview of Frailty<\/a> &#8212; John Muscedere, R<span>\u00e9seau canadien des soins aux personnes fragilis<span>\u00e9es<\/span><\/span><\/p>\n<p><a href=\"https:\/\/www.cfn-nce.ca\/wp-content\/uploads\/2018\/09\/Dupuis-Blanchard-Conceptions-of-Social-Frailty-.pdf\">Conceptions of Social Frailty within an Aging in Place Lens<\/a> &#8212; Suzanne Dupuis-Blanchard, Universit\u00e9 de Moncton<\/p>\n<p><a href=\"https:\/\/www.cfn-nce.ca\/wp-content\/uploads\/2018\/09\/Morton-Chang-Canadas-Health-Care-System-and-Frailty.pdf\">The Canadian Health Care System and Frailty<\/a> &#8212; Frances Morton-Chang, Universit<span>\u00e9<\/span>\u00a0de Toronto<\/p>\n<p><a href=\"https:\/\/www.cfn-nce.ca\/wp-content\/uploads\/2018\/09\/Downar-Advance-Care-Planning-for-Patients-with-Frailty.pdf\">Advance Care Planning for Patients and Frailty<\/a> &#8212; James Downar,\u00a0R\u00e9seau de sant\u00e9\u00a0universitaire<\/p>\n<p><a href=\"https:\/\/www.cfn-nce.ca\/wp-content\/uploads\/2018\/09\/Armstrong-Healthy-Ageing-in-Residential-Places-.pdf\">Health Ageing in Residential Places<\/a> &#8212; Pat Armstrong, Universit<span>\u00e9 York<\/span><\/p>\n<p><a href=\"https:\/\/www.cfn-nce.ca\/wp-content\/uploads\/2018\/09\/henriksen-international-health-care-system-and-frailty.pdf\">International Health Care System and Frailty<\/a> &#8212; Hans Erik Henriksen, Healthcare DENMARK<\/p>\n<p><a href=\"https:\/\/www.cfn-nce.ca\/wp-content\/uploads\/2018\/09\/Robertson-Personal-and-Professional-Reflections-on-Frailty.pdf\">Personal and Professional Reflections on Frailty<\/a> &#8212; Duncan Robertson, Alberta Health Services<\/p>\n<p><strong><span style=\"text-decoration: underline;\">Recherche et outils d\u2019\u00e9valuation de l\u2019\u00e9tat de fragilit\u00e9<\/span><\/strong><\/p>\n<p>Overview of Frailty Assessment Tools &#8212; John Hirdes, Universit<span>\u00e9<\/span>\u00a0de Waterloo<\/p>\n<p style=\"padding-left: 30px;\"><a href=\"http:\/\/onlinelibrary.wiley.com\/doi\/10.1111\/j.1532-5415.2011.03597.x\/full\">The identification of frailty: A systematic literature review<\/a><\/p>\n<p style=\"padding-left: 30px;\"><a href=\"http:\/\/www.sciencedirect.com\/science\/article\/pii\/S1568163710000760\">Outcome instruments to measure frailty: A systematic review<\/a><\/p>\n<p style=\"padding-left: 30px;\"><a href=\"http:\/\/bmcgeriatr.biomedcentral.com\/articles\/10.1186\/1471-2318-13-64\">Measures of frailty in population-based studies: An overview<\/a><\/p>\n<p><a href=\"https:\/\/www.cfn-nce.ca\/wp-content\/uploads\/2018\/09\/Upshur-Research-Ethics-Why-Bother_-.pdf\">Ethics in Frailty<\/a> &#8212; Ross Upshur<\/p>\n<p><a href=\"https:\/\/www.cfn-nce.ca\/wp-content\/uploads\/2018\/09\/McElhaney-Using-the-Frailty-Index-in-Research.pdf\">Using the Frailty Index in Research<\/a> &#8212; Janet McElhaney, Advanced Medical Research Institute of Canada<\/p>\n<p><a href=\"https:\/\/www.cfn-nce.ca\/wp-content\/uploads\/2018\/09\/Tate-The-Manitoba-Follow-up-Study.pdf\">Manitoba Follow-Up Study<\/a> &#8212; Robert Tate, Universit<span>\u00e9<\/span>\u00a0du Manitoba<\/p>\n<p style=\"padding-left: 30px;\"><a href=\"http:\/\/stream.bann.umanitoba.ca\/media\/int_med\/int_med_12_15_15\/\">University of Manitoba Ground Round Presentation<\/a><\/p>\n<p><a href=\"https:\/\/www.cfn-nce.ca\/wp-content\/uploads\/2018\/09\/griffith-and-verschoor-canadian-longitudinal-study-on-aging.pdf\">Canadian Longitudinal Study on Aging: Data for Frailty Research<\/a> &#8212; Lauren Griffith &amp; Chris Verschoor, Universit<span>\u00e9\u00a0<span>McMaster<\/span><\/span><\/p>\n<p><strong><span style=\"text-decoration: underline;\">Engagement des patients et des aidants naturels dans la recherche et les soins<\/span><\/strong><\/p>\n<p><a href=\"https:\/\/www.cfn-nce.ca\/wp-content\/uploads\/2018\/09\/Elliott-Engaging-Older-Adults-in-Healthcare.pdf\">Engaging Older Adults in Healthcare Research, Planning, and Decision-Making<\/a> &#8212; Jacobi Elliott, Universit<span>\u00e9<\/span>\u00a0de Waterloo<\/p>\n<p><a href=\"https:\/\/www.cfn-nce.ca\/wp-content\/uploads\/2018\/09\/B-Liu-Senior-Friendly-TVN-summer-program-May-10-2016-for-distribution.pdf\">Senior Friendly Strategies in Healthcare- The Challenge and the Opportunity<\/a> &#8212; Barbara Liu,\u00a0<span>Institut de recherche Sunnybrook<\/span><\/p>\n<p><strong><span style=\"text-decoration: underline;\">Diffusion et application des connaissances<\/span><\/strong><\/p>\n<p><a href=\"https:\/\/www.cfn-nce.ca\/wp-content\/uploads\/2018\/09\/langlois-klassen-intro-to-ria.pdf\">Introduction to Research Impact Assessment <\/a>&#8212; Deanne Langlois-Klassen, Alberta Innovates Health Solutions<\/p>\n<p><a href=\"https:\/\/www.cfn-nce.ca\/wp-content\/uploads\/2018\/09\/Turcotte-CIHR-Evaluation-and-Outcome-Reporting.pdf\">Evaluation and Outcome Reporting for CIHR Grants<\/a> &#8212; Marc Turcotte, IRSC<\/p>\n<p><strong><span style=\"text-decoration: underline;\"><span style=\"text-decoration: underline;\"><span>Perfectionnement professionnel<\/span><\/span>\u00a0<\/span><\/strong><\/p>\n<p><a href=\"https:\/\/www.cfn-nce.ca\/wp-content\/uploads\/2018\/09\/Upshur-How-to-write-effective-grants.pdf\">How to Write Effective Grants<\/a> &#8212; Ross Upshur<\/p>\n<p><a href=\"https:\/\/www.cfn-nce.ca\/wp-content\/uploads\/2018\/09\/Lafrance-CIHRs-Investigator-Initated-Grant-Programs-Peer-Review-Processes-.pdf\">CIHR\u2019s Investigator Initiated Grant Programs &amp; Peer Review Processes<\/a> &#8212; Martine Lafrance, IRSC<\/p>\n<p><a href=\"https:\/\/www.cfn-nce.ca\/wp-content\/uploads\/2018\/09\/Kay-Interprofessional-Practice-Making-It-So.pdf\">Inter professional Practice\u2026 Making it So<\/a> &#8212; Kelly Kay, Seniors Care Network; Brenda Gamble,\u00a0Institut universitaire de technologie de l&rsquo;Ontario<\/p>\n<p><a href=\"https:\/\/www.cfn-nce.ca\/wp-content\/uploads\/2018\/09\/Croker-CIHRs-Strategic-Action-Plan-on-Training-.pdf\">CIHR Strategic Action Plan on Training<\/a> &#8212; Alysha Croker, IRSC<\/p>\n<p>\u00a0<\/p>\n","protected":false},"excerpt":{"rendered":"<p>Les presentations ci-dessous sont seulement disponible en anglais. Introduction \u00e0 la fragilisation et aux questions li\u00e9es \u00e0 la vieillesse Overview of Frailty &#8212; John Muscedere, R\u00e9seau canadien des soins aux personnes fragilis\u00e9es Conceptions of Social Frailty within an Aging in Place Lens &#8212; Suzanne Dupuis-Blanchard, Universit\u00e9 de Moncton The Canadian Health Care System and Frailty&#8230;<\/p>\n","protected":false},"author":1,"featured_media":0,"parent":0,"menu_order":58,"comment_status":"closed","ping_status":"closed","template":"","meta":{"_acf_changed":false,"footnotes":""},"acf":[],"_links":{"self":[{"href":"https:\/\/www.cfn-nce.ca\/fr\/wp-json\/wp\/v2\/pages\/1294"}],"collection":[{"href":"https:\/\/www.cfn-nce.ca\/fr\/wp-json\/wp\/v2\/pages"}],"about":[{"href":"https:\/\/www.cfn-nce.ca\/fr\/wp-json\/wp\/v2\/types\/page"}],"author":[{"embeddable":true,"href":"https:\/\/www.cfn-nce.ca\/fr\/wp-json\/wp\/v2\/users\/1"}],"replies":[{"embeddable":true,"href":"https:\/\/www.cfn-nce.ca\/fr\/wp-json\/wp\/v2\/comments?post=1294"}],"version-history":[{"count":2,"href":"https:\/\/www.cfn-nce.ca\/fr\/wp-json\/wp\/v2\/pages\/1294\/revisions"}],"predecessor-version":[{"id":2554,"href":"https:\/\/www.cfn-nce.ca\/fr\/wp-json\/wp\/v2\/pages\/1294\/revisions\/2554"}],"wp:attachment":[{"href":"https:\/\/www.cfn-nce.ca\/fr\/wp-json\/wp\/v2\/media?parent=1294"}],"curies":[{"name":"wp","href":"https:\/\/api.w.org\/{rel}","templated":true}]}}