{"id":1295,"date":"2018-09-21T16:02:34","date_gmt":"2018-09-21T20:02:34","guid":{"rendered":"http:\/\/www.cfn-nce.ca\/news-and-events\/meet-the-2016-summer-program-in-aging-trainees\/"},"modified":"2018-09-21T16:02:36","modified_gmt":"2018-09-21T20:02:36","slug":"meet-the-2016-summer-program-in-aging-trainees","status":"publish","type":"page","link":"https:\/\/www.cfn-nce.ca\/fr\/meet-the-2016-summer-program-in-aging-trainees\/","title":{"rendered":"Faites connaissance avec nos stagiaires en vieillissement du Programme d\u2019\u00e9t\u00e9 de 2016"},"content":{"rendered":"<p>\u00a0<img loading=\"lazy\" decoding=\"async\" width=\"500\"  height=\"333\" src=\"\" alt=\"2016 SPA trainees\"\/><\/p>\n<table border=\"0\" cellspacing=\"0\" cellpadding=\"0\" style=\"width: 360px;\">\n<tbody>\n<tr>\n<td width=\"84\">\n<p align=\"center\"><strong>Pr\u00e9nom<\/strong><\/p>\n<\/td>\n<td width=\"102\">\n<p align=\"center\"><strong>Nom de famille<\/strong><\/p>\n<\/td>\n<td width=\"174\">\n<p align=\"center\"><strong>Universit\u00e9<\/strong><\/p>\n<\/td>\n<\/tr>\n<tr>\n<td width=\"84\">\n<p>Rh\u00e9da<\/p>\n<\/td>\n<td width=\"102\">\n<p>Adekpedjou<\/p>\n<\/td>\n<td width=\"174\">\n<p>Universit\u00e9 Laval<\/p>\n<\/td>\n<\/tr>\n<tr>\n<td width=\"84\">\n<p>Ifah<\/p>\n<\/td>\n<td width=\"102\">\n<p>Arbel<\/p>\n<\/td>\n<td width=\"174\">\n<p>Universit<span>\u00e9<\/span>\u00a0de Toronto<\/p>\n<\/td>\n<\/tr>\n<tr>\n<td width=\"84\">\n<p>Mohammad<\/p>\n<\/td>\n<td width=\"102\">\n<p>Auais<\/p>\n<\/td>\n<td width=\"174\">\n<p>Universit<span>\u00e9 Queen&rsquo;s<\/span><\/p>\n<\/td>\n<\/tr>\n<tr>\n<td width=\"84\">\n<p>Katie<\/p>\n<\/td>\n<td width=\"102\">\n<p>Aubrecht<\/p>\n<\/td>\n<td width=\"174\">\n<p>L&rsquo;<span>Universit<\/span><span>\u00e9\u00a0<\/span>Mount Saint Vincent<\/p>\n<\/td>\n<\/tr>\n<tr>\n<td width=\"84\">\n<p>Jennifer<\/p>\n<\/td>\n<td width=\"102\">\n<p>Bethell<\/p>\n<\/td>\n<td width=\"174\">\n<p>Universit<span>\u00e9<\/span>\u00a0de Toronto<\/p>\n<\/td>\n<\/tr>\n<tr>\n<td width=\"84\">\n<p>Samantha<\/p>\n<\/td>\n<td width=\"102\">\n<p>Biglieri<\/p>\n<\/td>\n<td width=\"174\">\n<p>Universit<span>\u00e9<\/span>\u00a0de Waterloo<\/p>\n<\/td>\n<\/tr>\n<tr>\n<td width=\"84\">\n<p>Catherine<\/p>\n<\/td>\n<td width=\"102\">\n<p>Bigonnesse<\/p>\n<\/td>\n<td width=\"174\">\n<p>Universit\u00e9 Simon-Fraser<\/p>\n<\/td>\n<\/tr>\n<tr>\n<td width=\"84\">\n<p>Joanna<\/p>\n<\/td>\n<td width=\"102\">\n<p>Blodgett<\/p>\n<\/td>\n<td width=\"174\">\n<p>Universit<span>\u00e9<\/span>\u00a0de Manchester, Le Royaume-Uni<\/p>\n<\/td>\n<\/tr>\n<tr>\n<td width=\"84\">\n<p>Anna<\/p>\n<\/td>\n<td width=\"102\">\n<p>Bone<\/p>\n<\/td>\n<td width=\"174\">\n<p>King\u2019s College de London,\u00a0<span>Le Royaume-Uni<\/span><\/p>\n<\/td>\n<\/tr>\n<tr>\n<td width=\"84\">\n<p>Lauren<\/p>\n<\/td>\n<td width=\"102\">\n<p>Brooks-Cleator<\/p>\n<\/td>\n<td width=\"174\">\n<p>Universit<span>\u00e9<\/span>\u00a0d&rsquo;Ottawa<\/p>\n<\/td>\n<\/tr>\n<tr>\n<td width=\"84\">\n<p>Cara<\/p>\n<\/td>\n<td width=\"102\">\n<p>Brown<\/p>\n<\/td>\n<td width=\"174\">\n<p>Universit<span>\u00e9<\/span>\u00a0du Manitoba<\/p>\n<\/td>\n<\/tr>\n<tr>\n<td width=\"84\">\n<p>Allison<\/p>\n<\/td>\n<td width=\"102\">\n<p>Cammer<\/p>\n<\/td>\n<td width=\"174\">\n<p>Universit<span>\u00e9<\/span>\u00a0de la Saskatchewan<\/p>\n<\/td>\n<\/tr>\n<tr>\n<td width=\"84\">\n<p>Anastassios<\/p>\n<\/td>\n<td width=\"102\">\n<p>Dardas<\/p>\n<\/td>\n<td width=\"174\">\n<p><span>Universit<\/span><span>\u00e9\u00a0<\/span>McMaster<\/p>\n<\/td>\n<\/tr>\n<tr>\n<td width=\"84\">\n<p>Olga<\/p>\n<\/td>\n<td width=\"102\">\n<p>Gajic-Veljanoski<\/p>\n<\/td>\n<td width=\"174\">\n<p><span>Universit<\/span><span>\u00e9\u00a0<\/span>McMaster<\/p>\n<\/td>\n<\/tr>\n<tr>\n<td width=\"84\">\n<p>Mirjam<\/p>\n<\/td>\n<td width=\"102\">\n<p>Garvelink<\/p>\n<\/td>\n<td width=\"174\">\n<p>Universit\u00e9 Laval<\/p>\n<\/td>\n<\/tr>\n<tr>\n<td width=\"84\">\n<p>Marianne<\/p>\n<\/td>\n<td width=\"102\">\n<p>Giroux<\/p>\n<\/td>\n<td width=\"174\">\n<p>Universit\u00e9 Laval<\/p>\n<\/td>\n<\/tr>\n<tr>\n<td width=\"84\">\n<p>Amanda<\/p>\n<\/td>\n<td width=\"102\">\n<p>Gravelle<\/p>\n<\/td>\n<td width=\"174\">\n<p><span>Universit<\/span><span>\u00e9<\/span><span>\u00a0du Manitoba<\/span><\/p>\n<\/td>\n<\/tr>\n<tr>\n<td width=\"84\">\n<p>Sehrish<\/p>\n<\/td>\n<td width=\"102\">\n<p>Haider<\/p>\n<\/td>\n<td width=\"174\">\n<p>Universit\u00e9 Western<\/p>\n<\/td>\n<\/tr>\n<tr>\n<td width=\"84\">\n<p>Taylor<\/p>\n<\/td>\n<td width=\"102\">\n<p>Hainstock<\/p>\n<\/td>\n<td width=\"174\">\n<p>Universit<span>\u00e9<\/span>\u00a0de Victoria<\/p>\n<\/td>\n<\/tr>\n<tr>\n<td width=\"84\">\n<p>Drew<\/p>\n<\/td>\n<td width=\"102\">\n<p>Halliday<\/p>\n<\/td>\n<td width=\"174\">\n<p>Universit<span>\u00e9<\/span>\u00a0de Victoria<\/p>\n<\/td>\n<\/tr>\n<tr>\n<td width=\"84\">\n<p>Kathryn<\/p>\n<\/td>\n<td width=\"102\">\n<p>Jacob<\/p>\n<\/td>\n<td width=\"174\">\n<p>Universit<span>\u00e9 McGill<\/span><\/p>\n<\/td>\n<\/tr>\n<tr>\n<td width=\"84\">\n<p>Scott<\/p>\n<\/td>\n<td width=\"102\">\n<p>Kehler<\/p>\n<\/td>\n<td width=\"174\">\n<p>Universit<span>\u00e9<\/span>\u00a0du Manitoba<\/p>\n<\/td>\n<\/tr>\n<tr>\n<td width=\"84\">\n<p>Julia<\/p>\n<\/td>\n<td width=\"102\">\n<p>Kirkham<\/p>\n<\/td>\n<td width=\"174\">\n<p>Universit<span>\u00e9 Queen&rsquo;s<\/span><\/p>\n<\/td>\n<\/tr>\n<tr>\n<td width=\"84\">\n<p>Ana<\/p>\n<\/td>\n<td width=\"102\">\n<p>Kovacevic<\/p>\n<\/td>\n<td width=\"174\">\n<p>Universit<span>\u00e9\u00a0<span>McMaster<\/span><\/span><\/p>\n<\/td>\n<\/tr>\n<tr>\n<td width=\"84\">\n<p>Stephanie<\/p>\n<\/td>\n<td width=\"102\">\n<p>Lacey-Avon<\/p>\n<\/td>\n<td width=\"174\">\n<p>Universit<span>\u00e9<\/span>\u00a0de Waterloo<\/p>\n<\/td>\n<\/tr>\n<tr>\n<td width=\"84\">\n<p>Celia<\/p>\n<\/td>\n<td width=\"102\">\n<p>Laur<\/p>\n<\/td>\n<td width=\"174\">\n<p><span>Universit<\/span><span>\u00e9<\/span><span>\u00a0de Waterloo<\/span><\/p>\n<\/td>\n<\/tr>\n<tr>\n<td width=\"84\">\n<p>Chan Mi<\/p>\n<\/td>\n<td width=\"102\">\n<p>Lee<\/p>\n<\/td>\n<td width=\"174\">\n<p>Universit<span>\u00e9<\/span><span>\u00a0de<\/span> Toronto<\/p>\n<\/td>\n<\/tr>\n<tr>\n<td width=\"84\">\n<p>Matthew<\/p>\n<\/td>\n<td width=\"102\">\n<p>Leyenaar<\/p>\n<\/td>\n<td width=\"174\">\n<p><span>Universit<\/span><span>\u00e9\u00a0<\/span><span>McMaster<\/span><\/p>\n<\/td>\n<\/tr>\n<tr>\n<td width=\"84\">\n<p>Lun<\/p>\n<\/td>\n<td width=\"102\">\n<p>Li<\/p>\n<\/td>\n<td width=\"174\">\n<p>Universit<span>\u00e9<\/span>\u00a0de Calgary<\/p>\n<\/td>\n<\/tr>\n<tr>\n<td width=\"84\">\n<p>Kedar<\/p>\n<\/td>\n<td width=\"102\">\n<p>Mate<\/p>\n<\/td>\n<td width=\"174\">\n<p><span>Universit<\/span><span>\u00e9 McGill<\/span><\/p>\n<\/td>\n<\/tr>\n<tr>\n<td width=\"84\">\n<p>Alexandra<\/p>\n<\/td>\n<td width=\"102\">\n<p>Mayhew<\/p>\n<\/td>\n<td width=\"174\">\n<p><span>Universit<\/span><span>\u00e9\u00a0<\/span><span>McMaster<\/span><\/p>\n<\/td>\n<\/tr>\n<tr>\n<td width=\"84\">\n<p>Casey<\/p>\n<\/td>\n<td width=\"102\">\n<p>McMahon<\/p>\n<\/td>\n<td width=\"174\">\n<p>Universit<span>\u00e9<\/span>\u00a0de la Saskatchewan<\/p>\n<\/td>\n<\/tr>\n<tr>\n<td width=\"84\">\n<p>Prince<\/p>\n<\/td>\n<td width=\"102\">\n<p>Owusu<\/p>\n<\/td>\n<td width=\"174\">\n<p>Universit<span>\u00e9\u00a0<span>Carleton<\/span><\/span><\/p>\n<\/td>\n<\/tr>\n<tr>\n<td width=\"84\">\n<p>Kelly<\/p>\n<\/td>\n<td width=\"102\">\n<p>Renwick<\/p>\n<\/td>\n<td width=\"174\">\n<p><span>Universit<\/span><span>\u00e9 McGill<\/span><\/p>\n<\/td>\n<\/tr>\n<tr>\n<td width=\"84\">\n<p>Ruheena<\/p>\n<\/td>\n<td width=\"102\">\n<p>Sangrar<\/p>\n<\/td>\n<td width=\"174\">\n<p><span>Universit<\/span><span>\u00e9\u00a0<\/span><span>McMaster<\/span><\/p>\n<\/td>\n<\/tr>\n<tr>\n<td width=\"84\">\n<p>Marta<\/p>\n<\/td>\n<td width=\"102\">\n<p>Shaw<\/p>\n<\/td>\n<td width=\"174\">\n<p><span>Universit<\/span><span>\u00e9<\/span><span>\u00a0de Calgary<\/span><\/p>\n<\/td>\n<\/tr>\n<tr>\n<td width=\"84\">\n<p>Clive<\/p>\n<\/td>\n<td width=\"102\">\n<p>Velkers<\/p>\n<\/td>\n<td width=\"174\">\n<p>Universit<span>\u00e9 Queen&rsquo;s<\/span><\/p>\n<\/td>\n<\/tr>\n<tr>\n<td width=\"84\">\n<p>Christina<\/p>\n<\/td>\n<td width=\"102\">\n<p>Ziebart<\/p>\n<\/td>\n<td width=\"174\">\n<p>Universit<span>\u00e9<\/span>\u00a0de Waterloo<\/p>\n<\/td>\n<\/tr>\n<tr>\n<td width=\"84\">\n<p>Enav<\/p>\n<\/td>\n<td width=\"102\">\n<p>Zusman<\/p>\n<\/td>\n<td width=\"174\">\n<p>Universit\u00e9 de la Colombie-Britannique<\/p>\n<\/td>\n<\/tr>\n<\/tbody>\n<\/table>\n","protected":false},"excerpt":{"rendered":"<p>\u00a0 Pr\u00e9nom Nom de famille Universit\u00e9 Rh\u00e9da Adekpedjou Universit\u00e9 Laval Ifah Arbel Universit\u00e9\u00a0de Toronto Mohammad Auais Universit\u00e9 Queen&rsquo;s Katie Aubrecht L&rsquo;Universit\u00e9\u00a0Mount Saint Vincent Jennifer Bethell Universit\u00e9\u00a0de Toronto Samantha Biglieri Universit\u00e9\u00a0de Waterloo Catherine Bigonnesse Universit\u00e9 Simon-Fraser Joanna Blodgett Universit\u00e9\u00a0de Manchester, Le Royaume-Uni Anna Bone King\u2019s College de London,\u00a0Le Royaume-Uni Lauren Brooks-Cleator Universit\u00e9\u00a0d&rsquo;Ottawa Cara Brown Universit\u00e9\u00a0du Manitoba&#8230;<\/p>\n","protected":false},"author":1,"featured_media":0,"parent":0,"menu_order":59,"comment_status":"closed","ping_status":"closed","template":"","meta":{"_acf_changed":false,"footnotes":""},"acf":[],"_links":{"self":[{"href":"https:\/\/www.cfn-nce.ca\/fr\/wp-json\/wp\/v2\/pages\/1295"}],"collection":[{"href":"https:\/\/www.cfn-nce.ca\/fr\/wp-json\/wp\/v2\/pages"}],"about":[{"href":"https:\/\/www.cfn-nce.ca\/fr\/wp-json\/wp\/v2\/types\/page"}],"author":[{"embeddable":true,"href":"https:\/\/www.cfn-nce.ca\/fr\/wp-json\/wp\/v2\/users\/1"}],"replies":[{"embeddable":true,"href":"https:\/\/www.cfn-nce.ca\/fr\/wp-json\/wp\/v2\/comments?post=1295"}],"version-history":[{"count":1,"href":"https:\/\/www.cfn-nce.ca\/fr\/wp-json\/wp\/v2\/pages\/1295\/revisions"}],"predecessor-version":[{"id":1347,"href":"https:\/\/www.cfn-nce.ca\/fr\/wp-json\/wp\/v2\/pages\/1295\/revisions\/1347"}],"wp:attachment":[{"href":"https:\/\/www.cfn-nce.ca\/fr\/wp-json\/wp\/v2\/media?parent=1295"}],"curies":[{"name":"wp","href":"https:\/\/api.w.org\/{rel}","templated":true}]}}