{"id":1296,"date":"2018-09-21T16:02:34","date_gmt":"2018-09-21T20:02:34","guid":{"rendered":"http:\/\/www.cfn-nce.ca\/training\/business-research-internships\/"},"modified":"2020-03-30T11:13:49","modified_gmt":"2020-03-30T15:13:49","slug":"business-research-internships","status":"publish","type":"page","link":"https:\/\/www.cfn-nce.ca\/fr\/training\/business-research-internships\/","title":{"rendered":"Programme de bourses pour stagiaires d\u2019\u00e9t\u00e9"},"content":{"rendered":"<div class=\"wpb-content-wrapper\"><p>[vc_row][vc_column][vc_column_text]Le Programme de bourses pour stagiaires d\u2019\u00e9t\u00e9 du R\u00e9seau canadien des soins aux personnes fragilis\u00e9es vise \u00e0 offrir aux \u00e9tudiants de niveau pr\u00e9doctoral une exp\u00e9rience de travail interdisciplinaire et \u00e0 les sensibiliser aux possibilit\u00e9s et aux d\u00e9fis qui entourent la prestation de soins \u00e0 une population vieillissante. Les \u00e9tudiants travaillent avec un directeur d\u2019\u00e9tudes de leur discipline et rencontrent r\u00e9guli\u00e8rement un mentor d\u2019une autre discipline.<\/p>\n<p>Les stagiaires doivent \u00eatre inscrits \u00e0 temps plein \u00e0 un programme d\u2019\u00e9tudes pr\u00e9doctorales d\u2019une universit\u00e9 canadienne admissible <u>au moment de leur candidature<\/u>, et doivent satisfaire \u00e0 toutes les exigences en mati\u00e8re de cours pour au moins une ann\u00e9e scolaire (deux sessions) du programme d\u2019\u00e9tudes.<\/p>\n<p>La pr\u00e9f\u00e9rence est accord\u00e9e aux candidats qui manifestent ou ont manifest\u00e9 un int\u00e9r\u00eat personnel ou professionnel envers les personnes \u00e2g\u00e9es et fragilis\u00e9es ou le vieillissement, en s\u2019inscrivant \u00e0 des cours ou \u00e0 une sp\u00e9cialisation dans le domaine du vieillissement, en remplissant un emploi connexe, en effectuant des services communautaires ou en agissant comme leader.<\/p>\n<p><u>Cliquez ici pour conna\u00eetre les boursiers d\u2019\u00e9t\u00e9 de 2019.<\/u><\/p>\n<p><strong><em>Le R\u00e9seau a financ\u00e9 86\u00a0\u00e9tudiants de premier cycle fr\u00e9quentant 29\u00a0\u00e9tablissements h\u00f4tes, constituant sept cohortes de stagiaires d\u2019\u00e9t\u00e9\u00a0:<\/em><\/strong>[\/vc_column_text][\/vc_column][\/vc_row]<\/p>\n<\/div>","protected":false},"excerpt":{"rendered":"<p>[vc_row][vc_column][vc_column_text]Le Programme de bourses pour stagiaires d\u2019\u00e9t\u00e9 du R\u00e9seau canadien des soins aux personnes fragilis\u00e9es vise \u00e0 offrir aux \u00e9tudiants de niveau pr\u00e9doctoral une exp\u00e9rience de travail interdisciplinaire et \u00e0 les sensibiliser aux possibilit\u00e9s et aux d\u00e9fis qui entourent la prestation de soins \u00e0 une population vieillissante. Les \u00e9tudiants travaillent avec un directeur d\u2019\u00e9tudes de&#8230;<\/p>\n","protected":false},"author":1,"featured_media":0,"parent":1292,"menu_order":27,"comment_status":"closed","ping_status":"open","template":"","meta":{"_acf_changed":false,"footnotes":""},"acf":[],"_links":{"self":[{"href":"https:\/\/www.cfn-nce.ca\/fr\/wp-json\/wp\/v2\/pages\/1296"}],"collection":[{"href":"https:\/\/www.cfn-nce.ca\/fr\/wp-json\/wp\/v2\/pages"}],"about":[{"href":"https:\/\/www.cfn-nce.ca\/fr\/wp-json\/wp\/v2\/types\/page"}],"author":[{"embeddable":true,"href":"https:\/\/www.cfn-nce.ca\/fr\/wp-json\/wp\/v2\/users\/1"}],"replies":[{"embeddable":true,"href":"https:\/\/www.cfn-nce.ca\/fr\/wp-json\/wp\/v2\/comments?post=1296"}],"version-history":[{"count":5,"href":"https:\/\/www.cfn-nce.ca\/fr\/wp-json\/wp\/v2\/pages\/1296\/revisions"}],"predecessor-version":[{"id":11949,"href":"https:\/\/www.cfn-nce.ca\/fr\/wp-json\/wp\/v2\/pages\/1296\/revisions\/11949"}],"up":[{"embeddable":true,"href":"https:\/\/www.cfn-nce.ca\/fr\/wp-json\/wp\/v2\/pages\/1292"}],"wp:attachment":[{"href":"https:\/\/www.cfn-nce.ca\/fr\/wp-json\/wp\/v2\/media?parent=1296"}],"curies":[{"name":"wp","href":"https:\/\/api.w.org\/{rel}","templated":true}]}}