{"id":1297,"date":"2018-09-21T16:02:34","date_gmt":"2018-09-21T20:02:34","guid":{"rendered":"http:\/\/www.cfn-nce.ca\/training\/interdisciplinary-fellowship-program\/"},"modified":"2020-03-30T11:29:06","modified_gmt":"2020-03-30T15:29:06","slug":"interdisciplinary-fellowship-program","status":"publish","type":"page","link":"https:\/\/www.cfn-nce.ca\/fr\/training\/interdisciplinary-fellowship-program\/","title":{"rendered":"Programme de bourses de recherche interdisciplinaire"},"content":{"rendered":"<div class=\"wpb-content-wrapper\"><p>[vc_row][vc_column][vc_column_text]Un aspect essentiel du mandat du R\u00e9seau canadien des soins aux personnes fragilis\u00e9es est de former la prochaine g\u00e9n\u00e9ration de personnel hautement qualifi\u00e9 (PHQ)\u00a0\u2013 des scientifiques, \u00e9ducateurs, cliniciens et professionnels des services sociaux et de la sant\u00e9\u00a0\u2013 qui saura am\u00e9liorer les soins prodigu\u00e9s aux personnes \u00e2g\u00e9es et fragilis\u00e9es. Le Programme de bourses de recherche interdisciplinaire d\u00e9passe les fronti\u00e8res de la formation traditionnelle universitaire et clinique en offrant la possibilit\u00e9 d\u2019un riche apprentissage exp\u00e9rientiel et d\u2019une collaboration interdisciplinaire. Au Nouveau-Brunswick, le concours a \u00e9t\u00e9 pr\u00e9sent\u00e9 en collaboration avec la <u>Fondation de la recherche en sant\u00e9 du Nouveau-Brunswick<\/u>.<\/p>\n<p><strong><em>Les 10\u00a0\u00e9tudiants de notre septi\u00e8me cohorte annuelle repr\u00e9sentent huit disciplines et huit \u00e9tablissements h\u00f4tes dans quatre provinces.<\/em><\/strong><\/p>\n<p><strong>Au sujet du concours de 2019<\/strong><\/p>\n<p><strong>Financement\u00a0:<\/strong> La dur\u00e9e des bourses issues du concours 2019-2020 \u00e9tait de 12\u00a0mois. Le R\u00e9seau verse \u00e0 chaque boursier un financement d\u2019au plus la moiti\u00e9 de ses frais, et un partenaire doit avoir accept\u00e9 de fournir une somme d\u2019argent \u00e9quivalente ou plus. Les fonds doivent servir exclusivement d\u2019allocations pour les boursiers.<\/p>\n<p>FINANCEMENT ACCORD\u00c9 EN 2019-2020<\/p>\n<table>\n<tbody>\n<tr>\n<td width=\"274\"><\/td>\n<td width=\"113\"><strong>Fonds du R\u00e9seau<\/strong><\/td>\n<td width=\"123\"><strong>Fonds de partenaires<\/strong><\/td>\n<td width=\"113\"><strong>Total<\/strong><\/td>\n<\/tr>\n<tr>\n<td width=\"274\">\u00c9tudiants \u00e0 la ma\u00eetrise<\/td>\n<td width=\"113\">12\u00a0500\u00a0$<\/td>\n<td width=\"123\">12\u00a0500\u00a0$<\/td>\n<td width=\"113\">25\u00a0000\u00a0$<\/td>\n<\/tr>\n<tr>\n<td width=\"274\">\u00c9tudiants au doctorat<\/td>\n<td width=\"113\">17\u00a0500\u00a0$<\/td>\n<td width=\"123\">17\u00a0500\u00a0$<\/td>\n<td width=\"113\">35\u00a0000\u00a0$<\/td>\n<\/tr>\n<tr>\n<td width=\"274\">Stagiaires postdoctoraux ou professionnels en exercice<\/td>\n<td width=\"113\">25\u00a0000\u00a0$<\/td>\n<td width=\"123\">25\u00a0000\u00a0$<\/td>\n<td width=\"113\">50\u00a0000\u00a0$<\/td>\n<\/tr>\n<\/tbody>\n<\/table>\n<p><strong>\u00a0<\/strong><\/p>\n<p><strong>Admissibilit\u00e9\u00a0:<\/strong> le concours de bourses est ouvert aux \u00e9tudiants de cycle sup\u00e9rieur, aux candidats au doctorat, aux stagiaires postdoctoraux et aux professionnels en exercice. Les \u00e9tudiants de toutes les disciplines sont encourag\u00e9s \u00e0 poser leur candidature, pourvu que leurs activit\u00e9s d\u2019\u00e9t\u00e9 propos\u00e9es concordent avec les priorit\u00e9s strat\u00e9giques du R\u00e9seau concernant l\u2019am\u00e9lioration des soins prodigu\u00e9s aux Canadiens \u00e2g\u00e9s et fragilis\u00e9s.<\/p>\n<p><strong>Pour de plus amples renseignements, pri\u00e8re de joindre l\u2019\u00e9quipe de la formation du R\u00e9seau\u00a0:<\/strong><\/p>\n<p><strong>training@CFN-nce.ca.<\/strong><\/p>\n<p><strong>(613) 533-6000, p. 79331<\/strong>[\/vc_column_text][\/vc_column][\/vc_row]<\/p>\n<\/div>","protected":false},"excerpt":{"rendered":"<p>[vc_row][vc_column][vc_column_text]Un aspect essentiel du mandat du R\u00e9seau canadien des soins aux personnes fragilis\u00e9es est de former la prochaine g\u00e9n\u00e9ration de personnel hautement qualifi\u00e9 (PHQ)\u00a0\u2013 des scientifiques, \u00e9ducateurs, cliniciens et professionnels des services sociaux et de la sant\u00e9\u00a0\u2013 qui saura am\u00e9liorer les soins prodigu\u00e9s aux personnes \u00e2g\u00e9es et fragilis\u00e9es. Le Programme de bourses de recherche interdisciplinaire&#8230;<\/p>\n","protected":false},"author":1,"featured_media":0,"parent":1292,"menu_order":16,"comment_status":"closed","ping_status":"open","template":"","meta":{"_acf_changed":false,"footnotes":""},"acf":[],"_links":{"self":[{"href":"https:\/\/www.cfn-nce.ca\/fr\/wp-json\/wp\/v2\/pages\/1297"}],"collection":[{"href":"https:\/\/www.cfn-nce.ca\/fr\/wp-json\/wp\/v2\/pages"}],"about":[{"href":"https:\/\/www.cfn-nce.ca\/fr\/wp-json\/wp\/v2\/types\/page"}],"author":[{"embeddable":true,"href":"https:\/\/www.cfn-nce.ca\/fr\/wp-json\/wp\/v2\/users\/1"}],"replies":[{"embeddable":true,"href":"https:\/\/www.cfn-nce.ca\/fr\/wp-json\/wp\/v2\/comments?post=1297"}],"version-history":[{"count":4,"href":"https:\/\/www.cfn-nce.ca\/fr\/wp-json\/wp\/v2\/pages\/1297\/revisions"}],"predecessor-version":[{"id":11956,"href":"https:\/\/www.cfn-nce.ca\/fr\/wp-json\/wp\/v2\/pages\/1297\/revisions\/11956"}],"up":[{"embeddable":true,"href":"https:\/\/www.cfn-nce.ca\/fr\/wp-json\/wp\/v2\/pages\/1292"}],"wp:attachment":[{"href":"https:\/\/www.cfn-nce.ca\/fr\/wp-json\/wp\/v2\/media?parent=1297"}],"curies":[{"name":"wp","href":"https:\/\/api.w.org\/{rel}","templated":true}]}}