{"id":1298,"date":"2018-09-21T16:02:34","date_gmt":"2018-09-21T20:02:34","guid":{"rendered":"http:\/\/www.cfn-nce.ca\/training\/meet-our-cfn-interdisciplinary-fellows\/"},"modified":"2018-09-21T16:02:37","modified_gmt":"2018-09-21T20:02:37","slug":"meet-our-cfn-interdisciplinary-fellows","status":"publish","type":"page","link":"https:\/\/www.cfn-nce.ca\/fr\/training\/interdisciplinary-fellowship-program\/meet-our-cfn-interdisciplinary-fellows\/","title":{"rendered":"Faites connaissance avec les boursiers de recherche interdisciplinaire du RCSPF"},"content":{"rendered":"<p>\u00c0 ce jour, le RCSPF a financ\u00e9 40 boursiers de recherche interdisciplinaire, qui sont encadr\u00e9s par 34 chercheurs du r\u00e9seau sur les lieux de 22 \u00e9tablissements h\u00f4tes.<\/p>\n<p><strong>Institut universitaire de technologie de l&rsquo;Ontario<\/strong><\/p>\n<p>Kelly Kay (Directrice d\u2019\u00e9tudes: Brenda Gamble) &#8212; 2013<\/p>\n<p><strong>R\u00e9seau\u00a0de sant\u00e9\u00a0universitaire\u00a0(Institut de r\u00e9adaptation de Toronto)<\/strong><\/p>\n<p><span>Reza Rizvi (Directeur d\u2019\u00e9tudes: Tilak Dutta) &#8212; 2014<\/span><\/p>\n<p>Alison Schinkel-Ivy (Directrice d\u2019\u00e9tudes: Avril Mansfield) &#8212; 2016<\/p>\n<p><strong>Universit\u00e9 d\u2019Ottawa<\/strong><\/p>\n<p>Ayah Nayfeh (Directrice d\u2019\u00e9tudes: Isabelle Marcoux) &#8212; 2013<\/p>\n<p>Arne Stinchcombe (Directeur d\u2019\u00e9tudes: Michel B\u00e9dard) &#8212; 2015<\/p>\n<p><strong>Universit\u00e9 de Calgary<\/strong><\/p>\n<p>Chelsia Gillis (Directrice d\u2019\u00e9tudes: Leah Gramlich) &#8212; 2016<\/p>\n<p><strong>Universit\u00e9 de Guelph<\/strong><\/p>\n<p>Kimberley Wilson (Directrice d\u2019\u00e9tudes: Carla Rice) &#8212; 2014<\/p>\n<p><strong>Universit\u00e9 de l\u2019Alberta<\/strong><\/p>\n<p>Shannon Cunningham (Directrice d\u2019\u00e9tudes: Sara Davison) &#8212; 2013<\/p>\n<p><span>Elizabeth Dogherty (<span>Directrice d\u2019\u00e9tudes<\/span>: Carole Estabrooks) &#8212; 2014<\/span><\/p>\n<p>Gilgamesh Eamer (Directrice d\u2019\u00e9tudes: Rachel Khadaroo) &#8212; 2016<\/p>\n<p>Joshua Hathaway (Directrice d\u2019\u00e9tudes: Andrea Gruneir) &#8212; 2016<\/p>\n<p><strong>Universit\u00e9 de la Colombie-Britannique<\/strong><\/p>\n<p>Jennifer Gibson (Directrice d\u2019\u00e9tudes: Paddy Rodney) &#8212; 2016<\/p>\n<p>Larry Mroz (Directeur d\u2019\u00e9tudes: Richard Sawatzky) &#8212; 2016<\/p>\n<p>Rozanne Wilson (Directeur d\u2019\u00e9tudes: Richard Sawatzky) &#8212; 2016<\/p>\n<p><strong>Universit\u00e9 de la Saskatchewan<\/strong><\/p>\n<p>Joseph Enright (Directrice d\u2019\u00e9tudes: Megan O\u2019Connell) &#8212; 2014<\/p>\n<p><strong>Universit<strong>\u00e9 de<\/strong> Moncton<\/strong><\/p>\n<p>Mylene Michaud (<span>Directrice d\u2019\u00e9tudes<\/span>: Sarah Pakzad) &#8212; 2016<\/p>\n<p><strong>Universit<strong>\u00e9<\/strong>\u00a0de Toronto<\/strong><\/p>\n<p>Laura Tamblyn Watts (<span>Directrice d\u2019\u00e9tudes<\/span>: Lynn McDonald) &#8212; 2014<\/p>\n<p>Amol Verma (Directeur d\u2019\u00e9tudes: Muhammad Mamdani) &#8212; 2016<\/p>\n<p><strong>Universit<strong>\u00e9<\/strong>\u00a0de Victoria<\/strong><\/p>\n<p>Anna Jeznach (Directrice d\u2019\u00e9tudes: Holly Tuokko) &#8212; 2013<\/p>\n<p>Drew Commandeur (Directrice d\u2019\u00e9tudes: Sandra Hundza) &#8212; 2016<\/p>\n<p><strong>Universit<strong>\u00e9<\/strong>\u00a0de Waterloo<\/strong><\/p>\n<p>Jacobi Elliott (Directeur d\u2019\u00e9tudes: Paul Stolee) &#8212; 2015<\/p>\n<p>Celia Laur (Directrice d\u2019\u00e9tudes: Heather Keller) &#8212; 2016<\/p>\n<p><strong>Universit\u00e9 du Manitoba<\/strong><\/p>\n<p>Reid Whitlock (Directeur d\u2019\u00e9tudes: Navdeep Tangri) &#8212; 2016<\/p>\n<p><strong>Universit<strong>\u00e9 du<\/strong> Nouveau-Brunswick<\/strong><\/p>\n<p>Emily MacDonald (<span>Directrice d\u2019\u00e9tudes<\/span>: Rose McCloskey) &#8212; 2016<\/p>\n<p><strong>Universit\u00e9 Lakehead<\/strong><\/p>\n<p>Katherine Kortes-Miller (Directrice d\u2019\u00e9tudes: Mary Lou Kelley &#8212; RETRAIT<span>\u00c9<\/span>) &#8212; 2014<\/p>\n<p>Lana Ozen (Directeur d\u2019\u00e9tudes: Michel B\u00e9dard) &#8212; 2014<\/p>\n<p><strong>Universit\u00e9 Laval<\/strong><\/p>\n<p>Noemie Roy (Directrice d\u2019\u00e9tudes: France\u00a0L\u00e9gare) &#8212; 2016<\/p>\n<p><strong>Universit\u00e9 McGill<\/strong><\/p>\n<p>Zahra Bagheri (Directeur d\u2019\u00e9tudes: Tilak Dutta) &#8212; 2016<\/p>\n<p><strong>Universit\u00e9 McMaster<\/strong><\/p>\n<p>Abigail Wickson-Griffiths (Directrice d\u2019\u00e9tudes: Sharon Kaasalainen) &#8212; 2013<\/p>\n<p>Matt Leyenaar (<span>Directeur d\u2019\u00e9tudes<\/span>: Andrew Costa) &#8212; 2016<\/p>\n<p>Melody Maximos (Directrice d\u2019\u00e9tudes: Vanina dal Bello-Haas) &#8212; 2016<\/p>\n<p><strong>Universit\u00e9 Queen\u2019s<\/strong><\/p>\n<p>Christine Knott (Directrice d\u2019\u00e9tudes: Mary Ann McColl) &#8212; 2013<\/p>\n<p>Idevania Geraldina Costa (Directrice d\u2019\u00e9tudes: Deborah Tregunno) &#8212; 2016<\/p>\n<p>Julia Kirkham (<span>Directeur d\u2019\u00e9tudes<\/span>: Dallas Seitz) &#8212; 2016<\/p>\n<p>Clive Velkers (<span>Directeur d\u2019\u00e9tudes<\/span>: Dallas Seitz) &#8212; 2016<\/p>\n<p><strong>Universit\u00e9 Simon-Fraser<\/strong><\/p>\n<p>Laura Booi (<span>Directeur d\u2019\u00e9tudes<\/span>: Andrew Sixsmith) &#8212; 2014<\/p>\n<p><strong>Universit\u00e9 Trinity Western<\/strong><\/p>\n<p>Eric Chan (<span>Directeur d\u2019\u00e9tudes<\/span>: Richard Sawatzky) &#8212; 2013<\/p>\n<p>Joyce Lee (<span>Directeur d\u2019\u00e9tudes<\/span>: Richard Sawatzky) &#8212; 2013<\/p>\n<p>Marian Krawczyk (<span>Directeur d\u2019\u00e9tudes<\/span>: Richard Sawatzky) &#8212; 2016<\/p>\n<p>\u00a0<\/p>\n","protected":false},"excerpt":{"rendered":"<p>\u00c0 ce jour, le RCSPF a financ\u00e9 40 boursiers de recherche interdisciplinaire, qui sont encadr\u00e9s par 34 chercheurs du r\u00e9seau sur les lieux de 22 \u00e9tablissements h\u00f4tes. Institut universitaire de technologie de l&rsquo;Ontario Kelly Kay (Directrice d\u2019\u00e9tudes: Brenda Gamble) &#8212; 2013 R\u00e9seau\u00a0de sant\u00e9\u00a0universitaire\u00a0(Institut de r\u00e9adaptation de Toronto) Reza Rizvi (Directeur d\u2019\u00e9tudes: Tilak Dutta) &#8212; 2014&#8230;<\/p>\n","protected":false},"author":1,"featured_media":0,"parent":1297,"menu_order":33,"comment_status":"closed","ping_status":"closed","template":"","meta":{"_acf_changed":false,"footnotes":""},"acf":[],"_links":{"self":[{"href":"https:\/\/www.cfn-nce.ca\/fr\/wp-json\/wp\/v2\/pages\/1298"}],"collection":[{"href":"https:\/\/www.cfn-nce.ca\/fr\/wp-json\/wp\/v2\/pages"}],"about":[{"href":"https:\/\/www.cfn-nce.ca\/fr\/wp-json\/wp\/v2\/types\/page"}],"author":[{"embeddable":true,"href":"https:\/\/www.cfn-nce.ca\/fr\/wp-json\/wp\/v2\/users\/1"}],"replies":[{"embeddable":true,"href":"https:\/\/www.cfn-nce.ca\/fr\/wp-json\/wp\/v2\/comments?post=1298"}],"version-history":[{"count":1,"href":"https:\/\/www.cfn-nce.ca\/fr\/wp-json\/wp\/v2\/pages\/1298\/revisions"}],"predecessor-version":[{"id":1350,"href":"https:\/\/www.cfn-nce.ca\/fr\/wp-json\/wp\/v2\/pages\/1298\/revisions\/1350"}],"up":[{"embeddable":true,"href":"https:\/\/www.cfn-nce.ca\/fr\/wp-json\/wp\/v2\/pages\/1297"}],"wp:attachment":[{"href":"https:\/\/www.cfn-nce.ca\/fr\/wp-json\/wp\/v2\/media?parent=1298"}],"curies":[{"name":"wp","href":"https:\/\/api.w.org\/{rel}","templated":true}]}}