{"id":1299,"date":"2018-09-21T16:02:34","date_gmt":"2018-09-21T20:02:34","guid":{"rendered":"http:\/\/www.cfn-nce.ca\/training\/undergraduate-summer-student-awards-program\/"},"modified":"2020-03-30T11:20:25","modified_gmt":"2020-03-30T15:20:25","slug":"undergraduate-summer-student-awards-program","status":"publish","type":"page","link":"https:\/\/www.cfn-nce.ca\/fr\/training\/undergraduate-summer-student-awards-program\/","title":{"rendered":"Prix d&rsquo;\u00e9t\u00e9 pour \u00e9tudiants"},"content":{"rendered":"<p>Le Programme de bourses pour stagiaires d\u2019\u00e9t\u00e9 du RCSPF\u00a0vise \u00e0 offrir aux \u00e9tudiants de niveau pr\u00e9doctoral une exp\u00e9rience de travail interdisciplinaire et \u00e0 les sensibiliser aux possibilit\u00e9s et aux d\u00e9fis qui entourent la prestation de soins \u00e0 une population vieillissante. Les \u00e9tudiants travaillent avec les superviseurs de leur discipline et rencontrent r\u00e9guli\u00e8rement des mentors d\u2019une discipline compl\u00e9mentaire. Les stagiaires doivent \u00eatre inscrits \u00e0 temps plein \u00e0 un programme d\u2019\u00e9tudes pr\u00e9doctorales d\u2019une universit\u00e9 canadienne admissible au moment de leur candidature, et doivent satisfaire \u00e0 toutes les exigences en mati\u00e8re de cours pour au moins une ann\u00e9e scolaire (deux sessions) du programme d\u2019\u00e9tudes. Le fait de d\u00e9montrer un int\u00e9r\u00eat personnel ou professionnel dans le domaine du vieillissement ou des personnes \u00e2g\u00e9es gravement malades en ayant suivi des cours ou une formation sp\u00e9cialis\u00e9e en la mati\u00e8re, occup\u00e9 un emploi connexe, effectu\u00e9 des services communautaires ou agi comme un leader dans ce domaine sera consid\u00e9r\u00e9 comme un avantage.<\/p>\n<p><em><strong>Les 13 \u00e9tudiants de notre sixi\u00e8me cohorte annuelle repr\u00e9sentent sept disciplines dans neuf \u00e9tablissements d&rsquo;accueil dans cinq provinces. <a href=\"https:\/\/www.cfn-nce.ca\/wp-content\/uploads\/2018\/09\/rcspf-2018-r\u00e9cipiendaires-des-bourses-pour-stagiaires-d\u2019\u00e9t\u00e9.pdf\">Cliquez ici pour en savoir plus sur les r\u00e9cipiendaires du Prix \u00e9tudiant d&rsquo;\u00e9t\u00e9 2018 du RCAF<\/a>.<\/strong><\/em><\/p>\n<p><strong>Le RCSPF a financ\u00e9 75 \u00e9tudiants de niveau\u00a0pr\u00e9doctoral dans 27 universit\u00e9s, soit six cohortes de prix d\u2019\u00e9t\u00e9 pour \u00e9tudiants\u00a0<span style=\"line-height: 1.5em; background-color: transparent;\">:<\/span><\/strong><\/p>\n<p><strong>H\u00f4pital g\u00e9n\u00e9ral juif<\/strong><\/p>\n<p>Anna Eufemia (Directeur d\u2019\u00e9tudes : Jonathan Afilalo) &#8212; 2018<\/p>\n<p><strong>H\u00f4pital Mount Sina\u00ef<\/strong><\/p>\n<p>Ksenia Chezar (Directrice d\u2019\u00e9tudes: Christine Soong) &#8212;\u00a02014<\/p>\n<p>Michael Elfassy (Directrice d\u2019\u00e9tudes : Laveena Munshi) &#8212; 2018<\/p>\n<p>Brittany Marinelli (Directrice d\u2019\u00e9tudes: Sangeeta Mehta) &#8212;\u00a02013<\/p>\n<p>Nishila Mehta (Directrice d\u2019\u00e9tudes : Sangeeta Mehta) &#8212; 2018<\/p>\n<p>Andrew Perrella (Directrice d\u2019\u00e9tudes: Vicky Chau) &#8212; 2016<\/p>\n<p>Cassandra Turchet (Directrice d\u2019\u00e9tudes: Lisa Burry) &#8212;\u00a02014<\/p>\n<p>Kathleen Wheeler (Directrice d\u2019\u00e9tudes: Sangeeta Mehta) &#8212;\u00a02014<\/p>\n<p><strong>Institut de recherche Sunnybrook<\/strong><\/p>\n<p>Bannuya Balasubramanaiam (Directrice d\u2019\u00e9tudes: Jacques\u00a0Lee) &#8212; 2016<\/p>\n<p>Tomas Saun (Directrice d\u2019\u00e9tudes: Shelly Dev) &#8212;\u00a02013<\/p>\n<p><strong>R\u00e9gie de soins de sant\u00e9 de la Nouvelle-\u00c9cosse<\/strong><\/p>\n<p>Jessica Shannon (Directeur d\u2019\u00e9tudes:\u00a0Greg Hirsch) &#8212; 2016<\/p>\n<p><strong>Universit\u00e9 Dalhousie<\/strong><\/p>\n<p>Michael Connolly (Directeur d\u2019\u00e9tudes: Keith Brunt) &#8212; 2018<\/p>\n<p><strong>Universit\u00e9 d\u2019Ottawa<\/strong><\/p>\n<p>Jamal Alkadri (Directeur d\u2019\u00e9tudes: Jeffrey Jutai) &#8212;\u00a02013<\/p>\n<p>Joseph Aziz (Directrice d\u2019\u00e9tudes: Jeffrey Jutai) &#8212; 2015<\/p>\n<p>Patrique B\u00e9gin (Directeur d\u2019\u00e9tudes: Jeffrey Jutai) &#8212;\u00a02013<\/p>\n<p>Alison Knapp (Directrice d\u2019\u00e9tudes: Jose Pereira) &#8212; 2015<\/p>\n<p>Jasmine Mah (Directeur d\u2019\u00e9tudes: Jeffrey Jutai) &#8212;\u00a02013<\/p>\n<p><strong>Universit\u00e9 de Calgary<\/strong><\/p>\n<p>Hannah Leaker (Directrice d\u2019\u00e9tudes : Jayna Holroyd-Leduc) &#8212; 2018<\/p>\n<p>Madison Riddell (Directrice d\u2019\u00e9tudes : Jayna Holroyd-Leduc) \u2013 2014<\/p>\n<p><strong>Universit\u00e9 de l\u2019Alberta<\/strong><\/p>\n<p>Leo Akioyamen (Directrice d\u2019\u00e9tudes: Carole Estabrooks) &#8212; 2015<\/p>\n<p>Gauhar Ali (Directrice d\u2019\u00e9tudes : Vickie Baracos) &#8212; 2018<\/p>\n<p>Diana Bark (Directrice d\u2019\u00e9tudes: Adrian Wagg) &#8212; 2015<\/p>\n<p>Veronica Bergstrom (Directrice d\u2019\u00e9tudes: Carole Estabrooks) &#8212; 2016<\/p>\n<p>Samantha Kuchera (Directrice d\u2019\u00e9tudes: Wendy Duggleby) &#8212;\u00a02014<\/p>\n<p>Madison Riddell (Directrice d\u2019\u00e9tudes: Jayna Holroyd-Leduc) &#8212;\u00a02014<\/p>\n<p>Kaitlyn Tate (Directrice d\u2019\u00e9tudes: Greta Cummings) &#8212; 2016<\/p>\n<p>Grace Werner (Directrice d\u2019\u00e9tudes : Wendy Duggleby) &#8212; 2018<\/p>\n<p><strong>Universit\u00e9 de la Colombie-Britannique<\/strong><\/p>\n<p>Billy Zhao (Directrice d\u2019\u00e9tudes: Jennifer Baumbusch) &#8212; 2016<\/p>\n<p><strong>Universit\u00e9 de la Saskatchewan<\/strong><\/p>\n<p>Cody Weiler (Directrice d\u2019\u00e9tudes: Joel Lanovaz) &#8212; 2016<\/p>\n<p><strong>Universit\u00e9 de Moncton<\/strong><\/p>\n<p>Mathilde Theriault (Directrice d\u2019\u00e9tudes: Sarah Pakzad) &#8212; 2016<\/p>\n<p><strong>Universit\u00e9 de Toronto<\/strong><\/p>\n<p>Karen Chiu (Directrice d\u2019\u00e9tudes: Andrea Iaboni) &#8212; 2016<\/p>\n<p><strong>Universit\u00e9 de Victoria<\/strong><\/p>\n<p>Karl Grewal (Directeur d\u2019\u00e9tudes : Stuart MacDonald) &#8212; 2018<\/p>\n<p>Alayna Payne (Directrice d\u2019\u00e9tudes: Debra Sheets) &#8212; 2015<\/p>\n<p>Richelle Stanley (Directrice d\u2019\u00e9tudes: Debra Sheets) &#8212;\u00a02014<\/p>\n<p><strong>Universit\u00e9 de Waterloo<\/strong><\/p>\n<p>Kamayu Duggan (Directrice d\u2019\u00e9tudes: Michael Barnett-Cowan) &#8212;\u00a02015<\/p>\n<p>Chao Dong Hu (Directrice d\u2019\u00e9tudes: Tejal Patel)\u00a0&#8212;\u00a02016<\/p>\n<p>Michelle Tanel (Directrice d\u2019\u00e9tudes: Andrew Laing)\u00a0&#8212;\u00a02015<\/p>\n<p>Ruchit Patel (Directrice d\u2019\u00e9tudes: Lora Giangregorio)\u00a0&#8212;\u00a02015<\/p>\n<p><strong>Universit\u00e9 de Western Ontario<\/strong><\/p>\n<p>Spencer Chambers (Directrice d\u2019\u00e9tudes: Ian Ball) &#8212; 2015<\/p>\n<p>Tina Felfeli (Directeur d\u2019\u00e9tudes: Robert Petrella) &#8212;\u00a02014<\/p>\n<p>Andrea Petrella (Directrice d\u2019\u00e9tudes: Matthew Heath) &#8212; 2016<\/p>\n<p><strong>Universit\u00e9 de Winnipeg<\/strong><\/p>\n<p>Thalia Magyar (Directrice d\u2019\u00e9tudes: Melanie Martin)\u00a0&#8212;\u00a02016<\/p>\n<p><strong>Universit\u00e9 du Manitoba<\/strong><\/p>\n<p>Ryan Henrie (Directeur d\u2019\u00e9tudes: Anand Kumar) &#8212;\u00a02013<\/p>\n<p><strong>Universit\u00e9 du Nouveau-Brunswick<\/strong><\/p>\n<p>Courtney Busson (Directrice d\u2019\u00e9tudes: Kathleen Valentine) &#8212; 2016<\/p>\n<p>Shyane McKay (Directrice d\u2019\u00e9tudes : Rose McCloskey) &#8212; 2018<\/p>\n<p>Danielle O\u2019Reilly (Directrice d\u2019\u00e9tudes : Emily Read) &#8212; 2018<\/p>\n<p>Karen Philpott (Directrice d\u2019\u00e9tudes: Joan Kingston) &#8212; 2016<\/p>\n<p><strong>Universit\u00e9 Lakehead\u00a0<\/strong><\/p>\n<p>Daphne Haggarty (Directeur d\u2019\u00e9tudes: Ian Newhouse) &#8212;\u00a0<span style=\"line-height: 1.5em; background-color: transparent;\">2013<\/span><\/p>\n<p><strong>Universit\u00e9 Laval<\/strong><\/p>\n<p>Antoine Lague (Directeur d\u2019\u00e9tudes: Marcel \u00c9mond) &#8212; 2016<\/p>\n<p><strong>Universit\u00e9 McMaster<\/strong><\/p>\n<p>Nicole Babin (Directrice d\u2019\u00e9tudes: Vanina Dal Bello-Haas) &#8212; 2016<\/p>\n<p>Giulia Coletta (Directrice d\u2019\u00e9tudes : Janet Pritchard) &#8212; 2018<\/p>\n<p>Andrew Lagrotteria (Directrice d\u2019\u00e9tudes: Cindy Hamielec) &#8212; 2016<\/p>\n<p>Melissa Shears (Directrice d\u2019\u00e9tudes: Michelle Kho) &#8212;\u00a02014<\/p>\n<p><strong>Universit\u00e9 Queen\u2019s<\/strong><\/p>\n<p>Tim D\u2019Aoust (Directrice d\u2019\u00e9tudes : Ana Johnson) &#8212; 2018<\/p>\n<p>Heather Johnson (Directeur d\u2019\u00e9tudes: John Muscedere) &#8212;\u00a02013<\/p>\n<p>Ryan Pardy (Directrice d\u2019\u00e9tudes: H\u00e9l\u00e8ne Ouellette-Kuntz) &#8212;\u00a02014<\/p>\n<p>Simon Parlow (Directrice d\u2019\u00e9tudes: Ana Johnson) &#8212;\u00a02013<\/p>\n<p>Karen Rees-Milton (Directrice : Rachel Holden) &#8212; 2018<\/p>\n<p>Molly Steer (Directeur d\u2019\u00e9tudes: Kevin Woo) &#8212; 2016<\/p>\n<p>Kaylin Woods (Directeur d\u2019\u00e9tudes: John Muscedere) &#8212;\u00a02014<\/p>\n<p><strong>Universit\u00e9 Ryerson<\/strong><\/p>\n<p>Patricia Julian (Directrice d\u2019\u00e9tudes: Lori Schindel Martin) &#8212; 2016<\/p>\n<p>Universit\u00e9 Simon-Fraser<\/p>\n<p>Cherlene Chang (Directeur d\u2019\u00e9tudes: Stephen Robinovitch) &#8212; 2016<\/p>\n<p>Kate Meffen (Directeur d\u2019\u00e9tudes: Andy Hoffer) &#8212; 2015<\/p>\n<p><strong>Universit\u00e9 Trinity Western<\/strong><\/p>\n<p>William Harding (Directeur d\u2019\u00e9tudes: Richard Sawatzky) &#8212;\u00a02013<\/p>\n<p>Dawson McCann (Directeur d\u2019\u00e9tudes: Richard Sawatzky) &#8212; 2016<\/p>\n","protected":false},"excerpt":{"rendered":"<p>Le Programme de bourses pour stagiaires d\u2019\u00e9t\u00e9 du RCSPF\u00a0vise \u00e0 offrir aux \u00e9tudiants de niveau pr\u00e9doctoral une exp\u00e9rience de travail interdisciplinaire et \u00e0 les sensibiliser aux possibilit\u00e9s et aux d\u00e9fis qui entourent la prestation de soins \u00e0 une population vieillissante. Les \u00e9tudiants travaillent avec les superviseurs de leur discipline et rencontrent r\u00e9guli\u00e8rement des mentors d\u2019une&#8230;<\/p>\n","protected":false},"author":1,"featured_media":0,"parent":1292,"menu_order":3,"comment_status":"closed","ping_status":"open","template":"","meta":{"_acf_changed":false,"footnotes":""},"acf":[],"_links":{"self":[{"href":"https:\/\/www.cfn-nce.ca\/fr\/wp-json\/wp\/v2\/pages\/1299"}],"collection":[{"href":"https:\/\/www.cfn-nce.ca\/fr\/wp-json\/wp\/v2\/pages"}],"about":[{"href":"https:\/\/www.cfn-nce.ca\/fr\/wp-json\/wp\/v2\/types\/page"}],"author":[{"embeddable":true,"href":"https:\/\/www.cfn-nce.ca\/fr\/wp-json\/wp\/v2\/users\/1"}],"replies":[{"embeddable":true,"href":"https:\/\/www.cfn-nce.ca\/fr\/wp-json\/wp\/v2\/comments?post=1299"}],"version-history":[{"count":4,"href":"https:\/\/www.cfn-nce.ca\/fr\/wp-json\/wp\/v2\/pages\/1299\/revisions"}],"predecessor-version":[{"id":11953,"href":"https:\/\/www.cfn-nce.ca\/fr\/wp-json\/wp\/v2\/pages\/1299\/revisions\/11953"}],"up":[{"embeddable":true,"href":"https:\/\/www.cfn-nce.ca\/fr\/wp-json\/wp\/v2\/pages\/1292"}],"wp:attachment":[{"href":"https:\/\/www.cfn-nce.ca\/fr\/wp-json\/wp\/v2\/media?parent=1299"}],"curies":[{"name":"wp","href":"https:\/\/api.w.org\/{rel}","templated":true}]}}