{"id":14414,"date":"2021-10-18T15:28:22","date_gmt":"2021-10-18T19:28:22","guid":{"rendered":"https:\/\/www.cfn-nce.ca\/?page_id=14414"},"modified":"2025-05-29T14:55:35","modified_gmt":"2025-05-29T18:55:35","slug":"la-fragilisation-evaluation-attenuation-et-prevention","status":"publish","type":"page","link":"https:\/\/www.cfn-nce.ca\/fr\/training\/la-fragilisation-evaluation-attenuation-et-prevention\/","title":{"rendered":"Les modules sur la fragilisation"},"content":{"rendered":"<div class=\"wpb-content-wrapper\"><p>[vc_row][vc_column][vc_column_text]<\/p>\n<div id=\"tw-target-text-container\" class=\"tw-ta-container tw-nfl\" tabindex=\"0\" role=\"text\">\n<h2 id=\"tw-target-text\" class=\"tw-data-text tw-text-large tw-ta\" dir=\"ltr\" data-placeholder=\"Translation\" aria-label=\"Translated text: Utilisation des m\u00e9dicaments et soins des personnes \u00e2g\u00e9es\" data-ved=\"2ahUKEwiyuPm-p8mNAxUNrokEHcOIItsQ3ewLegQIDRAV\"><span class=\"Y2IQFc\" lang=\"fr\">Utilisation des m\u00e9dicaments et soins des personnes \u00e2g\u00e9es<\/span><\/h2>\n<\/div>\n<p>[\/vc_column_text][\/vc_column][\/vc_row][vc_row][vc_column][vc_empty_space][\/vc_column][\/vc_row][vc_row][vc_column width=\u00a0\u00bb1\/2&Prime;][vc_column_text]<\/p>\n<h3 class=\"tw-data-text tw-text-large tw-ta\" dir=\"ltr\" style=\"text-align: center;\" data-placeholder=\"Translation\" aria-label=\"Translated text: Utilisation des m\u00e9dicaments chez les adultes\" data-ved=\"2ahUKEwiyuPm-p8mNAxUNrokEHcOIItsQ3ewLegQIDRAV\"><span class=\"Y2IQFc\" lang=\"fr\">Utilisation des m\u00e9dicaments<\/span><\/h3>\n<p style=\"text-align: center;\"><a class=\"btn-info\" href=\"https:\/\/healthsci.queensu.ca\/sites\/opdes\/files\/modules\/cfn-medication-older-adults-m1-FR\" target=\"_blank\" rel=\"noopener\">CLIQUEZ POUR OUVRIR LE MODULE FRAN\u00c7AIS<\/a><\/p>\n<p>[\/vc_column_text][\/vc_column][vc_column width=\u00a0\u00bb1\/2&Prime;][vc_column_text]<\/p>\n<h3 class=\"tw-data-text tw-text-large tw-ta\" dir=\"ltr\" style=\"text-align: center;\" data-placeholder=\"Translation\" aria-label=\"Translated text: Soins aux personnes \u00e2g\u00e9es\" data-ved=\"2ahUKEwiyuPm-p8mNAxUNrokEHcOIItsQ3ewLegQIDRAV\"><span class=\"Y2IQFc\" lang=\"fr\">Soins aux <\/span><span class=\"Y2IQFc\" lang=\"fr\">personnes \u00e2g\u00e9es<\/span><span class=\"Y2IQFc\" lang=\"fr\">\u00a0<\/span><\/h3>\n<p style=\"text-align: center;\"><a class=\"btn-info\" href=\"https:\/\/healthsci.queensu.ca\/sites\/opdes\/files\/modules\/cfn-care-older-adults-m2-FR\" target=\"_blank\" rel=\"noopener\">CLIQUEZ POUR OUVRIR LE MODULE FRAN\u00c7AIS<\/a><\/p>\n<p>[\/vc_column_text][\/vc_column][\/vc_row][vc_row][vc_column][vc_empty_space][\/vc_column][\/vc_row][vc_row][vc_column][vc_empty_space][\/vc_column][\/vc_row][vc_row][vc_column][vc_column_text]<\/p>\n<h2>\u00c9valuation, att\u00e9nuation et pr\u00e9vention<\/h2>\n<p>[\/vc_column_text][\/vc_column][\/vc_row][vc_row][vc_column][vc_empty_space][\/vc_column][\/vc_row][vc_row][vc_column width=\u00a0\u00bb1\/2&Prime;][vc_column_text]Ce module explore la notion de la fragilisation, qui est un \u00e9tat de sant\u00e9 et de fonctions diminu\u00e9es chez les personnes \u00e2g\u00e9es qui augmente la probabilit\u00e9 de d\u00e9velopper de multiples probl\u00e8mes de sant\u00e9 et affecte la capacit\u00e9 d\u2019une personne \u00e0 effectuer les activit\u00e9s du quotidien. Le module donne droit \u00e0 des cr\u00e9dits de formation m\u00e9dicale continue (FMC) agr\u00e9e.[\/vc_column_text][vc_separator color=\u00a0\u00bbwhite\u00a0\u00bb][\/vc_column][vc_column width=\u00a0\u00bb1\/2&Prime;][vc_single_image image=\u00a0\u00bb14222&Prime; img_size=\u00a0\u00bbmedium\u00a0\u00bb][vc_separator color=\u00a0\u00bbwhite\u00a0\u00bb][\/vc_column][\/vc_row][vc_row][vc_column][vc_column_text]<\/p>\n<p style=\"text-align: center;\"><a class=\"btn-info\" href=\"https:\/\/healthsci.queensu.ca\/sites\/opdes\/files\/modules\/CFN-Frailty-Fssessment-Mitigation-Prevention\/#\/\" target=\"_blank\" rel=\"noopener\">CLIQUEZ ICI POUR OUVRIR LE MODULE EN FRAN\u00c7AIS SUR LA FRAGILISATION<\/a><\/p>\n<p>[\/vc_column_text][\/vc_column][\/vc_row][vc_row][vc_column][vc_separator color=\u00a0\u00bbwhite\u00a0\u00bb][vc_separator color=\u00a0\u00bbwhite\u00a0\u00bb][vc_column_text]<\/p>\n<h3>\u00c0 quoi s\u2019attendre dans le module sur <em>la fragilisation\u00a0: \u00e9valuation, att\u00e9nuation et pr\u00e9vention<\/em><\/h3>\n<p>[\/vc_column_text][vc_separator color=\u00a0\u00bbwhite\u00a0\u00bb][\/vc_column][\/vc_row][vc_row][vc_column][vc_column_text]<strong>Introduction \u00e0 la fragilisation\u00a0:<\/strong><\/p>\n<p>Cette section propose une introduction \u00e0 la fragilisation, d\u00e9finit ce qu\u2019est la fragilisation et pourquoi il est important de s\u2019y int\u00e9resser. Explorez les stigmates qui entourent la fragilisation et d\u00e9couvrez les diff\u00e9rents mod\u00e8les de fragilisation utilis\u00e9s.<\/p>\n<p>&nbsp;<\/p>\n<p><strong>\u00c9valuation de la fragilisation\u00a0:<\/strong><\/p>\n<p>Apprenez quand et o\u00f9 \u00e9valuer la fragilisation, et quels outils peuvent \u00eatre utilis\u00e9s pour ces \u00e9valuations. Cette section explore l\u2019\u00e9valuation de la fragilisation dans divers contextes de soins et donne des exemples d\u2019\u00e9valuations de la fragilisation et d\u2019\u00e9valuations g\u00e9riatriques compl\u00e8tes.[\/vc_column_text][vc_separator color=\u00a0\u00bbwhite\u00a0\u00bb][\/vc_column][\/vc_row][vc_row][vc_column width=\u00a0\u00bb1\/4&Prime;][vc_single_image image=\u00a0\u00bb14486&Prime; img_size=\u00a0\u00bbmedium\u00a0\u00bb][\/vc_column][vc_column width=\u00a0\u00bb3\/4&Prime;][vc_separator color=\u00a0\u00bbwhite\u00a0\u00bb][vc_column_text]<strong>Att\u00e9nuation et pr\u00e9vention de la fragilisation\u00a0:<\/strong><\/p>\n<p>Examinez les moyens pour pr\u00e9venir la fragilisation \u00e0 l\u2019aide du mod\u00e8le <em>\u00c9VITER la fragilisation<\/em> qui recommande l\u2019activit\u00e9 physique, la vaccination, l\u2019optimisation des m\u00e9dicaments, les interactions sociales et une saine alimentation.[\/vc_column_text][\/vc_column][\/vc_row]<\/p>\n<\/div>","protected":false},"excerpt":{"rendered":"<p>[vc_row][vc_column][vc_column_text] Utilisation des m\u00e9dicaments et soins des personnes \u00e2g\u00e9es [\/vc_column_text][\/vc_column][\/vc_row][vc_row][vc_column][vc_empty_space][\/vc_column][\/vc_row][vc_row][vc_column width=\u00a0\u00bb1\/2&Prime;][vc_column_text] Utilisation des m\u00e9dicaments CLIQUEZ POUR OUVRIR LE MODULE FRAN\u00c7AIS [\/vc_column_text][\/vc_column][vc_column width=\u00a0\u00bb1\/2&Prime;][vc_column_text] Soins aux personnes \u00e2g\u00e9es\u00a0 CLIQUEZ POUR OUVRIR LE MODULE FRAN\u00c7AIS [\/vc_column_text][\/vc_column][\/vc_row][vc_row][vc_column][vc_empty_space][\/vc_column][\/vc_row][vc_row][vc_column][vc_empty_space][\/vc_column][\/vc_row][vc_row][vc_column][vc_column_text] \u00c9valuation, att\u00e9nuation et pr\u00e9vention [\/vc_column_text][\/vc_column][\/vc_row][vc_row][vc_column][vc_empty_space][\/vc_column][\/vc_row][vc_row][vc_column width=\u00a0\u00bb1\/2&Prime;][vc_column_text]Ce module explore la notion de la fragilisation, qui est un \u00e9tat de sant\u00e9 et de fonctions&#8230;<\/p>\n","protected":false},"author":95,"featured_media":0,"parent":1292,"menu_order":3,"comment_status":"closed","ping_status":"closed","template":"","meta":{"_acf_changed":false,"footnotes":""},"acf":[],"_links":{"self":[{"href":"https:\/\/www.cfn-nce.ca\/fr\/wp-json\/wp\/v2\/pages\/14414"}],"collection":[{"href":"https:\/\/www.cfn-nce.ca\/fr\/wp-json\/wp\/v2\/pages"}],"about":[{"href":"https:\/\/www.cfn-nce.ca\/fr\/wp-json\/wp\/v2\/types\/page"}],"author":[{"embeddable":true,"href":"https:\/\/www.cfn-nce.ca\/fr\/wp-json\/wp\/v2\/users\/95"}],"replies":[{"embeddable":true,"href":"https:\/\/www.cfn-nce.ca\/fr\/wp-json\/wp\/v2\/comments?post=14414"}],"version-history":[{"count":6,"href":"https:\/\/www.cfn-nce.ca\/fr\/wp-json\/wp\/v2\/pages\/14414\/revisions"}],"predecessor-version":[{"id":17177,"href":"https:\/\/www.cfn-nce.ca\/fr\/wp-json\/wp\/v2\/pages\/14414\/revisions\/17177"}],"up":[{"embeddable":true,"href":"https:\/\/www.cfn-nce.ca\/fr\/wp-json\/wp\/v2\/pages\/1292"}],"wp:attachment":[{"href":"https:\/\/www.cfn-nce.ca\/fr\/wp-json\/wp\/v2\/media?parent=14414"}],"curies":[{"name":"wp","href":"https:\/\/api.w.org\/{rel}","templated":true}]}}