{"id":14894,"date":"2022-03-03T16:35:57","date_gmt":"2022-03-03T21:35:57","guid":{"rendered":"https:\/\/www.cfn-nce.ca\/showcase-of-research-implementation-to-improve-the-lives-of-older-adults\/"},"modified":"2022-04-13T15:06:29","modified_gmt":"2022-04-13T19:06:29","slug":"showcase-of-research-implementation-to-improve-the-lives-of-older-adults","status":"publish","type":"page","link":"https:\/\/www.cfn-nce.ca\/fr\/showcase-of-research-implementation-to-improve-the-lives-of-older-adults\/","title":{"rendered":"Pr\u00e9sentation de la recherche et de la mise en oeuvre pour am\u00e9liorer la vie des a\u00een\u00e9s"},"content":{"rendered":"<div class=\"wpb-content-wrapper\"><p>[vc_row][vc_column width=\u00a0\u00bb2\/3&Prime;][vc_empty_space][vc_column_text]Le R\u00e9seau canadien de soins aux personnes fragilis\u00e9es, en partenariat avec la Fondation de la recherche en sant\u00e9 du Nouveau-Brunswick, est heureux de vous accueillir \u00e0 notre \u00e9v\u00e9nement \u2013 attendez-vous \u00e0 une journ\u00e9e pleine de pr\u00e9sentations, de kiosques et de r\u00e9seautage avec d\u2019autres participants qui sont aussi int\u00e9ress\u00e9s que vous \u00e0 am\u00e9liorer la vie des a\u00een\u00e9s!<\/p>\n<p>Nous pr\u00e9sentons la recherche novatrice et le transfert des connaissances au Nouveau-Brunswick aux citoyens dans cet \u00e9v\u00e9nement ax\u00e9 sur la communaut\u00e9. Apprenez-en davantage au sujet des services, produits, programmes, et plus auxquels vous pouvez avoir acc\u00e8s ou qui soutiennent la vie des a\u00een\u00e9s.[\/vc_column_text][\/vc_column][vc_column width=\u00a0\u00bb1\/3&Prime;][vc_single_image image=\u00a0\u00bb15044&Prime; img_size=\u00a0\u00bbmedium\u00a0\u00bb][\/vc_column][\/vc_row][vc_row][vc_column][vc_empty_space height=\u00a0\u00bb40px\u00a0\u00bb][vc_column_text]<span style=\"color: #000000;\"><strong>Quoi:<\/strong> Un pr\u00e9sentation <span style=\"color: #00aeef;\"><strong>gratuit<\/strong><\/span> de la recherche sur le vieillissement sain et des initiatives de mise<\/span><\/p>\n<p><span style=\"color: #000000;\"><strong>O\u00f9<\/strong><strong>:<\/strong> l\u2019h\u00f4tel Delta Fredericton au\u00a0Nouveau-Brunswick OU\u00a0<\/span>l\u2019option virtuelle (pr\u00e9sentations seulement)<\/p>\n<p><span style=\"color: #000000;\"><strong>Quand:<\/strong> le mercredi 11 mai 2022<\/span><\/p>\n<p><span style=\"color: #000000;\"><strong>Pourquoi:<\/strong>\u00a0Apprendrez davantage sur le travail novateur qui se d\u00e9roule au Nouveau-Brunswick et ailleurs au Canada qui a un v\u00e9ritable impact sur les communaut\u00e9s locales, et\u00a0obtenez des id\u00e9es qui peuvent \u00eatre mises \u00e0 l&rsquo;\u00e9chelle et diffus\u00e9es dans votre communaut\u00e9\u00a0!<\/span><\/p>\n<p><span style=\"color: #000000;\"><strong>Qui:<\/strong> Le R\u00e9seau canadien de soins aux personnes fragilis\u00e9es, <a href=\"https:\/\/nbhrf.com\/fr\/\" target=\"_blank\" rel=\"noopener\">la Fondation de la recherche en sant\u00e9 du Nouveau-Brunswick<\/a>, <a href=\"https:\/\/www2.gnb.ca\/content\/gnb\/fr\/ministeres\/developpement_social\/aines\/content\/aines_en_sante.html\" target=\"_blank\" rel=\"noopener\">Projet pilote sur les a\u00een\u00e9s en sant\u00e9<\/a>, <a href=\"https:\/\/www.nbcollab.ca\/?lang=fr\" target=\"_blank\" rel=\"noopener\">Collectif pour le vieillissement en sant\u00e9 et les soins<\/a><\/span>[\/vc_column_text][vc_column_text]<\/p>\n<p style=\"text-align: center;\"><span style=\"color: #000000;\">Les d\u00e9tails de l\u2019\u00e9v\u00e9nement et l<\/span>e programme se trouve\u00a0<a href=\"https:\/\/www.frailtyconference.ca\/?page_id=572\" target=\"_blank\" rel=\"nofollow noopener noreferrer\">ici.<\/a><\/p>\n<h2 class=\"entry-title\" style=\"text-align: center;\">Rejoignez-nous!<\/h2>\n<p style=\"text-align: center;\"><a class=\"btn-info\" href=\"https:\/\/www.eventbrite.ca\/e\/showcase-on-aging-presentation-sur-la-vieillissement-tickets-304280078907\" target=\"_blank\" rel=\"noopener\">Inscrivez-vous d\u00e8s aujourd\u2019hui<\/a><\/p>\n<p>&nbsp;<\/p>\n<p>[\/vc_column_text][\/vc_column][\/vc_row][vc_row][vc_column width=\u00a0\u00bb1\/2&Prime;][vc_empty_space][vc_single_image image=\u00a0\u00bb14835&Prime; img_size=\u00a0\u00bblarge\u00a0\u00bb alignment=\u00a0\u00bbcenter\u00a0\u00bb][\/vc_column][vc_column width=\u00a0\u00bb1\/2&Prime;][vc_single_image image=\u00a0\u00bb14846&Prime; img_size=\u00a0\u00bb1382&#215;600&Prime; alignment=\u00a0\u00bbcenter\u00a0\u00bb onclick=\u00a0\u00bbcustom_link\u00a0\u00bb img_link_target=\u00a0\u00bb_blank\u00a0\u00bb link=\u00a0\u00bbhttps:\/\/nbhrf.com\/fr\/\u00a0\u00bb][\/vc_column][\/vc_row][vc_row][vc_column width=\u00a0\u00bb1\/4&Prime;][\/vc_column][vc_column width=\u00a0\u00bb1\/4&Prime;][vc_single_image image=\u00a0\u00bb14837&Prime; img_size=\u00a0\u00bblarge\u00a0\u00bb onclick=\u00a0\u00bbcustom_link\u00a0\u00bb img_link_target=\u00a0\u00bb_blank\u00a0\u00bb link=\u00a0\u00bbhttps:\/\/www.unb.ca\/nbirdt\/mektu\/\u00a0\u00bb][\/vc_column][vc_column width=\u00a0\u00bb1\/4&Prime;][vc_single_image image=\u00a0\u00bb14839&Prime; img_size=\u00a0\u00bblarge\u00a0\u00bb alignment=\u00a0\u00bbright\u00a0\u00bb onclick=\u00a0\u00bbcustom_link\u00a0\u00bb img_link_target=\u00a0\u00bb_blank\u00a0\u00bb link=\u00a0\u00bbhttps:\/\/www.nbcollab.ca\/?lang=fr\u00a0\u00bb][\/vc_column][vc_column width=\u00a0\u00bb1\/4&Prime;][\/vc_column][\/vc_row][vc_row][vc_column][vc_empty_space][vc_column_text]<b>QUESTIONS<\/b><\/p>\n<p><span style=\"color: #000000;\">Si vous avez des questions, veuillez contacter RCSPF \u00e0<\/span>\u00a0<a href=\"mailto:info@cfn-nce.ca\">info@cfn-nce.ca<\/a>.[\/vc_column_text][\/vc_column][\/vc_row]<\/p>\n<\/div>","protected":false},"excerpt":{"rendered":"<p>[vc_row][vc_column width=\u00a0\u00bb2\/3&Prime;][vc_empty_space][vc_column_text]Le R\u00e9seau canadien de soins aux personnes fragilis\u00e9es, en partenariat avec la Fondation de la recherche en sant\u00e9 du Nouveau-Brunswick, est heureux de vous accueillir \u00e0 notre \u00e9v\u00e9nement \u2013 attendez-vous \u00e0 une journ\u00e9e pleine de pr\u00e9sentations, de kiosques et de r\u00e9seautage avec d\u2019autres participants qui sont aussi int\u00e9ress\u00e9s que vous \u00e0 am\u00e9liorer la vie&#8230;<\/p>\n","protected":false},"author":5,"featured_media":0,"parent":0,"menu_order":2,"comment_status":"closed","ping_status":"closed","template":"","meta":{"_acf_changed":false,"footnotes":""},"acf":[],"_links":{"self":[{"href":"https:\/\/www.cfn-nce.ca\/fr\/wp-json\/wp\/v2\/pages\/14894"}],"collection":[{"href":"https:\/\/www.cfn-nce.ca\/fr\/wp-json\/wp\/v2\/pages"}],"about":[{"href":"https:\/\/www.cfn-nce.ca\/fr\/wp-json\/wp\/v2\/types\/page"}],"author":[{"embeddable":true,"href":"https:\/\/www.cfn-nce.ca\/fr\/wp-json\/wp\/v2\/users\/5"}],"replies":[{"embeddable":true,"href":"https:\/\/www.cfn-nce.ca\/fr\/wp-json\/wp\/v2\/comments?post=14894"}],"version-history":[{"count":16,"href":"https:\/\/www.cfn-nce.ca\/fr\/wp-json\/wp\/v2\/pages\/14894\/revisions"}],"predecessor-version":[{"id":15078,"href":"https:\/\/www.cfn-nce.ca\/fr\/wp-json\/wp\/v2\/pages\/14894\/revisions\/15078"}],"wp:attachment":[{"href":"https:\/\/www.cfn-nce.ca\/fr\/wp-json\/wp\/v2\/media?parent=14894"}],"curies":[{"name":"wp","href":"https:\/\/api.w.org\/{rel}","templated":true}]}}