{"id":16078,"date":"2022-12-16T13:02:56","date_gmt":"2022-12-16T18:02:56","guid":{"rendered":"https:\/\/www.cfn-nce.ca\/?page_id=16078"},"modified":"2022-12-16T13:39:03","modified_gmt":"2022-12-16T18:39:03","slug":"vieillir-en-sante-canada","status":"publish","type":"page","link":"https:\/\/www.cfn-nce.ca\/fr\/improving-evidence-through-research-and-kt\/vieillir-en-sante-canada\/","title":{"rendered":"Vieillir en sant\u00e9 Canada"},"content":{"rendered":"<div class=\"wpb-content-wrapper\"><p>[vc_row][vc_column][vc_single_image image=\u00a0\u00bb16048&Prime; img_size=\u00a0\u00bbfull\u00a0\u00bb][\/vc_column][\/vc_row][vc_row][vc_column][vc_empty_space][vc_column_text]<\/p>\n<h2><span style=\"color: #c00000;\"><strong>Bienvenue \u00e0 Vieillir en sant\u00e9 Canada<\/strong><\/span><\/h2>\n<p>Vieillir en sant\u00e9 Canada est une nouvelle collaboration en mati\u00e8re de recherche qui tire parti de l\u2019expertise et de l\u2019infrastructure d\u2019AGE-WELL et le R\u00e9seau canadien des soins aux personnes fragilis\u00e9es (RCSPF) pour mener des recherches sociales, technologiques et en soins de sant\u00e9 fond\u00e9es sur des donn\u00e9es probantes qui am\u00e9lioreront l\u2019exp\u00e9rience du vieillissement en sant\u00e9 des Canadiens \u00e2g\u00e9s et de leurs partenaires de soins.<\/p>\n<p>Pour devenir un chef de file mondial de la recherche sur le vieillissement en sant\u00e9, nous devons b\u00e2tir un \u00e9cosyst\u00e8me d\u2019innovation de calibre mondial sur le vieillissement. Notre \u00e9cosyst\u00e8me repose sur trois piliers\u00a0: le renforcement des capacit\u00e9s (<a href=\"https:\/\/agewell-epic.ca\/fr\/accueil\/\" target=\"_blank\" rel=\"noopener\">EPIC-AT<\/a>), l\u2019adoption de technologies (<a href=\"https:\/\/envis-age.ca\/\" target=\"_blank\" rel=\"noopener\">envisAGE<\/a>) et la recherche. Aucun pilier \u00e0 lui seul ne peut tout accomplir. Le programme Vieillir en sant\u00e9 Canada constitue le pilier de recherche essentiel d\u2019un \u00e9cosyst\u00e8me pour la recherche et l\u2019innovation sur le vieillissement tout au long de la vie des personnes \u00e2g\u00e9es, du vieillissement en sant\u00e9 avec des limites minimales jusqu\u2019aux soins en fin de vie. Le programme Vieillir en sant\u00e9 Canada vise \u00e0 faire en sorte que la recherche de pointe continue d\u2019alimenter le processus d\u2019innovation, afin qu\u2019il ne s\u2019\u00e9puise pas.<\/p>\n<p>Le programme Vieillir en sant\u00e9 Canada combine l\u2019accent mis par AGE-WELL sur l\u2019\u00e9laboration et la validation de solutions technologiques pour la vie quotidienne et la prestation de soins dans tous les contextes avec l\u2019accent mis par le RCSPF sur la recherche clinique, la pratique et les changements de comportement dans l\u2019ensemble de la collectivit\u00e9, les soins de longue dur\u00e9e, les soins palliatifs, et les \u00e9tablissements de soins de fin de vie.<\/p>\n<p>La collaboration en recherche de Vieillir en sant\u00e9 Canada r\u00e9pond au besoin urgent de moderniser l\u2019approche du Canada \u00e0 l\u2019\u00e9gard du vieillissement, car le pays est sur le point d\u2019\u00eatre consid\u00e9r\u00e9 comme \u00ab tr\u00e8s \u00e2g\u00e9 \u00bb d\u2019ici 2035, avec un Canadien sur quatre \u00e2g\u00e9 de 65 ans et plus.[\/vc_column_text][\/vc_column][\/vc_row][vc_row][vc_column][vc_empty_space][vc_column_text]<\/p>\n<h3><span style=\"color: #c00000;\">AGE-WELL et le R\u00e9seau canadien des soins aux personnes fragilis\u00e9es occupent une position de choix pour offrir des solutions efficaces qui aident les Canadiens \u00e2g\u00e9s et leurs partenaires de soins\u00a0<\/span><\/h3>\n<p>Au cours de la derni\u00e8re d\u00e9cennie, AGE-WELL et le RCSPF dirigent chacun des r\u00e9seaux de recherche nationaux dont la mission est de soutenir le vieillissement en sant\u00e9 chez les adultes \u00e2g\u00e9s et les partenaires de soins.<\/p>\n<p>Cette nouvelle collaboration n\u2019est pas une fusion; c\u2019est une solution cl\u00e9 en main qui tire parti des forces et des atouts de nos deux r\u00e9seaux tr\u00e8s performants. Par cons\u00e9quent, Vieillir en sant\u00e9 Canada se mettra \u00e0 la t\u00e2che pour diriger la recherche sur l\u2019innovation en mati\u00e8re de vieillissement en sant\u00e9.<\/p>\n<p>Dans nos efforts de pr\u00e9paration de ce nouveau projet collaboratif de recherche, AGE-WELL et le RCSPF ont publi\u00e9 une demande de propositions pour des projets de recherche ax\u00e9s sur le vieillissement en sant\u00e9 dans le cadre de la nouvelle initiative Vieillir en sant\u00e9 Canada.\u00a0<a href=\"https:\/\/agewell-nce.ca\/fr\/programme-de-financement-catalyst-pour-le-vieillissement-en-sante\" target=\"_blank\" rel=\"noopener\">En savoir plus sur la demande de propositions<\/a>.[\/vc_column_text][vc_single_image image=\u00a0\u00bb16056&Prime; img_size=\u00a0\u00bbfull\u00a0\u00bb][vc_column_text]<\/p>\n<h3><span style=\"color: #c00000;\">Regard vers l\u2019avenir<\/span><\/h3>\n<p>Nous demandons des fonds du <a href=\"https:\/\/ised-isde.canada.ca\/site\/fonds-strategique-sciences\/fr\" target=\"_blank\" rel=\"noopener\">Fonds strat\u00e9gique pour les sciences<\/a>, administr\u00e9 conjointement par <a href=\"https:\/\/ised-isde.canada.ca\/site\/isde\/fr\" target=\"_blank\" rel=\"noopener\">Innovation, Sciences et D\u00e9veloppement \u00e9conomique Canada<\/a> et <a href=\"https:\/\/www.canada.ca\/fr\/sante-canada.html\" target=\"_blank\" rel=\"noopener\">Sant\u00e9 Canada<\/a>, pour appuyer cette initiative de recherche pancanadienne.<\/p>\n<h3><span style=\"color: #c00000;\">En savoir plus<\/span><\/h3>\n<p><a href=\"https:\/\/agewell-nce.ca\/wp-content\/uploads\/2022\/12\/Vieillir-en-sante\u0301-Canada-One-Pager-FR.pdf\" target=\"_blank\" rel=\"noopener\">Infographique Vieillir en sant\u00e9 Canada<\/a><\/p>\n<p><a href=\"https:\/\/agewell-nce.ca\/wp-content\/uploads\/2022\/11\/AGEWELL_FRE_AR2022_nov28_ONLINE_RGB_spreads-with-links.pdf\" target=\"_blank\" rel=\"noopener\">Rapport annuel d\u2019AGE-WELL 2021-22<\/a>[\/vc_column_text][\/vc_column][\/vc_row]<\/p>\n<\/div>","protected":false},"excerpt":{"rendered":"<p>[vc_row][vc_column][vc_single_image image=\u00a0\u00bb16048&Prime; img_size=\u00a0\u00bbfull\u00a0\u00bb][\/vc_column][\/vc_row][vc_row][vc_column][vc_empty_space][vc_column_text] Bienvenue \u00e0 Vieillir en sant\u00e9 Canada Vieillir en sant\u00e9 Canada est une nouvelle collaboration en mati\u00e8re de recherche qui tire parti de l\u2019expertise et de l\u2019infrastructure d\u2019AGE-WELL et le R\u00e9seau canadien des soins aux personnes fragilis\u00e9es (RCSPF) pour mener des recherches sociales, technologiques et en soins de sant\u00e9 fond\u00e9es sur des donn\u00e9es&#8230;<\/p>\n","protected":false},"author":5,"featured_media":0,"parent":1273,"menu_order":0,"comment_status":"closed","ping_status":"closed","template":"","meta":{"_acf_changed":false,"footnotes":""},"acf":[],"_links":{"self":[{"href":"https:\/\/www.cfn-nce.ca\/fr\/wp-json\/wp\/v2\/pages\/16078"}],"collection":[{"href":"https:\/\/www.cfn-nce.ca\/fr\/wp-json\/wp\/v2\/pages"}],"about":[{"href":"https:\/\/www.cfn-nce.ca\/fr\/wp-json\/wp\/v2\/types\/page"}],"author":[{"embeddable":true,"href":"https:\/\/www.cfn-nce.ca\/fr\/wp-json\/wp\/v2\/users\/5"}],"replies":[{"embeddable":true,"href":"https:\/\/www.cfn-nce.ca\/fr\/wp-json\/wp\/v2\/comments?post=16078"}],"version-history":[{"count":3,"href":"https:\/\/www.cfn-nce.ca\/fr\/wp-json\/wp\/v2\/pages\/16078\/revisions"}],"predecessor-version":[{"id":16082,"href":"https:\/\/www.cfn-nce.ca\/fr\/wp-json\/wp\/v2\/pages\/16078\/revisions\/16082"}],"up":[{"embeddable":true,"href":"https:\/\/www.cfn-nce.ca\/fr\/wp-json\/wp\/v2\/pages\/1273"}],"wp:attachment":[{"href":"https:\/\/www.cfn-nce.ca\/fr\/wp-json\/wp\/v2\/media?parent=16078"}],"curies":[{"name":"wp","href":"https:\/\/api.w.org\/{rel}","templated":true}]}}